{"id":245,"date":"2024-02-08T06:02:10","date_gmt":"2024-02-08T06:02:10","guid":{"rendered":"https:\/\/bdlayoutspack.com\/breakdance-digital-agency-layouts-pack\/?page_id=245"},"modified":"2025-04-21T15:30:47","modified_gmt":"2025-04-21T20:30:47","slug":"contactanos","status":"publish","type":"page","link":"https:\/\/nobacom.net\/pwe0039-agencia-digital-layoutpack\/contactanos\/","title":{"rendered":"Cont\u00e1ctanos"},"content":{"rendered":"<section class=\"bde-section-245-100 bde-section\">\n              \n  \n\t\n\n  <div class=\"section-background-overlay\"><\/div>\n\n\n<div class=\"section-container\"><div class=\"bde-div-245-101 bde-div\" data-entrance=\"slideUp\">\n  \n\t\n\n\n\n<div class=\"bde-columns-245-102 bde-columns\"><div class=\"bde-column-245-103 bde-column\">\n  \n\t\n\n\n\n<h1 class=\"bde-heading-245-104 bde-heading\">\nCont\u00e1ctanos\n<\/h1><div class=\"bde-div-245-105 bde-div\">\n  \n\t\n\n\n\n<div class=\"bde-button-245-106 bde-button\">\n    \n                                    \n    \n    \n    \n    \n            \n                    \n            \n            \n\n    \n    \n    \n    \n    \n    <a class=\"breakdance-link button-atom button-atom--custom bde-button__button\" href=\"https:\/\/nobacom.net\/pwe0039-agencia-digital-layoutpack\" target=\"_self\" data-type=\"url\"  >\n\n    \n        <span class=\"button-atom__text\">Inicio<\/span>\n\n                            \n        \n                <\/a>\n\n    \n\n\n<\/div><div class=\"bde-button-245-107 bde-button\">\n    \n                                    \n    \n    \n    \n    \n            \n            <button type=\"button\" class=\"button-atom button-atom--custom bde-button__button\"  >\n    \n        <span class=\"button-atom__text\">Cont\u00e1ctanos<\/span>\n\n                            \n        \n            <\/button>\n    \n\n\n<\/div>\n<\/div>\n<\/div><\/div>\n<\/div><\/div>\n<\/section><section class=\"bde-section-245-108 bde-section\">\n  \n\t\n\n\n\n<div class=\"section-container\"><div class=\"bde-div-245-109 bde-div\" data-entrance=\"slideUp\">\n  \n\t\n\n\n\n<div class=\"bde-columns-245-110 bde-columns\"><div class=\"bde-column-245-111 bde-column\">\n  \n\t\n\n\n\n<div class=\"bde-div-245-119 bde-div\">\n  \n\t\n\n\n\n<div class=\"bde-icon-245-118 bde-icon\">\n\n    \n            <div class=\"bde-icon-icon breakdance-icon-atom\" >\n    \n                    <svg xmlns=\"http:\/\/www.w3.org\/2000\/svg\" id=\"icon-mail2\" viewBox=\"0 0 32 32\">\n<path d=\"M26.667 0h-21.333c-2.934 0-5.334 2.4-5.334 5.334v21.332c0 2.936 2.4 5.334 5.334 5.334h21.333c2.934 0 5.333-2.398 5.333-5.334v-21.332c0-2.934-2.399-5.334-5.333-5.334zM26.667 4c0.25 0 0.486 0.073 0.688 0.198l-11.355 9.388-11.355-9.387c0.202-0.125 0.439-0.198 0.689-0.198h21.333zM5.334 28c-0.060 0-0.119-0.005-0.178-0.013l7.051-9.78-0.914-0.914-7.293 7.293v-19.098l12 14.512 12-14.512v19.098l-7.293-7.293-0.914 0.914 7.051 9.78c-0.058 0.008-0.117 0.013-0.177 0.013h-21.333z\"\/>\n<\/svg>\n        \n        \n        \n            <\/div>\n    \n\n\n<\/div><div class=\"bde-div-245-117 bde-div\">\n  \n\t\n\n\n\n<h4 class=\"bde-heading-245-115 bde-heading\">\nCorreos\n<\/h4><div class=\"bde-text-245-116 bde-text\">\ninfo@nobacom.com<br>info@nobacom.com\n<\/div>\n<\/div>\n<\/div><div class=\"bde-div-245-120 bde-div\">\n  \n\t\n\n\n\n<div class=\"bde-icon-245-121 bde-icon\">\n\n    \n            <div class=\"bde-icon-icon breakdance-icon-atom\" >\n    \n                    <svg xmlns=\"http:\/\/www.w3.org\/2000\/svg\" id=\"icon-location\" viewBox=\"0 0 32 32\">\n<path d=\"M16 0c-5.523 0-10 4.477-10 10 0 10 10 22 10 22s10-12 10-22c0-5.523-4.477-10-10-10zM16 16c-3.314 0-6-2.686-6-6s2.686-6 6-6 6 2.686 6 6-2.686 6-6 6z\"\/>\n<\/svg>\n        \n        \n        \n            <\/div>\n    \n\n\n<\/div><div class=\"bde-div-245-122 bde-div\">\n  \n\t\n\n\n\n<h4 class=\"bde-heading-245-123 bde-heading\">\nDirecci\u00f3n\n<\/h4><div class=\"bde-text-245-124 bde-text\">\nCalle 103 # 34 - 21 Bogot\u00e1<br>Calle 103 # 34 - 21 Cali\n<\/div>\n<\/div>\n<\/div><div class=\"bde-div-245-125 bde-div\">\n  \n\t\n\n\n\n<div class=\"bde-icon-245-126 bde-icon\">\n\n    \n            <div class=\"bde-icon-icon breakdance-icon-atom\" >\n    \n                    <svg xmlns=\"http:\/\/www.w3.org\/2000\/svg\" id=\"icon-phone\" viewBox=\"0 0 32 32\">\n<path d=\"M22 20c-2 2-2 4-4 4s-4-2-6-4-4-4-4-6 2-2 4-4-4-8-6-8-6 6-6 6c0 4 4.109 12.109 8 16s12 8 16 8c0 0 6-4 6-6s-6-8-8-6z\"\/>\n<\/svg>\n        \n        \n        \n            <\/div>\n    \n\n\n<\/div><div class=\"bde-div-245-127 bde-div\">\n  \n\t\n\n\n\n<h4 class=\"bde-heading-245-128 bde-heading\">\nTel\u00e9fonos\n<\/h4><div class=\"bde-text-245-129 bde-text\">\n314 314 1496<br>314 314 1496\n<\/div>\n<\/div>\n<\/div>\n<\/div><div class=\"bde-column-245-112 bde-column\">\n  \n\t\n\n\n\n<div class=\"bde-code-block-245-114 bde-code-block\">\n\n  <div style=\"max-width:100%;list-style:none; transition: none;overflow:hidden;width:100%;height:100%;\"><div id=\"g-mapdisplay\" style=\"height:100%; width:100%;max-width:100%;\"><iframe style=\"height:100%;width:100%;border:0;\" frameborder=\"0\" src=\"https:\/\/www.google.com\/maps\/embed?pb=!1m18!1m12!1m3!1d3976.474158898761!2d-74.04861772411823!3d4.687354841771256!2m3!1f0!2f0!3f0!3m2!1i1024!2i768!4f13.1!3m3!1m2!1s0x8e3f9abdbfa5b18d%3A0x4e607c0e1c097d1a!2zQ2wuIDEwMyAjIDE0LTM0LCBVc2FxdcOpbiwgQm9nb3TDoSwgRC5DLiwgQm9nb3TDoSwgQm9nb3TDoSwgRC5DLg!5e0!3m2!1ses!2sco!4v1743006105779!5m2!1ses!2sco\"><\/iframe><\/div><a class=\"googlecoder\" rel=\"nofollow\" href=\"https:\/\/www.bootstrapskins.com\/themes\" id=\"get-data-for-embed-map\">premium bootstrap themes<\/a><style>#g-mapdisplay img.text-marker{max-width:none!important;background:none!important;}img{max-width:none}<\/style><\/div>\n\n\n<\/div>\n<\/div><\/div>\n<\/div><\/div>\n<\/section><section class=\"bde-section-245-130 bde-section\">\n  \n\t\n\n\n\n<div class=\"section-container\"><div class=\"bde-div-245-131 bde-div\" data-entrance=\"slideUp\">\n  \n\t\n\n\n\n<div class=\"bde-columns-245-132 bde-columns\"><div class=\"bde-column-245-133 bde-column\">\n  \n\t\n\n\n\n<div class=\"bde-icon-list-245-134 bde-icon-list\">\n<ul>\n  \n              \n    <li>\n              <div class='bde-icon-list__item-wrapper'>\n      \n      <span class='bde-icon-list__icon'>\n        <svg xmlns=\"http:\/\/www.w3.org\/2000\/svg\" viewBox=\"0 0 512 512\"><!-- Font Awesome Free 5.15.1 by @fontawesome - https:\/\/fontawesome.com License - https:\/\/fontawesome.com\/license\/free (Icons: CC BY 4.0, Fonts: SIL OFL 1.1, Code: MIT License) --><path d=\"M478.21 334.093L336 256l142.21-78.093c11.795-6.477 15.961-21.384 9.232-33.037l-19.48-33.741c-6.728-11.653-21.72-15.499-33.227-8.523L296 186.718l3.475-162.204C299.763 11.061 288.937 0 275.48 0h-38.96c-13.456 0-24.283 11.061-23.994 24.514L216 186.718 77.265 102.607c-11.506-6.976-26.499-3.13-33.227 8.523l-19.48 33.741c-6.728 11.653-2.562 26.56 9.233 33.037L176 256 33.79 334.093c-11.795 6.477-15.961 21.384-9.232 33.037l19.48 33.741c6.728 11.653 21.721 15.499 33.227 8.523L216 325.282l-3.475 162.204C212.237 500.939 223.064 512 236.52 512h38.961c13.456 0 24.283-11.061 23.995-24.514L296 325.282l138.735 84.111c11.506 6.976 26.499 3.13 33.227-8.523l19.48-33.741c6.728-11.653 2.563-26.559-9.232-33.036z\"\/><\/svg>\n      <\/span>\n      <span class='bde-icon-list__text' >\n      Obt\u00e9n resultados al instante\n      <\/span>\n              <\/div>\n      \n    <\/li>\n\n  <\/ul>\n\n<\/div><h3 class=\"bde-dual-heading-245-135 bde-dual-heading\">\n\n\n            <span data-style=\"primary\" class=\"dual-heading--primary  \">Rellena <\/span>\n\n            <span data-style=\"secondary\" class=\"dual-heading--secondary  \">este <\/span>\n\n            <span data-style=\"primary\" class=\"dual-heading--primary  \">formulario <\/span>\n\n\n\n<\/h3><div class=\"bde-form-builder-245-138 bde-form-builder\">\n\n\n<form id=\"contact-form138\" class=\"breakdance-form breakdance-form--vertical \" data-options=\"{&quot;slug&quot;:&quot;custom&quot;,&quot;name&quot;:&quot;Contact Form&quot;,&quot;ajaxUrl&quot;:&quot;https:\\\/\\\/nobacom.net\\\/pwe0039-agencia-digital-layoutpack\\\/wp-admin\\\/admin-ajax.php&quot;,&quot;clearOnSuccess&quot;:true,&quot;hideOnSuccess&quot;:false,&quot;successMessage&quot;:&quot;\\u00a1Tu mensaje ha sido recibido!&quot;,&quot;errorMessage&quot;:&quot;Algo sali\\u00f3 mal&quot;,&quot;redirect&quot;:false,&quot;redirectUrl&quot;:&quot;&quot;,&quot;customJavaScript&quot;:&quot;&quot;,&quot;recaptcha&quot;:{&quot;key&quot;:&quot;&quot;,&quot;enabled&quot;:false},&quot;honeypot_enabled&quot;:false,&quot;popupsOnSuccess&quot;:[],&quot;popupsOnError&quot;:[]}\" data-steps=\"0\" >\n  \n  \n  \n<div class=\"breakdance-form-field breakdance-form-field--text\" >\n    \n    \n    \n    <input\n    class=\"breakdance-form-field__input\"\n    id=\"name\"\n    aria-describedby=\"name\"\n    type=\"text\"\n    name=\"fields[name]\"\n    placeholder=\"Nombre completo\"\n    value=\"\"\n                \n        \n        \n    required\n    \n    \n>\n\n\n    \n    \n<\/div>\n\n\n<div class=\"breakdance-form-field breakdance-form-field--email\" >\n    \n    \n    \n    <input\n    class=\"breakdance-form-field__input\"\n    id=\"email\"\n    aria-describedby=\"email\"\n    type=\"email\"\n    name=\"fields[email]\"\n    placeholder=\"Correo el{ectronico\"\n    value=\"\"\n                \n        \n        \n    required\n    \n    \n>\n\n\n    \n    \n<\/div>\n\n\n<div class=\"breakdance-form-field breakdance-form-field--tel\" >\n    \n    \n    \n    <input\n    class=\"breakdance-form-field__input\"\n    id=\"gaylez\"\n    aria-describedby=\"gaylez\"\n    type=\"tel\"\n    name=\"fields[gaylez]\"\n    placeholder=\"N\u00famero de tel\u00e9fono\"\n    value=\"\"\n                \n        \n        \n    \n    \n    \n>\n\n\n    \n    \n<\/div>\n\n\n<div class=\"breakdance-form-field breakdance-form-field--url\" >\n    \n    \n    \n    <input\n    class=\"breakdance-form-field__input\"\n    id=\"skjqrs\"\n    aria-describedby=\"skjqrs\"\n    type=\"url\"\n    name=\"fields[skjqrs]\"\n    placeholder=\"Tu sitio web\"\n    value=\"\"\n                \n        \n        \n    \n    \n    \n>\n\n\n    \n    \n<\/div>\n\n\n<div class=\"breakdance-form-field breakdance-form-field--textarea\" >\n    \n    \n    \n    <textarea\n    class=\"breakdance-form-field__input\"\n    id=\"message\"\n    aria-describedby=\"message\"\n    type=\"textarea\"\n    name=\"fields[message]\"\n        placeholder=\"Mensaje\"\n    required\n    >\n<\/textarea>\n\n\n    \n    \n<\/div>\n\n\n  \n\n<div class=\"breakdance-form-field breakdance-form-footer\">\n    \n    \n                                    \n    \n    \n    \n    \n            \n            <button type=\"submit\" class=\"button-atom button-atom--primary breakdance-form-button breakdance-form-button__submit\"  >\n    \n        <span class=\"button-atom__text\">Enviar<\/span>\n\n        \n        \n            <\/button>\n    \n    <input type=\"hidden\" name=\"form_id\" value=\"138\">\n    <input type=\"hidden\" name=\"post_id\" value=\"245\">\n<\/div>\n\n  \n<\/form>\n\n\n\n<\/div>\n<\/div><div class=\"bde-column-245-137 bde-column\">\n  \n\t\n\n\n\n\n<\/div><\/div>\n<\/div><\/div>\n<\/section>","protected":false},"excerpt":{"rendered":"<p>Cont\u00e1ctanos Inicio Cont\u00e1ctanos Correos info@nobacom.cominfo@nobacom.com Direcci\u00f3n Calle 103 # 34 &#8211; 21 Bogot\u00e1Calle 103 # 34 &#8211; 21 Cali Tel\u00e9fonos 314 314 1496314 314 1496 premium bootstrap themes Obt\u00e9n resultados al instante Rellena este formulario Enviar<\/p>\n","protected":false},"author":1,"featured_media":0,"parent":0,"menu_order":0,"comment_status":"closed","ping_status":"closed","template":"","meta":{"_breakdance_hide_in_design_set":false,"_breakdance_tags":"","_joinchat":[],"footnotes":""},"class_list":["post-245","page","type-page","status-publish","hentry"],"yoast_head":"<!-- This site is optimized with the Yoast SEO plugin v24.7 - https:\/\/yoast.com\/wordpress\/plugins\/seo\/ -->\n<title>Cont\u00e1ctanos - pwe0039-agencia-digital-layoutpack<\/title>\n<meta name=\"robots\" content=\"noindex, follow, max-snippet:-1, max-image-preview:large, max-video-preview:-1\" \/>\n<meta property=\"og:locale\" content=\"es_ES\" \/>\n<meta property=\"og:type\" content=\"article\" \/>\n<meta property=\"og:title\" content=\"Cont\u00e1ctanos - pwe0039-agencia-digital-layoutpack\" \/>\n<meta property=\"og:description\" content=\"Cont\u00e1ctanos Inicio Cont\u00e1ctanos Correos info@nobacom.cominfo@nobacom.com Direcci\u00f3n Calle 103 # 34 - 21 Bogot\u00e1Calle 103 # 34 - 21 Cali Tel\u00e9fonos 314 314 1496314 314 1496 premium bootstrap themes Obt\u00e9n resultados al instante Rellena este formulario Enviar\" \/>\n<meta property=\"og:url\" content=\"https:\/\/nobacom.net\/pwe0039-agencia-digital-layoutpack\/contactanos\/\" \/>\n<meta property=\"og:site_name\" content=\"pwe0039-agencia-digital-layoutpack\" \/>\n<meta property=\"article:publisher\" content=\"https:\/\/www.facebook.com\/nobacomdigital\" \/>\n<meta property=\"article:modified_time\" content=\"2025-04-21T20:30:47+00:00\" \/>\n<meta name=\"twitter:card\" content=\"summary_large_image\" \/>\n<script type=\"application\/ld+json\" class=\"yoast-schema-graph\">{\"@context\":\"https:\/\/schema.org\",\"@graph\":[{\"@type\":\"WebPage\",\"@id\":\"https:\/\/nobacom.net\/pwe0039-agencia-digital-layoutpack\/contactanos\/\",\"url\":\"https:\/\/nobacom.net\/pwe0039-agencia-digital-layoutpack\/contactanos\/\",\"name\":\"Cont\u00e1ctanos - pwe0039-agencia-digital-layoutpack\",\"isPartOf\":{\"@id\":\"https:\/\/nobacom.net\/pwe0039-agencia-digital-layoutpack\/#website\"},\"datePublished\":\"2024-02-08T06:02:10+00:00\",\"dateModified\":\"2025-04-21T20:30:47+00:00\",\"breadcrumb\":{\"@id\":\"https:\/\/nobacom.net\/pwe0039-agencia-digital-layoutpack\/contactanos\/#breadcrumb\"},\"inLanguage\":\"es\",\"potentialAction\":[{\"@type\":\"ReadAction\",\"target\":[\"https:\/\/nobacom.net\/pwe0039-agencia-digital-layoutpack\/contactanos\/\"]}]},{\"@type\":\"BreadcrumbList\",\"@id\":\"https:\/\/nobacom.net\/pwe0039-agencia-digital-layoutpack\/contactanos\/#breadcrumb\",\"itemListElement\":[{\"@type\":\"ListItem\",\"position\":1,\"name\":\"Portada\",\"item\":\"https:\/\/nobacom.net\/pwe0039-agencia-digital-layoutpack\/\"},{\"@type\":\"ListItem\",\"position\":2,\"name\":\"Cont\u00e1ctanos\"}]},{\"@type\":\"WebSite\",\"@id\":\"https:\/\/nobacom.net\/pwe0039-agencia-digital-layoutpack\/#website\",\"url\":\"https:\/\/nobacom.net\/pwe0039-agencia-digital-layoutpack\/\",\"name\":\"Wordpress Nobacom Base\",\"description\":\"\",\"publisher\":{\"@id\":\"https:\/\/nobacom.net\/pwe0039-agencia-digital-layoutpack\/#organization\"},\"potentialAction\":[{\"@type\":\"SearchAction\",\"target\":{\"@type\":\"EntryPoint\",\"urlTemplate\":\"https:\/\/nobacom.net\/pwe0039-agencia-digital-layoutpack\/?s={search_term_string}\"},\"query-input\":{\"@type\":\"PropertyValueSpecification\",\"valueRequired\":true,\"valueName\":\"search_term_string\"}}],\"inLanguage\":\"es\"},{\"@type\":\"Organization\",\"@id\":\"https:\/\/nobacom.net\/pwe0039-agencia-digital-layoutpack\/#organization\",\"name\":\"Wordpress Nobacom Base\",\"url\":\"https:\/\/nobacom.net\/pwe0039-agencia-digital-layoutpack\/\",\"logo\":{\"@type\":\"ImageObject\",\"inLanguage\":\"es\",\"@id\":\"https:\/\/nobacom.net\/pwe0039-agencia-digital-layoutpack\/#\/schema\/logo\/image\/\",\"url\":\"https:\/\/nobacom.net\/pwe0039-agencia-digital-layoutpack\/wp-content\/uploads\/2024\/12\/Logo-Nobacom-fondo-blanco-negro.png\",\"contentUrl\":\"https:\/\/nobacom.net\/pwe0039-agencia-digital-layoutpack\/wp-content\/uploads\/2024\/12\/Logo-Nobacom-fondo-blanco-negro.png\",\"width\":1103,\"height\":835,\"caption\":\"Wordpress Nobacom Base\"},\"image\":{\"@id\":\"https:\/\/nobacom.net\/pwe0039-agencia-digital-layoutpack\/#\/schema\/logo\/image\/\"},\"sameAs\":[\"https:\/\/www.facebook.com\/nobacomdigital\"]}]}<\/script>\n<!-- \/ Yoast SEO plugin. -->","yoast_head_json":{"title":"Cont\u00e1ctanos - pwe0039-agencia-digital-layoutpack","robots":{"index":"noindex","follow":"follow","max-snippet":"max-snippet:-1","max-image-preview":"max-image-preview:large","max-video-preview":"max-video-preview:-1"},"og_locale":"es_ES","og_type":"article","og_title":"Cont\u00e1ctanos - pwe0039-agencia-digital-layoutpack","og_description":"Cont\u00e1ctanos Inicio Cont\u00e1ctanos Correos info@nobacom.cominfo@nobacom.com Direcci\u00f3n Calle 103 # 34 - 21 Bogot\u00e1Calle 103 # 34 - 21 Cali Tel\u00e9fonos 314 314 1496314 314 1496 premium bootstrap themes Obt\u00e9n resultados al instante Rellena este formulario Enviar","og_url":"https:\/\/nobacom.net\/pwe0039-agencia-digital-layoutpack\/contactanos\/","og_site_name":"pwe0039-agencia-digital-layoutpack","article_publisher":"https:\/\/www.facebook.com\/nobacomdigital","article_modified_time":"2025-04-21T20:30:47+00:00","twitter_card":"summary_large_image","schema":{"@context":"https:\/\/schema.org","@graph":[{"@type":"WebPage","@id":"https:\/\/nobacom.net\/pwe0039-agencia-digital-layoutpack\/contactanos\/","url":"https:\/\/nobacom.net\/pwe0039-agencia-digital-layoutpack\/contactanos\/","name":"Cont\u00e1ctanos - pwe0039-agencia-digital-layoutpack","isPartOf":{"@id":"https:\/\/nobacom.net\/pwe0039-agencia-digital-layoutpack\/#website"},"datePublished":"2024-02-08T06:02:10+00:00","dateModified":"2025-04-21T20:30:47+00:00","breadcrumb":{"@id":"https:\/\/nobacom.net\/pwe0039-agencia-digital-layoutpack\/contactanos\/#breadcrumb"},"inLanguage":"es","potentialAction":[{"@type":"ReadAction","target":["https:\/\/nobacom.net\/pwe0039-agencia-digital-layoutpack\/contactanos\/"]}]},{"@type":"BreadcrumbList","@id":"https:\/\/nobacom.net\/pwe0039-agencia-digital-layoutpack\/contactanos\/#breadcrumb","itemListElement":[{"@type":"ListItem","position":1,"name":"Portada","item":"https:\/\/nobacom.net\/pwe0039-agencia-digital-layoutpack\/"},{"@type":"ListItem","position":2,"name":"Cont\u00e1ctanos"}]},{"@type":"WebSite","@id":"https:\/\/nobacom.net\/pwe0039-agencia-digital-layoutpack\/#website","url":"https:\/\/nobacom.net\/pwe0039-agencia-digital-layoutpack\/","name":"Wordpress Nobacom Base","description":"","publisher":{"@id":"https:\/\/nobacom.net\/pwe0039-agencia-digital-layoutpack\/#organization"},"potentialAction":[{"@type":"SearchAction","target":{"@type":"EntryPoint","urlTemplate":"https:\/\/nobacom.net\/pwe0039-agencia-digital-layoutpack\/?s={search_term_string}"},"query-input":{"@type":"PropertyValueSpecification","valueRequired":true,"valueName":"search_term_string"}}],"inLanguage":"es"},{"@type":"Organization","@id":"https:\/\/nobacom.net\/pwe0039-agencia-digital-layoutpack\/#organization","name":"Wordpress Nobacom Base","url":"https:\/\/nobacom.net\/pwe0039-agencia-digital-layoutpack\/","logo":{"@type":"ImageObject","inLanguage":"es","@id":"https:\/\/nobacom.net\/pwe0039-agencia-digital-layoutpack\/#\/schema\/logo\/image\/","url":"https:\/\/nobacom.net\/pwe0039-agencia-digital-layoutpack\/wp-content\/uploads\/2024\/12\/Logo-Nobacom-fondo-blanco-negro.png","contentUrl":"https:\/\/nobacom.net\/pwe0039-agencia-digital-layoutpack\/wp-content\/uploads\/2024\/12\/Logo-Nobacom-fondo-blanco-negro.png","width":1103,"height":835,"caption":"Wordpress Nobacom Base"},"image":{"@id":"https:\/\/nobacom.net\/pwe0039-agencia-digital-layoutpack\/#\/schema\/logo\/image\/"},"sameAs":["https:\/\/www.facebook.com\/nobacomdigital"]}]}},"_links":{"self":[{"href":"https:\/\/nobacom.net\/pwe0039-agencia-digital-layoutpack\/wp-json\/wp\/v2\/pages\/245","targetHints":{"allow":["GET"]}}],"collection":[{"href":"https:\/\/nobacom.net\/pwe0039-agencia-digital-layoutpack\/wp-json\/wp\/v2\/pages"}],"about":[{"href":"https:\/\/nobacom.net\/pwe0039-agencia-digital-layoutpack\/wp-json\/wp\/v2\/types\/page"}],"author":[{"embeddable":true,"href":"https:\/\/nobacom.net\/pwe0039-agencia-digital-layoutpack\/wp-json\/wp\/v2\/users\/1"}],"replies":[{"embeddable":true,"href":"https:\/\/nobacom.net\/pwe0039-agencia-digital-layoutpack\/wp-json\/wp\/v2\/comments?post=245"}],"version-history":[{"count":5,"href":"https:\/\/nobacom.net\/pwe0039-agencia-digital-layoutpack\/wp-json\/wp\/v2\/pages\/245\/revisions"}],"predecessor-version":[{"id":761,"href":"https:\/\/nobacom.net\/pwe0039-agencia-digital-layoutpack\/wp-json\/wp\/v2\/pages\/245\/revisions\/761"}],"wp:attachment":[{"href":"https:\/\/nobacom.net\/pwe0039-agencia-digital-layoutpack\/wp-json\/wp\/v2\/media?parent=245"}],"curies":[{"name":"wp","href":"https:\/\/api.w.org\/{rel}","templated":true}]}}