{"id":130,"date":"2024-07-11T03:43:29","date_gmt":"2024-07-11T03:43:29","guid":{"rendered":"https:\/\/bdlayoutsplus.com\/breakdance-yacht-rental-layouts-pack\/?page_id=130"},"modified":"2025-04-30T14:41:13","modified_gmt":"2025-04-30T19:41:13","slug":"lista-de-servicios","status":"publish","type":"page","link":"https:\/\/nobacom.net\/pwe0043-alquiler-de-yates-layoutpack\/lista-de-servicios\/","title":{"rendered":"Lista de servicios"},"content":{"rendered":"<section class=\"bde-section-130-100 bde-section\">\n              \n  \n\t\n\n  <div class=\"section-background-overlay\"><\/div>\n\n\n<div class=\"section-container\"><div class=\"bde-div-130-101 bde-div\" data-entrance=\"slideUp\">\n  \n\t\n\n\n\n<div class=\"bde-columns-130-102 bde-columns\"><div class=\"bde-column-130-103 bde-column\">\n  \n\t\n\n\n\n<h1 class=\"bde-heading-130-104 bde-heading\">\nLista de servicios\n<\/h1><div class=\"bde-div-130-105 bde-div\">\n  \n\t\n\n\n\n<div class=\"bde-icon-list-130-106 bde-icon-list\">\n<ul>\n  \n              \n    <li>\n                      \n            \n            \n\n    \n    \n    \n    \n    \n    <a class=\"breakdance-link bde-icon-list__item-wrapper\" href=\"https:\/\/nobacom.net\/pwe0043-alquiler-de-yates-layoutpack\" target=\"_self\" data-type=\"url\"  >\n\n      \n      <span class='bde-icon-list__icon'>\n        <svg xmlns=\"http:\/\/www.w3.org\/2000\/svg\" viewBox=\"0 0 576 512\"><!-- Font Awesome Free 5.15.1 by @fontawesome - https:\/\/fontawesome.com License - https:\/\/fontawesome.com\/license\/free (Icons: CC BY 4.0, Fonts: SIL OFL 1.1, Code: MIT License) --><path d=\"M280.37 148.26L96 300.11V464a16 16 0 0 0 16 16l112.06-.29a16 16 0 0 0 15.92-16V368a16 16 0 0 1 16-16h64a16 16 0 0 1 16 16v95.64a16 16 0 0 0 16 16.05L464 480a16 16 0 0 0 16-16V300L295.67 148.26a12.19 12.19 0 0 0-15.3 0zM571.6 251.47L488 182.56V44.05a12 12 0 0 0-12-12h-56a12 12 0 0 0-12 12v72.61L318.47 43a48 48 0 0 0-61 0L4.34 251.47a12 12 0 0 0-1.6 16.9l25.5 31A12 12 0 0 0 45.15 301l235.22-193.74a12.19 12.19 0 0 1 15.3 0L530.9 301a12 12 0 0 0 16.9-1.6l25.5-31a12 12 0 0 0-1.7-16.93z\"\/><\/svg>\n      <\/span>\n      <span class='bde-icon-list__text' >\n      Inicio\n      <\/span>\n                  <\/a>\n\n      \n    <\/li>\n\n  \n              \n    <li>\n              <div class='bde-icon-list__item-wrapper'>\n      \n      <span class='bde-icon-list__icon'>\n        <svg xmlns=\"http:\/\/www.w3.org\/2000\/svg\" viewBox=\"0 0 448 512\"><!-- Font Awesome Free 5.15.1 by @fontawesome - https:\/\/fontawesome.com License - https:\/\/fontawesome.com\/license\/free (Icons: CC BY 4.0, Fonts: SIL OFL 1.1, Code: MIT License) --><path d=\"M224.3 273l-136 136c-9.4 9.4-24.6 9.4-33.9 0l-22.6-22.6c-9.4-9.4-9.4-24.6 0-33.9l96.4-96.4-96.4-96.4c-9.4-9.4-9.4-24.6 0-33.9L54.3 103c9.4-9.4 24.6-9.4 33.9 0l136 136c9.5 9.4 9.5 24.6.1 34zm192-34l-136-136c-9.4-9.4-24.6-9.4-33.9 0l-22.6 22.6c-9.4 9.4-9.4 24.6 0 33.9l96.4 96.4-96.4 96.4c-9.4 9.4-9.4 24.6 0 33.9l22.6 22.6c9.4 9.4 24.6 9.4 33.9 0l136-136c9.4-9.2 9.4-24.4 0-33.8z\"\/><\/svg>\n      <\/span>\n      <span class='bde-icon-list__text' >\n      Lista de servicios\n      <\/span>\n              <\/div>\n      \n    <\/li>\n\n  <\/ul>\n\n<\/div>\n<\/div>\n<\/div><\/div>\n<\/div><\/div>\n<\/section><section class=\"bde-section-130-107 bde-section\">\n  \n\t\n\n\n\n<div class=\"section-container\"><div class=\"bde-div-130-157 bde-div\" data-entrance=\"slideUp\">\n  \n\t\n\n\n\n<div class=\"bde-columns-130-158 bde-columns\"><div class=\"bde-column-130-159 bde-column\">\n  \n\t\n\n\n\n<div class=\"bde-image-130-160 bde-image\">\n<figure class=\"breakdance-image breakdance-image--118\">\n\t<div class=\"breakdance-image-container\">\n\t\t<div class=\"breakdance-image-clip\"><img loading=\"lazy\" decoding=\"async\" class=\"breakdance-image-object\" src=\"https:\/\/bdlayoutsplus.com\/breakdance-yacht-rental-layouts-pack\/wp-content\/uploads\/sites\/42\/2024\/07\/Breakdance_Yacht_Rental_Img_11.jpg\" width=\"1280\" height=\"720\" srcset=\"https:\/\/bdlayoutsplus.com\/breakdance-yacht-rental-layouts-pack\/wp-content\/uploads\/sites\/42\/2024\/07\/Breakdance_Yacht_Rental_Img_11.jpg 1280w, https:\/\/bdlayoutsplus.com\/breakdance-yacht-rental-layouts-pack\/wp-content\/uploads\/sites\/42\/2024\/07\/Breakdance_Yacht_Rental_Img_11-300x169.jpg 300w, https:\/\/bdlayoutsplus.com\/breakdance-yacht-rental-layouts-pack\/wp-content\/uploads\/sites\/42\/2024\/07\/Breakdance_Yacht_Rental_Img_11-1024x576.jpg 1024w, https:\/\/bdlayoutsplus.com\/breakdance-yacht-rental-layouts-pack\/wp-content\/uploads\/sites\/42\/2024\/07\/Breakdance_Yacht_Rental_Img_11-768x432.jpg 768w\" sizes=\"auto, (max-width: 1280px) 100vw, 1280px\"><\/div>\n\t<\/div><\/figure>\n\n<\/div>\n<\/div><div class=\"bde-column-130-164 bde-column\">\n  \n\t\n\n\n\n<h4 class=\"bde-heading-130-175 bde-heading\">\nAlquiler de embarcaciones\n<\/h4><div class=\"bde-text-130-176 bde-text\">\nDisfrute del mar con nuestras embarcaciones de lujo, ideales para recorridos privados, vacaciones exclusivas o salidas personalizadas con total comodidad y seguridad.\n<\/div><div class=\"bde-button-130-222 bde-button\">\n    \n                                    \n    \n    \n    \n    \n            \n                    \n            \n            \n\n    \n    \n    \n    \n    \n    <a class=\"breakdance-link button-atom button-atom--primary bde-button__button\" href=\"https:\/\/nobacom.net\/pwe0043-alquiler-de-yates-layoutpack\/detalle-servicio\/\" target=\"_self\" data-type=\"url\"  >\n\n    \n        <span class=\"button-atom__text\">Leer m\u00e1s<\/span>\n\n        \n        \n                <\/a>\n\n    \n\n\n<\/div>\n<\/div><\/div>\n<\/div><div class=\"bde-div-130-210 bde-div\" data-entrance=\"slideUp\">\n  \n\t\n\n\n\n<div class=\"bde-columns-130-211 bde-columns\"><div class=\"bde-column-130-212 bde-column\">\n  \n\t\n\n\n\n<div class=\"bde-image-130-213 bde-image\">\n<figure class=\"breakdance-image breakdance-image--116\">\n\t<div class=\"breakdance-image-container\">\n\t\t<div class=\"breakdance-image-clip\"><img loading=\"lazy\" decoding=\"async\" class=\"breakdance-image-object\" src=\"https:\/\/bdlayoutsplus.com\/breakdance-yacht-rental-layouts-pack\/wp-content\/uploads\/sites\/42\/2024\/07\/Breakdance_Yacht_Rental_Img_9.jpg\" width=\"1280\" height=\"720\" srcset=\"https:\/\/bdlayoutsplus.com\/breakdance-yacht-rental-layouts-pack\/wp-content\/uploads\/sites\/42\/2024\/07\/Breakdance_Yacht_Rental_Img_9.jpg 1280w, https:\/\/bdlayoutsplus.com\/breakdance-yacht-rental-layouts-pack\/wp-content\/uploads\/sites\/42\/2024\/07\/Breakdance_Yacht_Rental_Img_9-300x169.jpg 300w, https:\/\/bdlayoutsplus.com\/breakdance-yacht-rental-layouts-pack\/wp-content\/uploads\/sites\/42\/2024\/07\/Breakdance_Yacht_Rental_Img_9-1024x576.jpg 1024w, https:\/\/bdlayoutsplus.com\/breakdance-yacht-rental-layouts-pack\/wp-content\/uploads\/sites\/42\/2024\/07\/Breakdance_Yacht_Rental_Img_9-768x432.jpg 768w\" sizes=\"auto, (max-width: 1280px) 100vw, 1280px\"><\/div>\n\t<\/div><\/figure>\n\n<\/div>\n<\/div><div class=\"bde-column-130-214 bde-column\">\n  \n\t\n\n\n\n<h4 class=\"bde-heading-130-215 bde-heading\">\n Instalaciones para bodas\n<\/h4><div class=\"bde-text-130-216 bde-text\">\nCelebre su boda en un entorno inolvidable sobre el mar, con servicios personalizados, decoraci\u00f3n elegante y atenci\u00f3n dedicada a cada detalle especial.\n<\/div><div class=\"bde-button-130-221 bde-button\">\n    \n                                    \n    \n    \n    \n    \n            \n                    \n            \n            \n\n    \n    \n    \n    \n    \n    <a class=\"breakdance-link button-atom button-atom--primary bde-button__button\" href=\"https:\/\/nobacom.net\/pwe0043-alquiler-de-yates-layoutpack\/detalle-servicio\/\" target=\"_self\" data-type=\"url\"  >\n\n    \n        <span class=\"button-atom__text\">Leer m\u00e1s<\/span>\n\n        \n        \n                <\/a>\n\n    \n\n\n<\/div>\n<\/div><\/div>\n<\/div><div class=\"bde-div-130-202 bde-div\" data-entrance=\"slideUp\">\n  \n\t\n\n\n\n<div class=\"bde-columns-130-203 bde-columns\"><div class=\"bde-column-130-204 bde-column\">\n  \n\t\n\n\n\n<div class=\"bde-image-130-205 bde-image\">\n<figure class=\"breakdance-image breakdance-image--112\">\n\t<div class=\"breakdance-image-container\">\n\t\t<div class=\"breakdance-image-clip\"><img loading=\"lazy\" decoding=\"async\" class=\"breakdance-image-object\" src=\"https:\/\/bdlayoutsplus.com\/breakdance-yacht-rental-layouts-pack\/wp-content\/uploads\/sites\/42\/2024\/07\/Breakdance_Yacht_Rental_Img_5.jpg\" width=\"1280\" height=\"720\" srcset=\"https:\/\/bdlayoutsplus.com\/breakdance-yacht-rental-layouts-pack\/wp-content\/uploads\/sites\/42\/2024\/07\/Breakdance_Yacht_Rental_Img_5.jpg 1280w, https:\/\/bdlayoutsplus.com\/breakdance-yacht-rental-layouts-pack\/wp-content\/uploads\/sites\/42\/2024\/07\/Breakdance_Yacht_Rental_Img_5-300x169.jpg 300w, https:\/\/bdlayoutsplus.com\/breakdance-yacht-rental-layouts-pack\/wp-content\/uploads\/sites\/42\/2024\/07\/Breakdance_Yacht_Rental_Img_5-1024x576.jpg 1024w, https:\/\/bdlayoutsplus.com\/breakdance-yacht-rental-layouts-pack\/wp-content\/uploads\/sites\/42\/2024\/07\/Breakdance_Yacht_Rental_Img_5-768x432.jpg 768w\" sizes=\"auto, (max-width: 1280px) 100vw, 1280px\"><\/div>\n\t<\/div><\/figure>\n\n<\/div>\n<\/div><div class=\"bde-column-130-206 bde-column\">\n  \n\t\n\n\n\n<h4 class=\"bde-heading-130-207 bde-heading\">\nCruceros y marinas\n<\/h4><div class=\"bde-text-130-208 bde-text\">\nOfrecemos cruceros exclusivos y acceso a marinas de primer nivel, con servicios completos para una experiencia n\u00e1utica sofisticada y tranquila.\n<\/div><div class=\"bde-button-130-220 bde-button\">\n    \n                                    \n    \n    \n    \n    \n            \n                    \n            \n            \n\n    \n    \n    \n    \n    \n    <a class=\"breakdance-link button-atom button-atom--primary bde-button__button\" href=\"https:\/\/nobacom.net\/pwe0043-alquiler-de-yates-layoutpack\/detalle-servicio\/\" target=\"_self\" data-type=\"url\"  >\n\n    \n        <span class=\"button-atom__text\">Leer m\u00e1s<\/span>\n\n        \n        \n                <\/a>\n\n    \n\n\n<\/div>\n<\/div><\/div>\n<\/div><div class=\"bde-div-130-194 bde-div\" data-entrance=\"slideUp\">\n  \n\t\n\n\n\n<div class=\"bde-columns-130-195 bde-columns\"><div class=\"bde-column-130-196 bde-column\">\n  \n\t\n\n\n\n<div class=\"bde-image-130-197 bde-image\">\n<figure class=\"breakdance-image breakdance-image--110\">\n\t<div class=\"breakdance-image-container\">\n\t\t<div class=\"breakdance-image-clip\"><img loading=\"lazy\" decoding=\"async\" class=\"breakdance-image-object\" src=\"https:\/\/bdlayoutsplus.com\/breakdance-yacht-rental-layouts-pack\/wp-content\/uploads\/sites\/42\/2024\/07\/Breakdance_Yacht_Rental_Img_3.jpg\" width=\"1280\" height=\"720\" srcset=\"https:\/\/bdlayoutsplus.com\/breakdance-yacht-rental-layouts-pack\/wp-content\/uploads\/sites\/42\/2024\/07\/Breakdance_Yacht_Rental_Img_3.jpg 1280w, https:\/\/bdlayoutsplus.com\/breakdance-yacht-rental-layouts-pack\/wp-content\/uploads\/sites\/42\/2024\/07\/Breakdance_Yacht_Rental_Img_3-300x169.jpg 300w, https:\/\/bdlayoutsplus.com\/breakdance-yacht-rental-layouts-pack\/wp-content\/uploads\/sites\/42\/2024\/07\/Breakdance_Yacht_Rental_Img_3-1024x576.jpg 1024w, https:\/\/bdlayoutsplus.com\/breakdance-yacht-rental-layouts-pack\/wp-content\/uploads\/sites\/42\/2024\/07\/Breakdance_Yacht_Rental_Img_3-768x432.jpg 768w\" sizes=\"auto, (max-width: 1280px) 100vw, 1280px\"><\/div>\n\t<\/div><\/figure>\n\n<\/div>\n<\/div><div class=\"bde-column-130-198 bde-column\">\n  \n\t\n\n\n\n<h4 class=\"bde-heading-130-199 bde-heading\">\nFiesta en yate\n<\/h4><div class=\"bde-text-130-200 bde-text\">\nOrganice eventos \u00fanicos a bordo, con m\u00fasica, catering y un entorno incomparable. Ideal para celebraciones privadas, cumplea\u00f1os o reuniones especiales.\n<\/div><div class=\"bde-button-130-219 bde-button\">\n    \n                                    \n    \n    \n    \n    \n            \n                    \n            \n            \n\n    \n    \n    \n    \n    \n    <a class=\"breakdance-link button-atom button-atom--primary bde-button__button\" href=\"https:\/\/nobacom.net\/pwe0043-alquiler-de-yates-layoutpack\/detalle-servicio\/\" target=\"_self\" data-type=\"url\"  >\n\n    \n        <span class=\"button-atom__text\">Leer m\u00e1s<\/span>\n\n        \n        \n                <\/a>\n\n    \n\n\n<\/div>\n<\/div><\/div>\n<\/div><div class=\"bde-div-130-186 bde-div\" data-entrance=\"slideUp\">\n  \n\t\n\n\n\n<div class=\"bde-columns-130-187 bde-columns\"><div class=\"bde-column-130-188 bde-column\">\n  \n\t\n\n\n\n<div class=\"bde-image-130-189 bde-image\">\n<figure class=\"breakdance-image breakdance-image--119\">\n\t<div class=\"breakdance-image-container\">\n\t\t<div class=\"breakdance-image-clip\"><img loading=\"lazy\" decoding=\"async\" class=\"breakdance-image-object\" src=\"https:\/\/bdlayoutsplus.com\/breakdance-yacht-rental-layouts-pack\/wp-content\/uploads\/sites\/42\/2024\/07\/Breakdance_Yacht_Rental_Img_12.jpg\" width=\"1280\" height=\"720\" srcset=\"https:\/\/bdlayoutsplus.com\/breakdance-yacht-rental-layouts-pack\/wp-content\/uploads\/sites\/42\/2024\/07\/Breakdance_Yacht_Rental_Img_12.jpg 1280w, https:\/\/bdlayoutsplus.com\/breakdance-yacht-rental-layouts-pack\/wp-content\/uploads\/sites\/42\/2024\/07\/Breakdance_Yacht_Rental_Img_12-300x169.jpg 300w, https:\/\/bdlayoutsplus.com\/breakdance-yacht-rental-layouts-pack\/wp-content\/uploads\/sites\/42\/2024\/07\/Breakdance_Yacht_Rental_Img_12-1024x576.jpg 1024w, https:\/\/bdlayoutsplus.com\/breakdance-yacht-rental-layouts-pack\/wp-content\/uploads\/sites\/42\/2024\/07\/Breakdance_Yacht_Rental_Img_12-768x432.jpg 768w\" sizes=\"auto, (max-width: 1280px) 100vw, 1280px\"><\/div>\n\t<\/div><\/figure>\n\n<\/div>\n<\/div><div class=\"bde-column-130-190 bde-column\">\n  \n\t\n\n\n\n<h4 class=\"bde-heading-130-191 bde-heading\">\nEvento corporativo\n<\/h4><div class=\"bde-text-130-192 bde-text\">\nImpresione a sus clientes o empleados con un evento profesional en alta mar. Ambiente elegante, privacidad y servicios de alto nivel incluidos.\n<\/div><div class=\"bde-button-130-218 bde-button\">\n    \n                                    \n    \n    \n    \n    \n            \n                    \n            \n            \n\n    \n    \n    \n    \n    \n    <a class=\"breakdance-link button-atom button-atom--primary bde-button__button\" href=\"https:\/\/nobacom.net\/pwe0043-alquiler-de-yates-layoutpack\/detalle-servicio\/\" target=\"_self\" data-type=\"url\"  >\n\n    \n        <span class=\"button-atom__text\">Leer m\u00e1s<\/span>\n\n        \n        \n                <\/a>\n\n    \n\n\n<\/div>\n<\/div><\/div>\n<\/div><div class=\"bde-div-130-178 bde-div\" data-entrance=\"slideUp\">\n  \n\t\n\n\n\n<div class=\"bde-columns-130-179 bde-columns\"><div class=\"bde-column-130-180 bde-column\">\n  \n\t\n\n\n\n<div class=\"bde-image-130-181 bde-image\">\n<figure class=\"breakdance-image breakdance-image--115\">\n\t<div class=\"breakdance-image-container\">\n\t\t<div class=\"breakdance-image-clip\"><img loading=\"lazy\" decoding=\"async\" class=\"breakdance-image-object\" src=\"https:\/\/bdlayoutsplus.com\/breakdance-yacht-rental-layouts-pack\/wp-content\/uploads\/sites\/42\/2024\/07\/Breakdance_Yacht_Rental_Img_8.jpg\" width=\"1280\" height=\"720\" srcset=\"https:\/\/bdlayoutsplus.com\/breakdance-yacht-rental-layouts-pack\/wp-content\/uploads\/sites\/42\/2024\/07\/Breakdance_Yacht_Rental_Img_8.jpg 1280w, https:\/\/bdlayoutsplus.com\/breakdance-yacht-rental-layouts-pack\/wp-content\/uploads\/sites\/42\/2024\/07\/Breakdance_Yacht_Rental_Img_8-300x169.jpg 300w, https:\/\/bdlayoutsplus.com\/breakdance-yacht-rental-layouts-pack\/wp-content\/uploads\/sites\/42\/2024\/07\/Breakdance_Yacht_Rental_Img_8-1024x576.jpg 1024w, https:\/\/bdlayoutsplus.com\/breakdance-yacht-rental-layouts-pack\/wp-content\/uploads\/sites\/42\/2024\/07\/Breakdance_Yacht_Rental_Img_8-768x432.jpg 768w\" sizes=\"auto, (max-width: 1280px) 100vw, 1280px\"><\/div>\n\t<\/div><\/figure>\n\n<\/div>\n<\/div><div class=\"bde-column-130-182 bde-column\">\n  \n\t\n\n\n\n<h4 class=\"bde-heading-130-183 bde-heading\">\nCrucero de pesca\n<\/h4><div class=\"bde-text-130-184 bde-text\">\nViva una experiencia de pesca de lujo, con gu\u00edas expertos, equipos profesionales y todo el confort de un yate moderno y bien equipado.\n<\/div><div class=\"bde-button-130-185 bde-button\">\n    \n                                    \n    \n    \n    \n    \n            \n                    \n            \n            \n\n    \n    \n    \n    \n    \n    <a class=\"breakdance-link button-atom button-atom--primary bde-button__button\" href=\"https:\/\/nobacom.net\/pwe0043-alquiler-de-yates-layoutpack\/detalle-servicio\/\" target=\"_self\" data-type=\"url\"  >\n\n    \n        <span class=\"button-atom__text\">Leer m\u00e1s<\/span>\n\n        \n        \n                <\/a>\n\n    \n\n\n<\/div>\n<\/div><\/div>\n<\/div><\/div>\n<\/section>","protected":false},"excerpt":{"rendered":"<p>Lista de servicios Inicio Lista de servicios Alquiler de embarcaciones Disfrute del mar con nuestras embarcaciones de lujo, ideales para recorridos privados, vacaciones exclusivas o salidas personalizadas con total comodidad y seguridad. Leer m\u00e1s Instalaciones para bodas Celebre su boda en un entorno inolvidable sobre el mar, con servicios personalizados, decoraci\u00f3n elegante y atenci\u00f3n dedicada [&hellip;]<\/p>\n","protected":false},"author":1,"featured_media":0,"parent":0,"menu_order":0,"comment_status":"closed","ping_status":"closed","template":"","meta":{"_breakdance_hide_in_design_set":false,"_breakdance_tags":"","_joinchat":[],"footnotes":""},"class_list":["post-130","page","type-page","status-publish","hentry"],"yoast_head":"<!-- This site is optimized with the Yoast SEO plugin v24.7 - https:\/\/yoast.com\/wordpress\/plugins\/seo\/ -->\n<title>Lista de servicios - pwe0043-alquiler-de-yates-layoutpack<\/title>\n<meta name=\"robots\" content=\"noindex, follow, max-snippet:-1, max-image-preview:large, max-video-preview:-1\" \/>\n<meta property=\"og:locale\" content=\"es_ES\" \/>\n<meta property=\"og:type\" content=\"article\" \/>\n<meta property=\"og:title\" content=\"Lista de servicios - pwe0043-alquiler-de-yates-layoutpack\" \/>\n<meta property=\"og:description\" content=\"Lista de servicios Inicio Lista de servicios Alquiler de embarcaciones Disfrute del mar con nuestras embarcaciones de lujo, ideales para recorridos privados, vacaciones exclusivas o salidas personalizadas con total comodidad y seguridad. Leer m\u00e1s Instalaciones para bodas Celebre su boda en un entorno inolvidable sobre el mar, con servicios personalizados, decoraci\u00f3n elegante y atenci\u00f3n dedicada [&hellip;]\" \/>\n<meta property=\"og:url\" content=\"https:\/\/nobacom.net\/pwe0043-alquiler-de-yates-layoutpack\/lista-de-servicios\/\" \/>\n<meta property=\"og:site_name\" content=\"pwe0043-alquiler-de-yates-layoutpack\" \/>\n<meta property=\"article:publisher\" content=\"https:\/\/www.facebook.com\/nobacomdigital\" \/>\n<meta property=\"article:modified_time\" content=\"2025-04-30T19:41:13+00:00\" \/>\n<meta name=\"twitter:card\" content=\"summary_large_image\" \/>\n<script type=\"application\/ld+json\" class=\"yoast-schema-graph\">{\"@context\":\"https:\/\/schema.org\",\"@graph\":[{\"@type\":\"WebPage\",\"@id\":\"https:\/\/nobacom.net\/pwe0043-alquiler-de-yates-layoutpack\/lista-de-servicios\/\",\"url\":\"https:\/\/nobacom.net\/pwe0043-alquiler-de-yates-layoutpack\/lista-de-servicios\/\",\"name\":\"Lista de servicios - pwe0043-alquiler-de-yates-layoutpack\",\"isPartOf\":{\"@id\":\"https:\/\/nobacom.net\/pwe0043-alquiler-de-yates-layoutpack\/#website\"},\"datePublished\":\"2024-07-11T03:43:29+00:00\",\"dateModified\":\"2025-04-30T19:41:13+00:00\",\"breadcrumb\":{\"@id\":\"https:\/\/nobacom.net\/pwe0043-alquiler-de-yates-layoutpack\/lista-de-servicios\/#breadcrumb\"},\"inLanguage\":\"es\",\"potentialAction\":[{\"@type\":\"ReadAction\",\"target\":[\"https:\/\/nobacom.net\/pwe0043-alquiler-de-yates-layoutpack\/lista-de-servicios\/\"]}]},{\"@type\":\"BreadcrumbList\",\"@id\":\"https:\/\/nobacom.net\/pwe0043-alquiler-de-yates-layoutpack\/lista-de-servicios\/#breadcrumb\",\"itemListElement\":[{\"@type\":\"ListItem\",\"position\":1,\"name\":\"Portada\",\"item\":\"https:\/\/nobacom.net\/pwe0043-alquiler-de-yates-layoutpack\/\"},{\"@type\":\"ListItem\",\"position\":2,\"name\":\"Lista de servicios\"}]},{\"@type\":\"WebSite\",\"@id\":\"https:\/\/nobacom.net\/pwe0043-alquiler-de-yates-layoutpack\/#website\",\"url\":\"https:\/\/nobacom.net\/pwe0043-alquiler-de-yates-layoutpack\/\",\"name\":\"Wordpress Nobacom Base\",\"description\":\"\",\"publisher\":{\"@id\":\"https:\/\/nobacom.net\/pwe0043-alquiler-de-yates-layoutpack\/#organization\"},\"potentialAction\":[{\"@type\":\"SearchAction\",\"target\":{\"@type\":\"EntryPoint\",\"urlTemplate\":\"https:\/\/nobacom.net\/pwe0043-alquiler-de-yates-layoutpack\/?s={search_term_string}\"},\"query-input\":{\"@type\":\"PropertyValueSpecification\",\"valueRequired\":true,\"valueName\":\"search_term_string\"}}],\"inLanguage\":\"es\"},{\"@type\":\"Organization\",\"@id\":\"https:\/\/nobacom.net\/pwe0043-alquiler-de-yates-layoutpack\/#organization\",\"name\":\"Wordpress Nobacom Base\",\"url\":\"https:\/\/nobacom.net\/pwe0043-alquiler-de-yates-layoutpack\/\",\"logo\":{\"@type\":\"ImageObject\",\"inLanguage\":\"es\",\"@id\":\"https:\/\/nobacom.net\/pwe0043-alquiler-de-yates-layoutpack\/#\/schema\/logo\/image\/\",\"url\":\"https:\/\/nobacom.net\/pwe0043-alquiler-de-yates-layoutpack\/wp-content\/uploads\/2024\/12\/Logo-Nobacom-fondo-blanco-negro.png\",\"contentUrl\":\"https:\/\/nobacom.net\/pwe0043-alquiler-de-yates-layoutpack\/wp-content\/uploads\/2024\/12\/Logo-Nobacom-fondo-blanco-negro.png\",\"width\":1103,\"height\":835,\"caption\":\"Wordpress Nobacom Base\"},\"image\":{\"@id\":\"https:\/\/nobacom.net\/pwe0043-alquiler-de-yates-layoutpack\/#\/schema\/logo\/image\/\"},\"sameAs\":[\"https:\/\/www.facebook.com\/nobacomdigital\"]}]}<\/script>\n<!-- \/ Yoast SEO plugin. -->","yoast_head_json":{"title":"Lista de servicios - pwe0043-alquiler-de-yates-layoutpack","robots":{"index":"noindex","follow":"follow","max-snippet":"max-snippet:-1","max-image-preview":"max-image-preview:large","max-video-preview":"max-video-preview:-1"},"og_locale":"es_ES","og_type":"article","og_title":"Lista de servicios - pwe0043-alquiler-de-yates-layoutpack","og_description":"Lista de servicios Inicio Lista de servicios Alquiler de embarcaciones Disfrute del mar con nuestras embarcaciones de lujo, ideales para recorridos privados, vacaciones exclusivas o salidas personalizadas con total comodidad y seguridad. Leer m\u00e1s Instalaciones para bodas Celebre su boda en un entorno inolvidable sobre el mar, con servicios personalizados, decoraci\u00f3n elegante y atenci\u00f3n dedicada [&hellip;]","og_url":"https:\/\/nobacom.net\/pwe0043-alquiler-de-yates-layoutpack\/lista-de-servicios\/","og_site_name":"pwe0043-alquiler-de-yates-layoutpack","article_publisher":"https:\/\/www.facebook.com\/nobacomdigital","article_modified_time":"2025-04-30T19:41:13+00:00","twitter_card":"summary_large_image","schema":{"@context":"https:\/\/schema.org","@graph":[{"@type":"WebPage","@id":"https:\/\/nobacom.net\/pwe0043-alquiler-de-yates-layoutpack\/lista-de-servicios\/","url":"https:\/\/nobacom.net\/pwe0043-alquiler-de-yates-layoutpack\/lista-de-servicios\/","name":"Lista de servicios - pwe0043-alquiler-de-yates-layoutpack","isPartOf":{"@id":"https:\/\/nobacom.net\/pwe0043-alquiler-de-yates-layoutpack\/#website"},"datePublished":"2024-07-11T03:43:29+00:00","dateModified":"2025-04-30T19:41:13+00:00","breadcrumb":{"@id":"https:\/\/nobacom.net\/pwe0043-alquiler-de-yates-layoutpack\/lista-de-servicios\/#breadcrumb"},"inLanguage":"es","potentialAction":[{"@type":"ReadAction","target":["https:\/\/nobacom.net\/pwe0043-alquiler-de-yates-layoutpack\/lista-de-servicios\/"]}]},{"@type":"BreadcrumbList","@id":"https:\/\/nobacom.net\/pwe0043-alquiler-de-yates-layoutpack\/lista-de-servicios\/#breadcrumb","itemListElement":[{"@type":"ListItem","position":1,"name":"Portada","item":"https:\/\/nobacom.net\/pwe0043-alquiler-de-yates-layoutpack\/"},{"@type":"ListItem","position":2,"name":"Lista de servicios"}]},{"@type":"WebSite","@id":"https:\/\/nobacom.net\/pwe0043-alquiler-de-yates-layoutpack\/#website","url":"https:\/\/nobacom.net\/pwe0043-alquiler-de-yates-layoutpack\/","name":"Wordpress Nobacom Base","description":"","publisher":{"@id":"https:\/\/nobacom.net\/pwe0043-alquiler-de-yates-layoutpack\/#organization"},"potentialAction":[{"@type":"SearchAction","target":{"@type":"EntryPoint","urlTemplate":"https:\/\/nobacom.net\/pwe0043-alquiler-de-yates-layoutpack\/?s={search_term_string}"},"query-input":{"@type":"PropertyValueSpecification","valueRequired":true,"valueName":"search_term_string"}}],"inLanguage":"es"},{"@type":"Organization","@id":"https:\/\/nobacom.net\/pwe0043-alquiler-de-yates-layoutpack\/#organization","name":"Wordpress Nobacom Base","url":"https:\/\/nobacom.net\/pwe0043-alquiler-de-yates-layoutpack\/","logo":{"@type":"ImageObject","inLanguage":"es","@id":"https:\/\/nobacom.net\/pwe0043-alquiler-de-yates-layoutpack\/#\/schema\/logo\/image\/","url":"https:\/\/nobacom.net\/pwe0043-alquiler-de-yates-layoutpack\/wp-content\/uploads\/2024\/12\/Logo-Nobacom-fondo-blanco-negro.png","contentUrl":"https:\/\/nobacom.net\/pwe0043-alquiler-de-yates-layoutpack\/wp-content\/uploads\/2024\/12\/Logo-Nobacom-fondo-blanco-negro.png","width":1103,"height":835,"caption":"Wordpress Nobacom Base"},"image":{"@id":"https:\/\/nobacom.net\/pwe0043-alquiler-de-yates-layoutpack\/#\/schema\/logo\/image\/"},"sameAs":["https:\/\/www.facebook.com\/nobacomdigital"]}]}},"_links":{"self":[{"href":"https:\/\/nobacom.net\/pwe0043-alquiler-de-yates-layoutpack\/wp-json\/wp\/v2\/pages\/130","targetHints":{"allow":["GET"]}}],"collection":[{"href":"https:\/\/nobacom.net\/pwe0043-alquiler-de-yates-layoutpack\/wp-json\/wp\/v2\/pages"}],"about":[{"href":"https:\/\/nobacom.net\/pwe0043-alquiler-de-yates-layoutpack\/wp-json\/wp\/v2\/types\/page"}],"author":[{"embeddable":true,"href":"https:\/\/nobacom.net\/pwe0043-alquiler-de-yates-layoutpack\/wp-json\/wp\/v2\/users\/1"}],"replies":[{"embeddable":true,"href":"https:\/\/nobacom.net\/pwe0043-alquiler-de-yates-layoutpack\/wp-json\/wp\/v2\/comments?post=130"}],"version-history":[{"count":4,"href":"https:\/\/nobacom.net\/pwe0043-alquiler-de-yates-layoutpack\/wp-json\/wp\/v2\/pages\/130\/revisions"}],"predecessor-version":[{"id":698,"href":"https:\/\/nobacom.net\/pwe0043-alquiler-de-yates-layoutpack\/wp-json\/wp\/v2\/pages\/130\/revisions\/698"}],"wp:attachment":[{"href":"https:\/\/nobacom.net\/pwe0043-alquiler-de-yates-layoutpack\/wp-json\/wp\/v2\/media?parent=130"}],"curies":[{"name":"wp","href":"https:\/\/api.w.org\/{rel}","templated":true}]}}