{"id":180,"date":"2024-02-26T07:13:22","date_gmt":"2024-02-26T07:13:22","guid":{"rendered":"https:\/\/bdlayoutspack.com\/breakdance-virtual-assistant-layouts-pack\/?page_id=180"},"modified":"2025-05-02T17:18:41","modified_gmt":"2025-05-02T22:18:41","slug":"perfil-equipo","status":"publish","type":"page","link":"https:\/\/nobacom.net\/pwe0046-asistente-virtual-layoutpack\/perfil-equipo\/","title":{"rendered":"Perfil del equipo"},"content":{"rendered":"<section class=\"bde-section-180-100 bde-section\">\n              \n  \n\t\n\n  <div class=\"section-background-overlay\"><\/div>\n\n\n<div class=\"section-container\"><div class=\"bde-div-180-101 bde-div\" data-entrance=\"slideUp\">\n  \n\t\n\n\n\n<div class=\"bde-columns-180-102 bde-columns\"><div class=\"bde-column-180-103 bde-column\">\n  \n\t\n\n\n\n<h1 class=\"bde-heading-180-104 bde-heading\">\nPerfil del equipo\n<\/h1><div class=\"bde-div-180-105 bde-div\">\n  \n\t\n\n\n\n<div class=\"bde-button-180-106 bde-button\">\n    \n                                    \n    \n    \n    \n    \n            \n                    \n            \n            \n\n    \n    \n    \n    \n    \n    <a class=\"breakdance-link button-atom button-atom--custom bde-button__button\" href=\"https:\/\/nobacom.net\/pwe0046-asistente-virtual-layoutpack\" target=\"_self\" data-type=\"url\"  >\n\n    \n        <span class=\"button-atom__text\">Inicio<\/span>\n\n                            \n        \n                <\/a>\n\n    \n\n\n<\/div><div class=\"bde-button-180-107 bde-button\">\n    \n                                    \n    \n    \n    \n    \n            \n            <button type=\"button\" class=\"button-atom button-atom--custom bde-button__button\"  >\n    \n        <span class=\"button-atom__text\">Perfil del equipo<\/span>\n\n                            \n        \n            <\/button>\n    \n\n\n<\/div>\n<\/div>\n<\/div><\/div>\n<\/div><\/div>\n<\/section><section class=\"bde-section-180-108 bde-section\">\n  \n\t\n\n\n\n<div class=\"section-container\"><div class=\"bde-div-180-109 bde-div\" data-entrance=\"slideUp\">\n  \n\t\n\n\n\n<div class=\"bde-columns-180-110 bde-columns\"><div class=\"bde-column-180-111 bde-column\">\n  \n\t\n\n\n\n<div class=\"bde-image-180-137 bde-image\">\n<figure class=\"breakdance-image breakdance-image--33\">\n\t<div class=\"breakdance-image-container\">\n\t\t<div class=\"breakdance-image-clip\"><img loading=\"lazy\" decoding=\"async\" class=\"breakdance-image-object\" src=\"https:\/\/bdlayoutspack.com\/breakdance-virtual-assistant-layouts-pack\/wp-content\/uploads\/sites\/34\/2024\/02\/Breakdance_Virtual_Assistant_15.jpg\" width=\"400\" height=\"600\" srcset=\"https:\/\/bdlayoutspack.com\/breakdance-virtual-assistant-layouts-pack\/wp-content\/uploads\/sites\/34\/2024\/02\/Breakdance_Virtual_Assistant_15.jpg 400w, https:\/\/bdlayoutspack.com\/breakdance-virtual-assistant-layouts-pack\/wp-content\/uploads\/sites\/34\/2024\/02\/Breakdance_Virtual_Assistant_15-200x300.jpg 200w\" sizes=\"auto, (max-width: 400px) 100vw, 400px\"><\/div>\n\t<\/div><\/figure>\n\n<\/div>\n<\/div><div class=\"bde-column-180-112 bde-column\">\n  \n\t\n\n\n\n<div class=\"bde-div-180-138 bde-div\">\n  \n\t\n\n\n\n<div class=\"bde-text-180-139 bde-text\">\nCarlos Fern\u00e1ndez\n<\/div><div class=\"bde-text-180-140 bde-text\">\nEspecialista en Redes Sociales\n<\/div>\n<\/div><div class=\"bde-div-180-141 bde-div\">\n  \n\t\n\n\n\n<div class=\"bde-text-180-142 bde-text\">\nCargo:\n<\/div><div class=\"bde-text-180-143 bde-text\">\nEspecialista en Redes Sociales\n<\/div>\n<\/div><div class=\"bde-div-180-144 bde-div\">\n  \n\t\n\n\n\n<div class=\"bde-text-180-145 bde-text\">\nResponsabilidad:\n<\/div><div class=\"bde-text-180-146 bde-text\">\nDesarrollar estrategias de contenido\n<\/div>\n<\/div><div class=\"bde-div-180-147 bde-div\">\n  \n\t\n\n\n\n<div class=\"bde-text-180-148 bde-text\">\nExperiencia:\n<\/div><div class=\"bde-text-180-149 bde-text\">\n5 a\u00f1os\n<\/div>\n<\/div><div class=\"bde-div-180-150 bde-div\">\n  \n\t\n\n\n\n<div class=\"bde-text-180-151 bde-text\">\nEmail :\n<\/div><div class=\"bde-text-180-152 bde-text\">\ninfo@nobacom.com\n<\/div>\n<\/div><div class=\"bde-div-180-153 bde-div\">\n  \n\t\n\n\n\n<div class=\"bde-text-180-154 bde-text\">\nTel\u00e9fono:\n<\/div><div class=\"bde-text-180-155 bde-text\">\n314 314 1496\n<\/div>\n<\/div><div class=\"bde-div-180-156 bde-div\">\n  \n\t\n\n\n\n<div class=\"bde-text-180-157 bde-text\">\nDirecci\u00f3n:\n<\/div><div class=\"bde-text-180-158 bde-text\">\nCalle 103 # 34 - 21\n<\/div>\n<\/div><div class=\"bde-social-icons-180-159 bde-social-icons\">\n                  \n            \n            \n\n    \n    \n    \n    \n    \n    <a class=\"breakdance-link bde-social-icons__icon-wrapper bde-social-icons__icon-facebook\" href=\"https:\/\/www.facebook.com\/nobacomdigital\" target=\"_self\" data-type=\"url\" aria-label=\"facebook\" >\n\n             <svg xmlns=\"http:\/\/www.w3.org\/2000\/svg\" width=\"100%\" viewBox=\"0 0 24 24\">\n            <path d=\"M9 8h-3v4h3v12h5v-12h3.642l.358-4h-4v-1.667c0-.955.192-1.333 1.115-1.333h2.885v-5h-3.808c-3.596 0-5.192 1.583-5.192 4.615v3.385z\"\/>\n       <\/svg>\n              <\/a>\n\n                    \n            \n            \n\n    \n    \n    \n    \n    \n    <a class=\"breakdance-link bde-social-icons__icon-wrapper bde-social-icons__icon-twitter\" href=\"https:\/\/www.facebook.com\/nobacomdigital\" target=\"_self\" data-type=\"url\" aria-label=\"twitter\" >\n\n              <svg xmlns=\"http:\/\/www.w3.org\/2000\/svg\" width=\"100%\" viewBox=\"0 0 512 512\">\n          <path d=\"M389.2 48h70.6L305.6 224.2 487 464H345L233.7 318.6 106.5 464H35.8L200.7 275.5 26.8 48H172.4L272.9 180.9 389.2 48zM364.4 421.8h39.1L151.1 88h-42L364.4 421.8z\" \/>\n        <\/svg>\n              <\/a>\n\n                    \n            \n            \n\n    \n    \n    \n    \n    \n    <a class=\"breakdance-link bde-social-icons__icon-wrapper bde-social-icons__icon-instagram\" href=\"https:\/\/www.facebook.com\/nobacomdigital\" target=\"_self\" data-type=\"url\" aria-label=\"instagram\" >\n\n             <svg xmlns=\"http:\/\/www.w3.org\/2000\/svg\" width=\"100%\" viewBox=\"0 0 24 24\">\n            <path d=\"M12 2.163c3.204 0 3.584.012 4.85.07 3.252.148 4.771 1.691 4.919 4.919.058 1.265.069 1.645.069 4.849 0 3.205-.012 3.584-.069 4.849-.149 3.225-1.664 4.771-4.919 4.919-1.266.058-1.644.07-4.85.07-3.204 0-3.584-.012-4.849-.07-3.26-.149-4.771-1.699-4.919-4.92-.058-1.265-.07-1.644-.07-4.849 0-3.204.013-3.583.07-4.849.149-3.227 1.664-4.771 4.919-4.919 1.266-.057 1.645-.069 4.849-.069zm0-2.163c-3.259 0-3.667.014-4.947.072-4.358.2-6.78 2.618-6.98 6.98-.059 1.281-.073 1.689-.073 4.948 0 3.259.014 3.668.072 4.948.2 4.358 2.618 6.78 6.98 6.98 1.281.058 1.689.072 4.948.072 3.259 0 3.668-.014 4.948-.072 4.354-.2 6.782-2.618 6.979-6.98.059-1.28.073-1.689.073-4.948 0-3.259-.014-3.667-.072-4.947-.196-4.354-2.617-6.78-6.979-6.98-1.281-.059-1.69-.073-4.949-.073zm0 5.838c-3.403 0-6.162 2.759-6.162 6.162s2.759 6.163 6.162 6.163 6.162-2.759 6.162-6.163c0-3.403-2.759-6.162-6.162-6.162zm0 10.162c-2.209 0-4-1.79-4-4 0-2.209 1.791-4 4-4s4 1.791 4 4c0 2.21-1.791 4-4 4zm6.406-11.845c-.796 0-1.441.645-1.441 1.44s.645 1.44 1.441 1.44c.795 0 1.439-.645 1.439-1.44s-.644-1.44-1.439-1.44z\"\/>\n       <\/svg>\n              <\/a>\n\n                    \n            \n            \n\n    \n    \n    \n    \n    \n    <a class=\"breakdance-link bde-social-icons__icon-wrapper bde-social-icons__icon-linkedin\" href=\"https:\/\/www.facebook.com\/nobacomdigital\" target=\"_self\" data-type=\"url\" aria-label=\"linkedin\" >\n\n             <svg xmlns=\"http:\/\/www.w3.org\/2000\/svg\" width=\"100%\" viewBox=\"-4 -2 32 32\">\n            <path d=\"M4.98 3.5c0 1.381-1.11 2.5-2.48 2.5s-2.48-1.119-2.48-2.5c0-1.38 1.11-2.5 2.48-2.5s2.48 1.12 2.48 2.5zm.02 4.5h-5v16h5v-16zm7.982 0h-4.968v16h4.969v-8.399c0-4.67 6.029-5.052 6.029 0v8.399h4.988v-10.131c0-7.88-8.922-7.593-11.018-3.714v-2.155z\"\/>\n       <\/svg>\n              <\/a>\n\n    \n<\/div>\n<\/div><\/div>\n<\/div><div class=\"bde-div-180-133 bde-div\" data-entrance=\"slideUp\">\n  \n\t\n\n\n\n<div class=\"bde-columns-180-134 bde-columns\"><div class=\"bde-column-180-135 bde-column\">\n  \n\t\n\n\n\n<h4 class=\"bde-heading-180-160 bde-heading\">\nExperiencia Personal\n<\/h4><div class=\"bde-text-180-172 bde-text\">\nCon m\u00e1s de 5 a\u00f1os de experiencia en el sector, he trabajado con diversas marcas para ayudarles a mejorar su presencia digital. Mi enfoque se centra en crear contenido estrat\u00e9gico que conecte con el p\u00fablico y en gestionar comunidades online para fomentar la interacci\u00f3n. A lo largo de los a\u00f1os, he aprendido a analizar las m\u00e9tricas para optimizar campa\u00f1as y alcanzar los objetivos de cada cliente. Mi pasi\u00f3n por las redes sociales y las nuevas tendencias me impulsa a seguir aprendiendo y mejorando para ofrecer resultados efectivos y sostenibles para cada proyecto.\n<\/div><div class=\"bde-text-180-173 bde-text\">\nA lo largo de mi carrera he trabajado con m\u00faltiples marcas, ayud\u00e1ndolas a fortalecer su presencia en redes sociales. Mi experiencia abarca la creaci\u00f3n de contenido estrat\u00e9gico, la gesti\u00f3n de comunidades y el an\u00e1lisis de m\u00e9tricas.\n<\/div>\n<\/div><\/div>\n<\/div><div class=\"bde-div-180-129 bde-div\" data-entrance=\"slideUp\">\n  \n\t\n\n\n\n<div class=\"bde-columns-180-130 bde-columns\"><div class=\"bde-column-180-131 bde-column\">\n  \n\t\n\n\n\n<h4 class=\"bde-heading-180-162 bde-heading\">\nHabilidades Profesionales\n<\/h4><div class=\"bde-div-180-163 bde-div\">\n  \n\t\n\n\n\n<div class=\"bde-text-180-164 bde-text\">\nAumenta la productividad\n<\/div><div class=\"bde-progress-bar-180-165 bde-progress-bar\">\n<div class=\"bde-progress-bar__background\">\n  <div class=\"bde-progress-bar__progress-wrap\">\n    <div class=\"bde-progress-bar__progress\">\n      <div class=\"bde-progress-bar__title\" >\n        \n      <\/div>\n              <div class=\"bde-progress-bar__percent\">90%<\/div>\n          <\/div>\n  <\/div>\n<\/div>\n\n<\/div>\n<\/div><div class=\"bde-div-180-166 bde-div\">\n  \n\t\n\n\n\n<div class=\"bde-text-180-167 bde-text\">\nGesti\u00f3n del tiempo\n<\/div><div class=\"bde-progress-bar-180-168 bde-progress-bar\">\n<div class=\"bde-progress-bar__background\">\n  <div class=\"bde-progress-bar__progress-wrap\">\n    <div class=\"bde-progress-bar__progress\">\n      <div class=\"bde-progress-bar__title\" >\n        \n      <\/div>\n              <div class=\"bde-progress-bar__percent\">90%<\/div>\n          <\/div>\n  <\/div>\n<\/div>\n\n<\/div>\n<\/div><div class=\"bde-div-180-169 bde-div\">\n  \n\t\n\n\n\n<div class=\"bde-text-180-170 bde-text\">\nComunicaci\u00f3n efectiva\n<\/div><div class=\"bde-progress-bar-180-171 bde-progress-bar\">\n<div class=\"bde-progress-bar__background\">\n  <div class=\"bde-progress-bar__progress-wrap\">\n    <div class=\"bde-progress-bar__progress\">\n      <div class=\"bde-progress-bar__title\" >\n        \n      <\/div>\n              <div class=\"bde-progress-bar__percent\">90%<\/div>\n          <\/div>\n  <\/div>\n<\/div>\n\n<\/div>\n<\/div>\n<\/div><div class=\"bde-column-180-132 bde-column\">\n  \n\t\n\n\n\n<h4 class=\"bde-heading-180-161 bde-heading\">\nPrimeros A\u00f1os\n<\/h4><div class=\"bde-text-180-174 bde-text\">\nLos primeros a\u00f1os de mi carrera estuvieron marcados por una constante b\u00fasqueda de aprendizaje y crecimiento. Comenc\u00e9 en el mundo del marketing digital trabajando en peque\u00f1as agencias, donde adquir\u00ed habilidades clave en la gesti\u00f3n de redes sociales.\n<\/div><div class=\"bde-text-180-175 bde-text\">\nDurante este tiempo, me enfrent\u00e9 a desaf\u00edos que me impulsaron a desarrollar un enfoque estrat\u00e9gico para alcanzar los objetivos de los clientes. Fue en estos primeros a\u00f1os cuando descubr\u00ed mi verdadera pasi\u00f3n por las redes sociales.\n<\/div>\n<\/div><\/div>\n<\/div><div class=\"bde-div-180-125 bde-div\" data-entrance=\"slideUp\">\n  \n\t\n\n\n\n<div class=\"bde-columns-180-126 bde-columns\"><div class=\"bde-column-180-176 bde-column\">\n  \n\t\n\n\n\n<h4 class=\"bde-heading-180-177 bde-heading\">\nDirectrices de Carrera\n<\/h4><div class=\"bde-text-180-178 bde-text\">\nA lo largo de mi carrera, he seguido una serie de principios clave que me han permitido crecer profesionalmente. Primero, el aprendizaje constante ha sido fundamental: mantenerse actualizado con las \u00faltimas tendencias y herramientas digitales es esencial en el marketing. Adem\u00e1s, siempre he priorizado la empat\u00eda y la comunicaci\u00f3n efectiva, ya que son cruciales para entender las necesidades del cliente. Finalmente, creo firmemente en el trabajo en equipo, ya que cada proyecto es una colaboraci\u00f3n en la que cada miembro aporta algo \u00fanico.\n<\/div>\n<\/div><\/div>\n<\/div><div class=\"bde-div-180-121 bde-div\" data-entrance=\"slideUp\">\n  \n\t\n\n\n\n<div class=\"bde-columns-180-122 bde-columns\"><div class=\"bde-column-180-123 bde-column\">\n  \n\t\n\n\n\n<div class=\"bde-div-180-180 bde-div\" data-entrance=\"slideUp\">\n  \n\t\n\n\n\n<h3 class=\"bde-heading-180-208 bde-heading\">\nCont\u00e1ctanos\n<\/h3><div class=\"bde-form-builder-180-207 bde-form-builder\">\n\n\n<form id=\"contact-form207\" class=\"breakdance-form breakdance-form--vertical \" data-options=\"{&quot;slug&quot;:&quot;custom&quot;,&quot;name&quot;:&quot;Contact Form&quot;,&quot;ajaxUrl&quot;:&quot;https:\\\/\\\/nobacom.net\\\/pwe0046-asistente-virtual-layoutpack\\\/wp-admin\\\/admin-ajax.php&quot;,&quot;clearOnSuccess&quot;:true,&quot;hideOnSuccess&quot;:false,&quot;successMessage&quot;:&quot;\\u00a1Tu mensaje ha sido recibido!&quot;,&quot;errorMessage&quot;:&quot;Algo sali\\u00f3 mal&quot;,&quot;redirect&quot;:false,&quot;redirectUrl&quot;:&quot;&quot;,&quot;customJavaScript&quot;:&quot;&quot;,&quot;recaptcha&quot;:{&quot;key&quot;:&quot;&quot;,&quot;enabled&quot;:false},&quot;honeypot_enabled&quot;:false,&quot;popupsOnSuccess&quot;:[],&quot;popupsOnError&quot;:[]}\" data-steps=\"0\" >\n  \n  \n  \n<div class=\"breakdance-form-field breakdance-form-field--text\" >\n    \n    \n    \n    <input\n    class=\"breakdance-form-field__input\"\n    id=\"name\"\n    aria-describedby=\"name\"\n    type=\"text\"\n    name=\"fields[name]\"\n    placeholder=\"Nombre\"\n    value=\"\"\n                \n        \n        \n    required\n    \n    \n>\n\n\n    \n    \n<\/div>\n\n\n<div class=\"breakdance-form-field breakdance-form-field--email\" >\n    \n    \n    \n    <input\n    class=\"breakdance-form-field__input\"\n    id=\"email\"\n    aria-describedby=\"email\"\n    type=\"email\"\n    name=\"fields[email]\"\n    placeholder=\"Email\"\n    value=\"\"\n                \n        \n        \n    required\n    \n    \n>\n\n\n    \n    \n<\/div>\n\n\n<div class=\"breakdance-form-field breakdance-form-field--tel\" >\n    \n    \n    \n    <input\n    class=\"breakdance-form-field__input\"\n    id=\"hnqkfh\"\n    aria-describedby=\"hnqkfh\"\n    type=\"tel\"\n    name=\"fields[hnqkfh]\"\n    placeholder=\"Tel\u00e9fono\"\n    value=\"\"\n                \n        \n        \n    required\n    \n    \n>\n\n\n    \n    \n<\/div>\n\n\n<div class=\"breakdance-form-field breakdance-form-field--textarea\" >\n    \n    \n    \n    <textarea\n    class=\"breakdance-form-field__input\"\n    id=\"message\"\n    aria-describedby=\"message\"\n    type=\"textarea\"\n    name=\"fields[message]\"\n        placeholder=\"Mensaje\"\n    required\n    >\n<\/textarea>\n\n\n    \n    \n<\/div>\n\n\n  \n\n<div class=\"breakdance-form-field breakdance-form-footer\">\n    \n    \n                                    \n    \n    \n    \n    \n            \n            <button type=\"submit\" class=\"button-atom button-atom--primary breakdance-form-button breakdance-form-button__submit\"  >\n    \n        <span class=\"button-atom__text\">Enviar<\/span>\n\n        \n        \n            <\/button>\n    \n    <input type=\"hidden\" name=\"form_id\" value=\"207\">\n    <input type=\"hidden\" name=\"post_id\" value=\"180\">\n<\/div>\n\n  \n<\/form>\n\n\n\n<\/div>\n<\/div>\n<\/div><\/div>\n<\/div><div class=\"bde-div-180-117 bde-div\" data-entrance=\"slideUp\">\n  \n\t\n\n\n\n<div class=\"bde-columns-180-118 bde-columns\"><div class=\"bde-column-180-119 bde-column\">\n  \n\t\n\n\n\n\n<\/div><div class=\"bde-column-180-120 bde-column\">\n  \n\t\n\n\n\n\n<\/div><\/div>\n<\/div><div class=\"bde-div-180-113 bde-div\" data-entrance=\"slideUp\">\n  \n\t\n\n\n\n<div class=\"bde-columns-180-114 bde-columns\"><div class=\"bde-column-180-115 bde-column\">\n  \n\t\n\n\n\n\n<\/div><div class=\"bde-column-180-116 bde-column\">\n  \n\t\n\n\n\n\n<\/div><\/div>\n<\/div><\/div>\n<\/section>","protected":false},"excerpt":{"rendered":"<p>Perfil del equipo Inicio Perfil del equipo Carlos Fern\u00e1ndez Especialista en Redes Sociales Cargo: Especialista en Redes Sociales Responsabilidad: Desarrollar estrategias de contenido Experiencia: 5 a\u00f1os Email : info@nobacom.com Tel\u00e9fono: 314 314 1496 Direcci\u00f3n: Calle 103 # 34 &#8211; 21 Experiencia Personal Con m\u00e1s de 5 a\u00f1os de experiencia en el sector, he trabajado con [&hellip;]<\/p>\n","protected":false},"author":1,"featured_media":0,"parent":0,"menu_order":0,"comment_status":"closed","ping_status":"closed","template":"","meta":{"_breakdance_hide_in_design_set":false,"_breakdance_tags":"","_joinchat":[],"footnotes":""},"class_list":["post-180","page","type-page","status-publish","hentry"],"yoast_head":"<!-- This site is optimized with the Yoast SEO plugin v24.7 - https:\/\/yoast.com\/wordpress\/plugins\/seo\/ -->\n<title>Perfil del equipo - pwe0046-asistente-virtual-layoutpack<\/title>\n<meta name=\"robots\" content=\"noindex, follow, max-snippet:-1, max-image-preview:large, max-video-preview:-1\" \/>\n<meta property=\"og:locale\" content=\"es_ES\" \/>\n<meta property=\"og:type\" content=\"article\" \/>\n<meta property=\"og:title\" content=\"Perfil del equipo - pwe0046-asistente-virtual-layoutpack\" \/>\n<meta property=\"og:description\" content=\"Perfil del equipo Inicio Perfil del equipo Carlos Fern\u00e1ndez Especialista en Redes Sociales Cargo: Especialista en Redes Sociales Responsabilidad: Desarrollar estrategias de contenido Experiencia: 5 a\u00f1os Email : info@nobacom.com Tel\u00e9fono: 314 314 1496 Direcci\u00f3n: Calle 103 # 34 - 21 Experiencia Personal Con m\u00e1s de 5 a\u00f1os de experiencia en el sector, he trabajado con [&hellip;]\" \/>\n<meta property=\"og:url\" content=\"https:\/\/nobacom.net\/pwe0046-asistente-virtual-layoutpack\/perfil-equipo\/\" \/>\n<meta property=\"og:site_name\" content=\"pwe0046-asistente-virtual-layoutpack\" \/>\n<meta property=\"article:publisher\" content=\"https:\/\/www.facebook.com\/nobacomdigital\" \/>\n<meta property=\"article:modified_time\" content=\"2025-05-02T22:18:41+00:00\" \/>\n<meta name=\"twitter:card\" content=\"summary_large_image\" \/>\n<script type=\"application\/ld+json\" class=\"yoast-schema-graph\">{\"@context\":\"https:\/\/schema.org\",\"@graph\":[{\"@type\":\"WebPage\",\"@id\":\"https:\/\/nobacom.net\/pwe0046-asistente-virtual-layoutpack\/perfil-equipo\/\",\"url\":\"https:\/\/nobacom.net\/pwe0046-asistente-virtual-layoutpack\/perfil-equipo\/\",\"name\":\"Perfil del equipo - pwe0046-asistente-virtual-layoutpack\",\"isPartOf\":{\"@id\":\"https:\/\/nobacom.net\/pwe0046-asistente-virtual-layoutpack\/#website\"},\"datePublished\":\"2024-02-26T07:13:22+00:00\",\"dateModified\":\"2025-05-02T22:18:41+00:00\",\"breadcrumb\":{\"@id\":\"https:\/\/nobacom.net\/pwe0046-asistente-virtual-layoutpack\/perfil-equipo\/#breadcrumb\"},\"inLanguage\":\"es\",\"potentialAction\":[{\"@type\":\"ReadAction\",\"target\":[\"https:\/\/nobacom.net\/pwe0046-asistente-virtual-layoutpack\/perfil-equipo\/\"]}]},{\"@type\":\"BreadcrumbList\",\"@id\":\"https:\/\/nobacom.net\/pwe0046-asistente-virtual-layoutpack\/perfil-equipo\/#breadcrumb\",\"itemListElement\":[{\"@type\":\"ListItem\",\"position\":1,\"name\":\"Portada\",\"item\":\"https:\/\/nobacom.net\/pwe0046-asistente-virtual-layoutpack\/\"},{\"@type\":\"ListItem\",\"position\":2,\"name\":\"Perfil del equipo\"}]},{\"@type\":\"WebSite\",\"@id\":\"https:\/\/nobacom.net\/pwe0046-asistente-virtual-layoutpack\/#website\",\"url\":\"https:\/\/nobacom.net\/pwe0046-asistente-virtual-layoutpack\/\",\"name\":\"Wordpress Nobacom Base\",\"description\":\"\",\"publisher\":{\"@id\":\"https:\/\/nobacom.net\/pwe0046-asistente-virtual-layoutpack\/#organization\"},\"potentialAction\":[{\"@type\":\"SearchAction\",\"target\":{\"@type\":\"EntryPoint\",\"urlTemplate\":\"https:\/\/nobacom.net\/pwe0046-asistente-virtual-layoutpack\/?s={search_term_string}\"},\"query-input\":{\"@type\":\"PropertyValueSpecification\",\"valueRequired\":true,\"valueName\":\"search_term_string\"}}],\"inLanguage\":\"es\"},{\"@type\":\"Organization\",\"@id\":\"https:\/\/nobacom.net\/pwe0046-asistente-virtual-layoutpack\/#organization\",\"name\":\"Wordpress Nobacom Base\",\"url\":\"https:\/\/nobacom.net\/pwe0046-asistente-virtual-layoutpack\/\",\"logo\":{\"@type\":\"ImageObject\",\"inLanguage\":\"es\",\"@id\":\"https:\/\/nobacom.net\/pwe0046-asistente-virtual-layoutpack\/#\/schema\/logo\/image\/\",\"url\":\"https:\/\/nobacom.net\/pwe0046-asistente-virtual-layoutpack\/wp-content\/uploads\/2024\/12\/Logo-Nobacom-fondo-blanco-negro.png\",\"contentUrl\":\"https:\/\/nobacom.net\/pwe0046-asistente-virtual-layoutpack\/wp-content\/uploads\/2024\/12\/Logo-Nobacom-fondo-blanco-negro.png\",\"width\":1103,\"height\":835,\"caption\":\"Wordpress Nobacom Base\"},\"image\":{\"@id\":\"https:\/\/nobacom.net\/pwe0046-asistente-virtual-layoutpack\/#\/schema\/logo\/image\/\"},\"sameAs\":[\"https:\/\/www.facebook.com\/nobacomdigital\"]}]}<\/script>\n<!-- \/ Yoast SEO plugin. -->","yoast_head_json":{"title":"Perfil del equipo - pwe0046-asistente-virtual-layoutpack","robots":{"index":"noindex","follow":"follow","max-snippet":"max-snippet:-1","max-image-preview":"max-image-preview:large","max-video-preview":"max-video-preview:-1"},"og_locale":"es_ES","og_type":"article","og_title":"Perfil del equipo - pwe0046-asistente-virtual-layoutpack","og_description":"Perfil del equipo Inicio Perfil del equipo Carlos Fern\u00e1ndez Especialista en Redes Sociales Cargo: Especialista en Redes Sociales Responsabilidad: Desarrollar estrategias de contenido Experiencia: 5 a\u00f1os Email : info@nobacom.com Tel\u00e9fono: 314 314 1496 Direcci\u00f3n: Calle 103 # 34 - 21 Experiencia Personal Con m\u00e1s de 5 a\u00f1os de experiencia en el sector, he trabajado con [&hellip;]","og_url":"https:\/\/nobacom.net\/pwe0046-asistente-virtual-layoutpack\/perfil-equipo\/","og_site_name":"pwe0046-asistente-virtual-layoutpack","article_publisher":"https:\/\/www.facebook.com\/nobacomdigital","article_modified_time":"2025-05-02T22:18:41+00:00","twitter_card":"summary_large_image","schema":{"@context":"https:\/\/schema.org","@graph":[{"@type":"WebPage","@id":"https:\/\/nobacom.net\/pwe0046-asistente-virtual-layoutpack\/perfil-equipo\/","url":"https:\/\/nobacom.net\/pwe0046-asistente-virtual-layoutpack\/perfil-equipo\/","name":"Perfil del equipo - pwe0046-asistente-virtual-layoutpack","isPartOf":{"@id":"https:\/\/nobacom.net\/pwe0046-asistente-virtual-layoutpack\/#website"},"datePublished":"2024-02-26T07:13:22+00:00","dateModified":"2025-05-02T22:18:41+00:00","breadcrumb":{"@id":"https:\/\/nobacom.net\/pwe0046-asistente-virtual-layoutpack\/perfil-equipo\/#breadcrumb"},"inLanguage":"es","potentialAction":[{"@type":"ReadAction","target":["https:\/\/nobacom.net\/pwe0046-asistente-virtual-layoutpack\/perfil-equipo\/"]}]},{"@type":"BreadcrumbList","@id":"https:\/\/nobacom.net\/pwe0046-asistente-virtual-layoutpack\/perfil-equipo\/#breadcrumb","itemListElement":[{"@type":"ListItem","position":1,"name":"Portada","item":"https:\/\/nobacom.net\/pwe0046-asistente-virtual-layoutpack\/"},{"@type":"ListItem","position":2,"name":"Perfil del equipo"}]},{"@type":"WebSite","@id":"https:\/\/nobacom.net\/pwe0046-asistente-virtual-layoutpack\/#website","url":"https:\/\/nobacom.net\/pwe0046-asistente-virtual-layoutpack\/","name":"Wordpress Nobacom Base","description":"","publisher":{"@id":"https:\/\/nobacom.net\/pwe0046-asistente-virtual-layoutpack\/#organization"},"potentialAction":[{"@type":"SearchAction","target":{"@type":"EntryPoint","urlTemplate":"https:\/\/nobacom.net\/pwe0046-asistente-virtual-layoutpack\/?s={search_term_string}"},"query-input":{"@type":"PropertyValueSpecification","valueRequired":true,"valueName":"search_term_string"}}],"inLanguage":"es"},{"@type":"Organization","@id":"https:\/\/nobacom.net\/pwe0046-asistente-virtual-layoutpack\/#organization","name":"Wordpress Nobacom Base","url":"https:\/\/nobacom.net\/pwe0046-asistente-virtual-layoutpack\/","logo":{"@type":"ImageObject","inLanguage":"es","@id":"https:\/\/nobacom.net\/pwe0046-asistente-virtual-layoutpack\/#\/schema\/logo\/image\/","url":"https:\/\/nobacom.net\/pwe0046-asistente-virtual-layoutpack\/wp-content\/uploads\/2024\/12\/Logo-Nobacom-fondo-blanco-negro.png","contentUrl":"https:\/\/nobacom.net\/pwe0046-asistente-virtual-layoutpack\/wp-content\/uploads\/2024\/12\/Logo-Nobacom-fondo-blanco-negro.png","width":1103,"height":835,"caption":"Wordpress Nobacom Base"},"image":{"@id":"https:\/\/nobacom.net\/pwe0046-asistente-virtual-layoutpack\/#\/schema\/logo\/image\/"},"sameAs":["https:\/\/www.facebook.com\/nobacomdigital"]}]}},"_links":{"self":[{"href":"https:\/\/nobacom.net\/pwe0046-asistente-virtual-layoutpack\/wp-json\/wp\/v2\/pages\/180","targetHints":{"allow":["GET"]}}],"collection":[{"href":"https:\/\/nobacom.net\/pwe0046-asistente-virtual-layoutpack\/wp-json\/wp\/v2\/pages"}],"about":[{"href":"https:\/\/nobacom.net\/pwe0046-asistente-virtual-layoutpack\/wp-json\/wp\/v2\/types\/page"}],"author":[{"embeddable":true,"href":"https:\/\/nobacom.net\/pwe0046-asistente-virtual-layoutpack\/wp-json\/wp\/v2\/users\/1"}],"replies":[{"embeddable":true,"href":"https:\/\/nobacom.net\/pwe0046-asistente-virtual-layoutpack\/wp-json\/wp\/v2\/comments?post=180"}],"version-history":[{"count":8,"href":"https:\/\/nobacom.net\/pwe0046-asistente-virtual-layoutpack\/wp-json\/wp\/v2\/pages\/180\/revisions"}],"predecessor-version":[{"id":483,"href":"https:\/\/nobacom.net\/pwe0046-asistente-virtual-layoutpack\/wp-json\/wp\/v2\/pages\/180\/revisions\/483"}],"wp:attachment":[{"href":"https:\/\/nobacom.net\/pwe0046-asistente-virtual-layoutpack\/wp-json\/wp\/v2\/media?parent=180"}],"curies":[{"name":"wp","href":"https:\/\/api.w.org\/{rel}","templated":true}]}}