{"id":184,"date":"2024-02-26T07:13:56","date_gmt":"2024-02-26T07:13:56","guid":{"rendered":"https:\/\/bdlayoutspack.com\/breakdance-virtual-assistant-layouts-pack\/?page_id=184"},"modified":"2025-05-02T16:49:44","modified_gmt":"2025-05-02T21:49:44","slug":"linea-tiempo","status":"publish","type":"page","link":"https:\/\/nobacom.net\/pwe0046-asistente-virtual-layoutpack\/linea-tiempo\/","title":{"rendered":"L\u00ednea de tiempo"},"content":{"rendered":"<section class=\"bde-section-184-100 bde-section\">\n              \n  \n\t\n\n  <div class=\"section-background-overlay\"><\/div>\n\n\n<div class=\"section-container\"><div class=\"bde-div-184-101 bde-div\" data-entrance=\"slideUp\">\n  \n\t\n\n\n\n<div class=\"bde-columns-184-102 bde-columns\"><div class=\"bde-column-184-103 bde-column\">\n  \n\t\n\n\n\n<h1 class=\"bde-heading-184-104 bde-heading\">\nL\u00ednea de tiempo\n<\/h1><div class=\"bde-div-184-105 bde-div\">\n  \n\t\n\n\n\n<div class=\"bde-button-184-106 bde-button\">\n    \n                                    \n    \n    \n    \n    \n            \n                    \n            \n            \n\n    \n    \n    \n    \n    \n    <a class=\"breakdance-link button-atom button-atom--custom bde-button__button\" href=\"https:\/\/nobacom.net\/pwe0046-asistente-virtual-layoutpack\" target=\"_self\" data-type=\"url\"  >\n\n    \n        <span class=\"button-atom__text\">Inicio<\/span>\n\n                            \n        \n                <\/a>\n\n    \n\n\n<\/div><div class=\"bde-button-184-107 bde-button\">\n    \n                                    \n    \n    \n    \n    \n            \n            <button type=\"button\" class=\"button-atom button-atom--custom bde-button__button\"  >\n    \n        <span class=\"button-atom__text\">L\u00ednea de tiempo<\/span>\n\n                            \n        \n            <\/button>\n    \n\n\n<\/div>\n<\/div>\n<\/div><\/div>\n<\/div><\/div>\n<\/section><section class=\"bde-section-184-108 bde-section\">\n  \n\t\n\n\n\n<div class=\"section-container\"><div class=\"bde-div-184-109 bde-div\" data-entrance=\"slideUp\">\n  \n\t\n\n\n\n<div class=\"bde-columns-184-110 bde-columns\"><div class=\"bde-column-184-111 bde-column\">\n  \n\t\n\n\n\n<div class=\"bde-div-184-113 bde-div\">\n  \n\t\n\n\n\n<div class=\"bde-text-184-115 bde-text\">\nEnero 2020\n<\/div><h4 class=\"bde-heading-184-114 bde-heading\">\nFundaci\u00f3n de la Empresa\n<\/h4><div class=\"bde-text-184-116 bde-text\">\nEn enero de 2020, naci\u00f3 nuestra empresa con el objetivo de ofrecer soluciones innovadoras en asistencia virtual. Desde el principio, nos enfocamos en brindar un servicio personalizado y eficiente,\n<\/div><div class=\"bde-div-184-122 bde-div\">\n  \n\t\n\n\n\n\n<\/div>\n<\/div><div class=\"bde-div-184-182 bde-div\">\n  \n\t\n\n\n\n<div class=\"bde-text-184-183 bde-text\">\nMarzo 2020\n<\/div><h4 class=\"bde-heading-184-184 bde-heading\">\nExpansi\u00f3n de Servicios\n<\/h4><div class=\"bde-text-184-185 bde-text\">\nEn marzo de 2020, decidimos ampliar nuestra oferta, incorporando nuevos servicios como la gesti\u00f3n de redes sociales y la creaci\u00f3n de contenidos. Esto nos permiti\u00f3 adaptarnos a las necesidades crecientes de nuestros clientes\n<\/div><div class=\"bde-div-184-186 bde-div\">\n  \n\t\n\n\n\n\n<\/div>\n<\/div><div class=\"bde-div-184-187 bde-div\">\n  \n\t\n\n\n\n<div class=\"bde-text-184-188 bde-text\">\nJulio 2020\n<\/div><h4 class=\"bde-heading-184-189 bde-heading\">\nPrimeros Clientes Internacionales\n<\/h4><div class=\"bde-text-184-190 bde-text\">\n En julio de 2020, logramos conseguir nuestros primeros clientes internacionales, expandiendo nuestras operaciones m\u00e1s all\u00e1 de las fronteras. Este hito fue crucial para consolidarnos como una empresa global.\n<\/div><div class=\"bde-div-184-191 bde-div\">\n  \n\t\n\n\n\n\n<\/div>\n<\/div><div class=\"bde-div-184-192 bde-div\">\n  \n\t\n\n\n\n<div class=\"bde-text-184-193 bde-text\">\nNoviembre 2020\n<\/div><h4 class=\"bde-heading-184-194 bde-heading\">\nDesarrollo de Plataforma Propia\n<\/h4><div class=\"bde-text-184-195 bde-text\">\nEn noviembre de 2020, lanzamos nuestra propia plataforma para gestionar tareas y proyectos de manera m\u00e1s eficiente. Esta herramienta nos permiti\u00f3 mejorar la comunicaci\u00f3n con nuestros clientes y optimizar procesos internos.\n<\/div><div class=\"bde-div-184-196 bde-div\">\n  \n\t\n\n\n\n\n<\/div>\n<\/div><div class=\"bde-div-184-121 bde-div\">\n  \n\t\n\n\n\n\n<\/div>\n<\/div><div class=\"bde-column-184-197 bde-column\">\n  \n\t\n\n\n\n<div class=\"bde-div-184-198 bde-div\">\n  \n\t\n\n\n\n<div class=\"bde-text-184-199 bde-text\">\nFebrero 2021\n<\/div><h4 class=\"bde-heading-184-200 bde-heading\">\nCreaci\u00f3n de Equipo de Soporte\n<\/h4><div class=\"bde-text-184-201 bde-text\">\nEn febrero de 2021, creamos un equipo de soporte dedicado para asistir a nuestros clientes las 24 horas del d\u00eda. Este equipo altamente capacitado ha sido clave para garantizar la calidad de nuestro servicio y la satisfacci\u00f3n continua.\n<\/div><div class=\"bde-div-184-202 bde-div\">\n  \n\t\n\n\n\n\n<\/div>\n<\/div><div class=\"bde-div-184-203 bde-div\">\n  \n\t\n\n\n\n<div class=\"bde-text-184-204 bde-text\">\nJunio 2021\n<\/div><h4 class=\"bde-heading-184-205 bde-heading\">\nIntegraci\u00f3n con Herramientas de Colaboraci\u00f3n\n<\/h4><div class=\"bde-text-184-206 bde-text\">\n En junio de 2021, integramos nuestra plataforma con herramientas de colaboraci\u00f3n como Slack y Trello. Esto permiti\u00f3 a nuestros clientes gestionar proyectos de manera m\u00e1s eficiente, con un acceso directo a las herramientas.\n<\/div><div class=\"bde-div-184-207 bde-div\">\n  \n\t\n\n\n\n\n<\/div>\n<\/div><div class=\"bde-div-184-208 bde-div\">\n  \n\t\n\n\n\n<div class=\"bde-text-184-209 bde-text\">\nOctubre 2021\n<\/div><h4 class=\"bde-heading-184-210 bde-heading\">\nExpansi\u00f3n del Equipo\n<\/h4><div class=\"bde-text-184-211 bde-text\">\nEn octubre de 2021, expandimos nuestro equipo de trabajo, contratando m\u00e1s asistentes virtuales especializados. Esto nos permiti\u00f3 aumentar nuestra capacidad de respuesta y seguir ofreciendo soluciones personalizadas a medida.\n<\/div><div class=\"bde-div-184-212 bde-div\">\n  \n\t\n\n\n\n\n<\/div>\n<\/div><div class=\"bde-div-184-213 bde-div\">\n  \n\t\n\n\n\n<div class=\"bde-text-184-214 bde-text\">\nEnero 2022\n<\/div><h4 class=\"bde-heading-184-215 bde-heading\">\nReconocimiento en el Mercado\n<\/h4><div class=\"bde-text-184-216 bde-text\">\nEn enero de 2022, nuestra empresa recibi\u00f3 el reconocimiento por parte de importantes organizaciones del sector. Este logro reafirm\u00f3 nuestro compromiso con la excelencia y nos motiv\u00f3 a seguir innovando.\n<\/div><div class=\"bde-div-184-217 bde-div\">\n  \n\t\n\n\n\n\n<\/div>\n<\/div><div class=\"bde-div-184-218 bde-div\">\n  \n\t\n\n\n\n\n<\/div>\n<\/div><\/div>\n<\/div><\/div>\n<\/section><section class=\"bde-section-184-219 bde-section\">\n              \n  \n\t\n\n  <div class=\"section-background-overlay\"><\/div>\n\n\n<div class=\"section-container\"><div class=\"bde-div-184-220 bde-div\" data-entrance=\"slideUp\">\n  \n\t\n\n\n\n<div class=\"bde-columns-184-221 bde-columns\"><div class=\"bde-column-184-222 bde-column\">\n  \n\t\n\n\n\n<h3 class=\"bde-heading-184-223 bde-heading\">\n\u00bfTienes dudas sobre nuestras funciones?<br>Obt\u00e9n una consulta\n<\/h3><div class=\"bde-button-184-224 bde-button\">\n    \n                                    \n    \n    \n    \n    \n            \n                    \n            \n            \n\n    \n    \n    \n    \n    \n    <a class=\"breakdance-link button-atom button-atom--primary bde-button__button\" href=\"https:\/\/nobacom.net\/pwe0046-asistente-virtual-layoutpack\/contactanos\/\" target=\"_self\" data-type=\"url\"  >\n\n    \n        <span class=\"button-atom__text\">Cont\u00e1ctanos<\/span>\n\n        \n        \n                <\/a>\n\n    \n\n\n<\/div>\n<\/div><div class=\"bde-column-184-225 bde-column\">\n  \n\t\n\n\n\n<div class=\"bde-icon-184-226 bde-icon\">\n\n    \n                    \n            \n            \n\n    \n    \n    \n    \n    \n    <a class=\"breakdance-link bde-icon-icon breakdance-icon-atom\" href=\"#\" target=\"_self\" data-type=\"url\"  >\n\n    \n                    <svg xmlns=\"http:\/\/www.w3.org\/2000\/svg\" viewBox=\"0 0 448 512\"><!-- Font Awesome Free 5.15.1 by @fontawesome - https:\/\/fontawesome.com License - https:\/\/fontawesome.com\/license\/free (Icons: CC BY 4.0, Fonts: SIL OFL 1.1, Code: MIT License) --><path d=\"M424.4 214.7L72.4 6.6C43.8-10.3 0 6.1 0 47.9V464c0 37.5 40.7 60.1 72.4 41.3l352-208c31.4-18.5 31.5-64.1 0-82.6z\"\/><\/svg>\n        \n        \n        \n                <\/a>\n\n    \n\n\n<\/div><div class=\"bde-text-184-227 bde-text\">\nVer video\n<\/div>\n<\/div><\/div>\n<\/div><\/div>\n<\/section><section class=\"bde-section-184-228 bde-section\">\n  \n\t\n\n\n\n<div class=\"section-container\"><div class=\"bde-div-184-229 bde-div\" data-entrance=\"slideUp\">\n  \n\t\n\n\n\n<div class=\"bde-columns-184-230 bde-columns\"><div class=\"bde-column-184-231 bde-column\">\n  \n\t\n\n\n\n<div class=\"bde-grid-184-232 bde-grid\">\n  \n\t\n\n\n\n<div class=\"bde-icon-box-184-233 bde-icon-box\">\n\n    \n            <div class=\"ee-iconbox-icon breakdance-icon-atom\" >\n    \n                    <svg xmlns=\"http:\/\/www.w3.org\/2000\/svg\" viewBox=\"0 0 448 512\"><!-- Font Awesome Free 5.15.1 by @fontawesome - https:\/\/fontawesome.com License - https:\/\/fontawesome.com\/license\/free (Icons: CC BY 4.0, Fonts: SIL OFL 1.1, Code: MIT License) --><path d=\"M320 448v40c0 13.255-10.745 24-24 24H24c-13.255 0-24-10.745-24-24V120c0-13.255 10.745-24 24-24h72v296c0 30.879 25.121 56 56 56h168zm0-344V0H152c-13.255 0-24 10.745-24 24v368c0 13.255 10.745 24 24 24h272c13.255 0 24-10.745 24-24V128H344c-13.2 0-24-10.8-24-24zm120.971-31.029L375.029 7.029A24 24 0 0 0 358.059 0H352v96h96v-6.059a24 24 0 0 0-7.029-16.97z\"\/><\/svg>\n        \n        \n        \n            <\/div>\n    \n\n<div class=\"ee-iconbox-content\">\n      <h4 class=\"ee-iconbox-title bde-h3\" >Redactor Publicitario<\/h4>\n        <div class=\"ee-iconbox-text\" >Creaci\u00f3n de contenido atractivo y persuasivo para captar la atenci\u00f3n de tu audiencia.<\/div>\n    <\/div>\n\n<\/div><div class=\"bde-icon-box-184-234 bde-icon-box\">\n\n    \n            <div class=\"ee-iconbox-icon breakdance-icon-atom\" >\n    \n                    <svg xmlns=\"http:\/\/www.w3.org\/2000\/svg\" viewBox=\"0 0 512 512\"><!-- Font Awesome Free 5.15.1 by @fontawesome - https:\/\/fontawesome.com License - https:\/\/fontawesome.com\/license\/free (Icons: CC BY 4.0, Fonts: SIL OFL 1.1, Code: MIT License) --><path d=\"M128,256A128,128,0,1,0,256,384,128,128,0,0,0,128,256Zm379-54.86L400.07,18.29a37.26,37.26,0,0,0-64.14,0L229,201.14C214.76,225.52,232.58,256,261.09,256H474.91C503.42,256,521.24,225.52,507,201.14ZM480,288H320a32,32,0,0,0-32,32V480a32,32,0,0,0,32,32H480a32,32,0,0,0,32-32V320A32,32,0,0,0,480,288Z\"\/><\/svg>\n        \n        \n        \n            <\/div>\n    \n\n<div class=\"ee-iconbox-content\">\n      <h4 class=\"ee-iconbox-title bde-h3\" >Dise\u00f1o<\/h4>\n        <div class=\"ee-iconbox-text\" >Dise\u00f1o visual impactante que comunica eficazmente tu mensaje y refuerza tu identidad.<\/div>\n    <\/div>\n\n<\/div><div class=\"bde-icon-box-184-235 bde-icon-box\">\n\n    \n            <div class=\"ee-iconbox-icon breakdance-icon-atom\" >\n    \n                    <svg xmlns=\"http:\/\/www.w3.org\/2000\/svg\" viewBox=\"0 0 576 512\"><!-- Font Awesome Free 5.15.1 by @fontawesome - https:\/\/fontawesome.com License - https:\/\/fontawesome.com\/license\/free (Icons: CC BY 4.0, Fonts: SIL OFL 1.1, Code: MIT License) --><path d=\"M568.482 177.448L424.479 313.433C409.3 327.768 384 317.14 384 295.985v-71.963c-144.575.97-205.566 35.113-164.775 171.353 4.483 14.973-12.846 26.567-25.006 17.33C155.252 383.105 120 326.488 120 269.339c0-143.937 117.599-172.5 264-173.312V24.012c0-21.174 25.317-31.768 40.479-17.448l144.003 135.988c10.02 9.463 10.028 25.425 0 34.896zM384 379.128V448H64V128h50.916a11.99 11.99 0 0 0 8.648-3.693c14.953-15.568 32.237-27.89 51.014-37.676C185.708 80.83 181.584 64 169.033 64H48C21.49 64 0 85.49 0 112v352c0 26.51 21.49 48 48 48h352c26.51 0 48-21.49 48-48v-88.806c0-8.288-8.197-14.066-16.011-11.302a71.83 71.83 0 0 1-34.189 3.377c-7.27-1.046-13.8 4.514-13.8 11.859z\"\/><\/svg>\n        \n        \n        \n            <\/div>\n    \n\n<div class=\"ee-iconbox-content\">\n      <h4 class=\"ee-iconbox-title bde-h3\" >Marketing<\/h4>\n        <div class=\"ee-iconbox-text\" >Estrategias de marketing personalizadas para aumentar tu visibilidad y conectar con clientes.<\/div>\n    <\/div>\n\n<\/div><div class=\"bde-icon-box-184-236 bde-icon-box\">\n\n    \n            <div class=\"ee-iconbox-icon breakdance-icon-atom\" >\n    \n                    <svg xmlns=\"http:\/\/www.w3.org\/2000\/svg\" viewBox=\"0 0 512 512\"><!-- Font Awesome Free 5.15.1 by @fontawesome - https:\/\/fontawesome.com License - https:\/\/fontawesome.com\/license\/free (Icons: CC BY 4.0, Fonts: SIL OFL 1.1, Code: MIT License) --><path d=\"M505 442.7L405.3 343c-4.5-4.5-10.6-7-17-7H372c27.6-35.3 44-79.7 44-128C416 93.1 322.9 0 208 0S0 93.1 0 208s93.1 208 208 208c48.3 0 92.7-16.4 128-44v16.3c0 6.4 2.5 12.5 7 17l99.7 99.7c9.4 9.4 24.6 9.4 33.9 0l28.3-28.3c9.4-9.4 9.4-24.6.1-34zM208 336c-70.7 0-128-57.2-128-128 0-70.7 57.2-128 128-128 70.7 0 128 57.2 128 128 0 70.7-57.2 128-128 128z\"\/><\/svg>\n        \n        \n        \n            <\/div>\n    \n\n<div class=\"ee-iconbox-content\">\n      <h4 class=\"ee-iconbox-title bde-h3\" >Investigador<\/h4>\n        <div class=\"ee-iconbox-text\" >Investigaci\u00f3n detallada para ofrecerte soluciones basadas en datos y resultados precisos.<\/div>\n    <\/div>\n\n<\/div>\n<\/div>\n<\/div><div class=\"bde-column-184-237 bde-column\">\n  \n\t\n\n\n\n<h4 class=\"bde-heading-184-238 bde-heading\">\nImplementa tu proyecto de manera segura\n<\/h4><div class=\"bde-form-builder-184-239 bde-form-builder\">\n\n\n<form id=\"contact-form239\" class=\"breakdance-form breakdance-form--vertical \" data-options=\"{&quot;slug&quot;:&quot;custom&quot;,&quot;name&quot;:&quot;Contact Form&quot;,&quot;ajaxUrl&quot;:&quot;https:\\\/\\\/nobacom.net\\\/pwe0046-asistente-virtual-layoutpack\\\/wp-admin\\\/admin-ajax.php&quot;,&quot;clearOnSuccess&quot;:true,&quot;hideOnSuccess&quot;:false,&quot;successMessage&quot;:&quot;\\u00a1Tu mensaje ha sido recibido!&quot;,&quot;errorMessage&quot;:&quot;Algo sali\\u00f3 mal&quot;,&quot;redirect&quot;:false,&quot;redirectUrl&quot;:&quot;&quot;,&quot;customJavaScript&quot;:&quot;&quot;,&quot;recaptcha&quot;:{&quot;key&quot;:&quot;&quot;,&quot;enabled&quot;:false},&quot;honeypot_enabled&quot;:false,&quot;popupsOnSuccess&quot;:[],&quot;popupsOnError&quot;:[]}\" data-steps=\"0\" >\n  \n  \n  \n<div class=\"breakdance-form-field breakdance-form-field--text\" >\n    \n    \n    \n    <input\n    class=\"breakdance-form-field__input\"\n    id=\"name\"\n    aria-describedby=\"name\"\n    type=\"text\"\n    name=\"fields[name]\"\n    placeholder=\"Nombre\"\n    value=\"\"\n                \n        \n        \n    required\n    \n    \n>\n\n\n    \n    \n<\/div>\n\n\n<div class=\"breakdance-form-field breakdance-form-field--email\" >\n    \n    \n    \n    <input\n    class=\"breakdance-form-field__input\"\n    id=\"email\"\n    aria-describedby=\"email\"\n    type=\"email\"\n    name=\"fields[email]\"\n    placeholder=\"Email\"\n    value=\"\"\n                \n        \n        \n    required\n    \n    \n>\n\n\n    \n    \n<\/div>\n\n\n<div class=\"breakdance-form-field breakdance-form-field--tel\" >\n    \n    \n    \n    <input\n    class=\"breakdance-form-field__input\"\n    id=\"hnqkfh\"\n    aria-describedby=\"hnqkfh\"\n    type=\"tel\"\n    name=\"fields[hnqkfh]\"\n    placeholder=\"Tel\u00e9fono\"\n    value=\"\"\n                \n        \n        \n    required\n    \n    \n>\n\n\n    \n    \n<\/div>\n\n\n<div class=\"breakdance-form-field breakdance-form-field--textarea\" >\n    \n    \n    \n    <textarea\n    class=\"breakdance-form-field__input\"\n    id=\"message\"\n    aria-describedby=\"message\"\n    type=\"textarea\"\n    name=\"fields[message]\"\n        placeholder=\"Mensaje\"\n    required\n    >\n<\/textarea>\n\n\n    \n    \n<\/div>\n\n\n  \n\n<div class=\"breakdance-form-field breakdance-form-footer\">\n    \n    \n                                    \n    \n    \n    \n    \n            \n            <button type=\"submit\" class=\"button-atom button-atom--primary breakdance-form-button breakdance-form-button__submit\"  >\n    \n        <span class=\"button-atom__text\">Enviar<\/span>\n\n        \n        \n            <\/button>\n    \n    <input type=\"hidden\" name=\"form_id\" value=\"239\">\n    <input type=\"hidden\" name=\"post_id\" value=\"184\">\n<\/div>\n\n  \n<\/form>\n\n\n\n<\/div>\n<\/div><\/div>\n<\/div><\/div>\n<\/section>","protected":false},"excerpt":{"rendered":"<p>L\u00ednea de tiempo Inicio L\u00ednea de tiempo Enero 2020 Fundaci\u00f3n de la Empresa En enero de 2020, naci\u00f3 nuestra empresa con el objetivo de ofrecer soluciones innovadoras en asistencia virtual. Desde el principio, nos enfocamos en brindar un servicio personalizado y eficiente, Marzo 2020 Expansi\u00f3n de Servicios En marzo de 2020, decidimos ampliar nuestra oferta, [&hellip;]<\/p>\n","protected":false},"author":1,"featured_media":0,"parent":0,"menu_order":0,"comment_status":"closed","ping_status":"closed","template":"","meta":{"_breakdance_hide_in_design_set":false,"_breakdance_tags":"","_joinchat":[],"footnotes":""},"class_list":["post-184","page","type-page","status-publish","hentry"],"yoast_head":"<!-- This site is optimized with the Yoast SEO plugin v24.7 - https:\/\/yoast.com\/wordpress\/plugins\/seo\/ -->\n<title>L\u00ednea de tiempo - pwe0046-asistente-virtual-layoutpack<\/title>\n<meta name=\"robots\" content=\"noindex, follow, max-snippet:-1, max-image-preview:large, max-video-preview:-1\" \/>\n<meta property=\"og:locale\" content=\"es_ES\" \/>\n<meta property=\"og:type\" content=\"article\" \/>\n<meta property=\"og:title\" content=\"L\u00ednea de tiempo - pwe0046-asistente-virtual-layoutpack\" \/>\n<meta property=\"og:description\" content=\"L\u00ednea de tiempo Inicio L\u00ednea de tiempo Enero 2020 Fundaci\u00f3n de la Empresa En enero de 2020, naci\u00f3 nuestra empresa con el objetivo de ofrecer soluciones innovadoras en asistencia virtual. Desde el principio, nos enfocamos en brindar un servicio personalizado y eficiente, Marzo 2020 Expansi\u00f3n de Servicios En marzo de 2020, decidimos ampliar nuestra oferta, [&hellip;]\" \/>\n<meta property=\"og:url\" content=\"https:\/\/nobacom.net\/pwe0046-asistente-virtual-layoutpack\/linea-tiempo\/\" \/>\n<meta property=\"og:site_name\" content=\"pwe0046-asistente-virtual-layoutpack\" \/>\n<meta property=\"article:publisher\" content=\"https:\/\/www.facebook.com\/nobacomdigital\" \/>\n<meta property=\"article:modified_time\" content=\"2025-05-02T21:49:44+00:00\" \/>\n<meta name=\"twitter:card\" content=\"summary_large_image\" \/>\n<script type=\"application\/ld+json\" class=\"yoast-schema-graph\">{\"@context\":\"https:\/\/schema.org\",\"@graph\":[{\"@type\":\"WebPage\",\"@id\":\"https:\/\/nobacom.net\/pwe0046-asistente-virtual-layoutpack\/linea-tiempo\/\",\"url\":\"https:\/\/nobacom.net\/pwe0046-asistente-virtual-layoutpack\/linea-tiempo\/\",\"name\":\"L\u00ednea de tiempo - pwe0046-asistente-virtual-layoutpack\",\"isPartOf\":{\"@id\":\"https:\/\/nobacom.net\/pwe0046-asistente-virtual-layoutpack\/#website\"},\"datePublished\":\"2024-02-26T07:13:56+00:00\",\"dateModified\":\"2025-05-02T21:49:44+00:00\",\"breadcrumb\":{\"@id\":\"https:\/\/nobacom.net\/pwe0046-asistente-virtual-layoutpack\/linea-tiempo\/#breadcrumb\"},\"inLanguage\":\"es\",\"potentialAction\":[{\"@type\":\"ReadAction\",\"target\":[\"https:\/\/nobacom.net\/pwe0046-asistente-virtual-layoutpack\/linea-tiempo\/\"]}]},{\"@type\":\"BreadcrumbList\",\"@id\":\"https:\/\/nobacom.net\/pwe0046-asistente-virtual-layoutpack\/linea-tiempo\/#breadcrumb\",\"itemListElement\":[{\"@type\":\"ListItem\",\"position\":1,\"name\":\"Portada\",\"item\":\"https:\/\/nobacom.net\/pwe0046-asistente-virtual-layoutpack\/\"},{\"@type\":\"ListItem\",\"position\":2,\"name\":\"L\u00ednea de tiempo\"}]},{\"@type\":\"WebSite\",\"@id\":\"https:\/\/nobacom.net\/pwe0046-asistente-virtual-layoutpack\/#website\",\"url\":\"https:\/\/nobacom.net\/pwe0046-asistente-virtual-layoutpack\/\",\"name\":\"Wordpress Nobacom Base\",\"description\":\"\",\"publisher\":{\"@id\":\"https:\/\/nobacom.net\/pwe0046-asistente-virtual-layoutpack\/#organization\"},\"potentialAction\":[{\"@type\":\"SearchAction\",\"target\":{\"@type\":\"EntryPoint\",\"urlTemplate\":\"https:\/\/nobacom.net\/pwe0046-asistente-virtual-layoutpack\/?s={search_term_string}\"},\"query-input\":{\"@type\":\"PropertyValueSpecification\",\"valueRequired\":true,\"valueName\":\"search_term_string\"}}],\"inLanguage\":\"es\"},{\"@type\":\"Organization\",\"@id\":\"https:\/\/nobacom.net\/pwe0046-asistente-virtual-layoutpack\/#organization\",\"name\":\"Wordpress Nobacom Base\",\"url\":\"https:\/\/nobacom.net\/pwe0046-asistente-virtual-layoutpack\/\",\"logo\":{\"@type\":\"ImageObject\",\"inLanguage\":\"es\",\"@id\":\"https:\/\/nobacom.net\/pwe0046-asistente-virtual-layoutpack\/#\/schema\/logo\/image\/\",\"url\":\"https:\/\/nobacom.net\/pwe0046-asistente-virtual-layoutpack\/wp-content\/uploads\/2024\/12\/Logo-Nobacom-fondo-blanco-negro.png\",\"contentUrl\":\"https:\/\/nobacom.net\/pwe0046-asistente-virtual-layoutpack\/wp-content\/uploads\/2024\/12\/Logo-Nobacom-fondo-blanco-negro.png\",\"width\":1103,\"height\":835,\"caption\":\"Wordpress Nobacom Base\"},\"image\":{\"@id\":\"https:\/\/nobacom.net\/pwe0046-asistente-virtual-layoutpack\/#\/schema\/logo\/image\/\"},\"sameAs\":[\"https:\/\/www.facebook.com\/nobacomdigital\"]}]}<\/script>\n<!-- \/ Yoast SEO plugin. -->","yoast_head_json":{"title":"L\u00ednea de tiempo - pwe0046-asistente-virtual-layoutpack","robots":{"index":"noindex","follow":"follow","max-snippet":"max-snippet:-1","max-image-preview":"max-image-preview:large","max-video-preview":"max-video-preview:-1"},"og_locale":"es_ES","og_type":"article","og_title":"L\u00ednea de tiempo - pwe0046-asistente-virtual-layoutpack","og_description":"L\u00ednea de tiempo Inicio L\u00ednea de tiempo Enero 2020 Fundaci\u00f3n de la Empresa En enero de 2020, naci\u00f3 nuestra empresa con el objetivo de ofrecer soluciones innovadoras en asistencia virtual. Desde el principio, nos enfocamos en brindar un servicio personalizado y eficiente, Marzo 2020 Expansi\u00f3n de Servicios En marzo de 2020, decidimos ampliar nuestra oferta, [&hellip;]","og_url":"https:\/\/nobacom.net\/pwe0046-asistente-virtual-layoutpack\/linea-tiempo\/","og_site_name":"pwe0046-asistente-virtual-layoutpack","article_publisher":"https:\/\/www.facebook.com\/nobacomdigital","article_modified_time":"2025-05-02T21:49:44+00:00","twitter_card":"summary_large_image","schema":{"@context":"https:\/\/schema.org","@graph":[{"@type":"WebPage","@id":"https:\/\/nobacom.net\/pwe0046-asistente-virtual-layoutpack\/linea-tiempo\/","url":"https:\/\/nobacom.net\/pwe0046-asistente-virtual-layoutpack\/linea-tiempo\/","name":"L\u00ednea de tiempo - pwe0046-asistente-virtual-layoutpack","isPartOf":{"@id":"https:\/\/nobacom.net\/pwe0046-asistente-virtual-layoutpack\/#website"},"datePublished":"2024-02-26T07:13:56+00:00","dateModified":"2025-05-02T21:49:44+00:00","breadcrumb":{"@id":"https:\/\/nobacom.net\/pwe0046-asistente-virtual-layoutpack\/linea-tiempo\/#breadcrumb"},"inLanguage":"es","potentialAction":[{"@type":"ReadAction","target":["https:\/\/nobacom.net\/pwe0046-asistente-virtual-layoutpack\/linea-tiempo\/"]}]},{"@type":"BreadcrumbList","@id":"https:\/\/nobacom.net\/pwe0046-asistente-virtual-layoutpack\/linea-tiempo\/#breadcrumb","itemListElement":[{"@type":"ListItem","position":1,"name":"Portada","item":"https:\/\/nobacom.net\/pwe0046-asistente-virtual-layoutpack\/"},{"@type":"ListItem","position":2,"name":"L\u00ednea de tiempo"}]},{"@type":"WebSite","@id":"https:\/\/nobacom.net\/pwe0046-asistente-virtual-layoutpack\/#website","url":"https:\/\/nobacom.net\/pwe0046-asistente-virtual-layoutpack\/","name":"Wordpress Nobacom Base","description":"","publisher":{"@id":"https:\/\/nobacom.net\/pwe0046-asistente-virtual-layoutpack\/#organization"},"potentialAction":[{"@type":"SearchAction","target":{"@type":"EntryPoint","urlTemplate":"https:\/\/nobacom.net\/pwe0046-asistente-virtual-layoutpack\/?s={search_term_string}"},"query-input":{"@type":"PropertyValueSpecification","valueRequired":true,"valueName":"search_term_string"}}],"inLanguage":"es"},{"@type":"Organization","@id":"https:\/\/nobacom.net\/pwe0046-asistente-virtual-layoutpack\/#organization","name":"Wordpress Nobacom Base","url":"https:\/\/nobacom.net\/pwe0046-asistente-virtual-layoutpack\/","logo":{"@type":"ImageObject","inLanguage":"es","@id":"https:\/\/nobacom.net\/pwe0046-asistente-virtual-layoutpack\/#\/schema\/logo\/image\/","url":"https:\/\/nobacom.net\/pwe0046-asistente-virtual-layoutpack\/wp-content\/uploads\/2024\/12\/Logo-Nobacom-fondo-blanco-negro.png","contentUrl":"https:\/\/nobacom.net\/pwe0046-asistente-virtual-layoutpack\/wp-content\/uploads\/2024\/12\/Logo-Nobacom-fondo-blanco-negro.png","width":1103,"height":835,"caption":"Wordpress Nobacom Base"},"image":{"@id":"https:\/\/nobacom.net\/pwe0046-asistente-virtual-layoutpack\/#\/schema\/logo\/image\/"},"sameAs":["https:\/\/www.facebook.com\/nobacomdigital"]}]}},"_links":{"self":[{"href":"https:\/\/nobacom.net\/pwe0046-asistente-virtual-layoutpack\/wp-json\/wp\/v2\/pages\/184","targetHints":{"allow":["GET"]}}],"collection":[{"href":"https:\/\/nobacom.net\/pwe0046-asistente-virtual-layoutpack\/wp-json\/wp\/v2\/pages"}],"about":[{"href":"https:\/\/nobacom.net\/pwe0046-asistente-virtual-layoutpack\/wp-json\/wp\/v2\/types\/page"}],"author":[{"embeddable":true,"href":"https:\/\/nobacom.net\/pwe0046-asistente-virtual-layoutpack\/wp-json\/wp\/v2\/users\/1"}],"replies":[{"embeddable":true,"href":"https:\/\/nobacom.net\/pwe0046-asistente-virtual-layoutpack\/wp-json\/wp\/v2\/comments?post=184"}],"version-history":[{"count":6,"href":"https:\/\/nobacom.net\/pwe0046-asistente-virtual-layoutpack\/wp-json\/wp\/v2\/pages\/184\/revisions"}],"predecessor-version":[{"id":470,"href":"https:\/\/nobacom.net\/pwe0046-asistente-virtual-layoutpack\/wp-json\/wp\/v2\/pages\/184\/revisions\/470"}],"wp:attachment":[{"href":"https:\/\/nobacom.net\/pwe0046-asistente-virtual-layoutpack\/wp-json\/wp\/v2\/media?parent=184"}],"curies":[{"name":"wp","href":"https:\/\/api.w.org\/{rel}","templated":true}]}}