{"id":190,"date":"2024-02-26T07:14:30","date_gmt":"2024-02-26T07:14:30","guid":{"rendered":"https:\/\/bdlayoutspack.com\/breakdance-virtual-assistant-layouts-pack\/?page_id=190"},"modified":"2025-05-05T09:03:49","modified_gmt":"2025-05-05T14:03:49","slug":"servicios","status":"publish","type":"page","link":"https:\/\/nobacom.net\/pwe0046-asistente-virtual-layoutpack\/servicios\/","title":{"rendered":"Servicios"},"content":{"rendered":"<section class=\"bde-section-190-100 bde-section\">\n              \n  \n\t\n\n  <div class=\"section-background-overlay\"><\/div>\n\n\n<div class=\"section-container\"><div class=\"bde-div-190-101 bde-div\" data-entrance=\"slideUp\">\n  \n\t\n\n\n\n<div class=\"bde-columns-190-102 bde-columns\"><div class=\"bde-column-190-103 bde-column\">\n  \n\t\n\n\n\n<h1 class=\"bde-heading-190-104 bde-heading\">\nServicios\n<\/h1><div class=\"bde-div-190-105 bde-div\">\n  \n\t\n\n\n\n<div class=\"bde-button-190-106 bde-button\">\n    \n                                    \n    \n    \n    \n    \n            \n                    \n            \n            \n\n    \n    \n    \n    \n    \n    <a class=\"breakdance-link button-atom button-atom--custom bde-button__button\" href=\"https:\/\/nobacom.net\/pwe0046-asistente-virtual-layoutpack\" target=\"_self\" data-type=\"url\"  >\n\n    \n        <span class=\"button-atom__text\">Inicio<\/span>\n\n                            \n        \n                <\/a>\n\n    \n\n\n<\/div><div class=\"bde-button-190-107 bde-button\">\n    \n                                    \n    \n    \n    \n    \n            \n            <button type=\"button\" class=\"button-atom button-atom--custom bde-button__button\"  >\n    \n        <span class=\"button-atom__text\">Servicios<\/span>\n\n                            \n        \n            <\/button>\n    \n\n\n<\/div>\n<\/div>\n<\/div><\/div>\n<\/div><\/div>\n<\/section><section class=\"bde-section-190-108 bde-section\">\n  \n\t\n\n\n\n<div class=\"section-container\"><div class=\"bde-div-190-109 bde-div\" data-entrance=\"slideUp\">\n  \n\t\n\n\n\n<div class=\"bde-columns-190-110 bde-columns\"><div class=\"bde-column-190-111 bde-column\">\n  \n\t\n\n\n\n<div class=\"bde-icon-box-190-114 bde-icon-box\">\n\n    \n            <div class=\"ee-iconbox-icon breakdance-icon-atom\" >\n    \n                    <svg xmlns=\"http:\/\/www.w3.org\/2000\/svg\" id=\"icon-database\" viewBox=\"0 0 32 32\">\n<path d=\"M16 0c-8.837 0-16 2.239-16 5v4c0 2.761 7.163 5 16 5s16-2.239 16-5v-4c0-2.761-7.163-5-16-5z\"\/>\n<path d=\"M16 17c-8.837 0-16-2.239-16-5v6c0 2.761 7.163 5 16 5s16-2.239 16-5v-6c0 2.761-7.163 5-16 5z\"\/>\n<path d=\"M16 26c-8.837 0-16-2.239-16-5v6c0 2.761 7.163 5 16 5s16-2.239 16-5v-6c0 2.761-7.163 5-16 5z\"\/>\n<\/svg>\n        \n        \n        \n            <\/div>\n    \n\n<div class=\"ee-iconbox-content\">\n      <h4 class=\"ee-iconbox-title bde-h3\" >Ingreso de Datos<\/h4>\n        <div class=\"ee-iconbox-text\" >Organizamos y digitalizamos tu informaci\u00f3n con precisi\u00f3n para que siempre tengas tus archivos ordenados y accesibles.<\/div>\n            \n                                    \n    \n    \n    \n    \n            \n                    \n            \n            \n\n    \n    \n    \n    \n    \n    <a class=\"breakdance-link button-atom button-atom--custom ee-iconbox-button\" href=\"https:\/\/nobacom.net\/pwe0046-asistente-virtual-layoutpack\/detalle-servicio\/\" target=\"_self\" data-type=\"url\"  >\n\n    \n        <span class=\"button-atom__text\">Leer m\u00e1s<\/span>\n\n        \n        \n                <\/a>\n\n    \n\n  <\/div>\n\n<\/div>\n<\/div><div class=\"bde-column-190-115 bde-column\">\n  \n\t\n\n\n\n<div class=\"bde-icon-box-190-119 bde-icon-box\">\n\n    \n            <div class=\"ee-iconbox-icon breakdance-icon-atom\" >\n    \n                    <svg xmlns=\"http:\/\/www.w3.org\/2000\/svg\" viewBox=\"0 0 512 512\"><!-- Font Awesome Free 5.15.1 by @fontawesome - https:\/\/fontawesome.com License - https:\/\/fontawesome.com\/license\/free (Icons: CC BY 4.0, Fonts: SIL OFL 1.1, Code: MIT License) --><path d=\"M80 368H16a16 16 0 0 0-16 16v64a16 16 0 0 0 16 16h64a16 16 0 0 0 16-16v-64a16 16 0 0 0-16-16zm0-320H16A16 16 0 0 0 0 64v64a16 16 0 0 0 16 16h64a16 16 0 0 0 16-16V64a16 16 0 0 0-16-16zm0 160H16a16 16 0 0 0-16 16v64a16 16 0 0 0 16 16h64a16 16 0 0 0 16-16v-64a16 16 0 0 0-16-16zm416 176H176a16 16 0 0 0-16 16v32a16 16 0 0 0 16 16h320a16 16 0 0 0 16-16v-32a16 16 0 0 0-16-16zm0-320H176a16 16 0 0 0-16 16v32a16 16 0 0 0 16 16h320a16 16 0 0 0 16-16V80a16 16 0 0 0-16-16zm0 160H176a16 16 0 0 0-16 16v32a16 16 0 0 0 16 16h320a16 16 0 0 0 16-16v-32a16 16 0 0 0-16-16z\"\/><\/svg>\n        \n        \n        \n            <\/div>\n    \n\n<div class=\"ee-iconbox-content\">\n      <h4 class=\"ee-iconbox-title bde-h3\" >Gesti\u00f3n de Proyectos<\/h4>\n        <div class=\"ee-iconbox-text\" >Coordinamos tareas, tiempos y recursos para que cada proyecto avance de forma eficiente y cumpla sus objetivos.<\/div>\n            \n                                    \n    \n    \n    \n    \n            \n                    \n            \n            \n\n    \n    \n    \n    \n    \n    <a class=\"breakdance-link button-atom button-atom--custom ee-iconbox-button\" href=\"https:\/\/nobacom.net\/pwe0046-asistente-virtual-layoutpack\/detalle-servicio\/\" target=\"_self\" data-type=\"url\"  >\n\n    \n        <span class=\"button-atom__text\">Leer m\u00e1s<\/span>\n\n        \n        \n                <\/a>\n\n    \n\n  <\/div>\n\n<\/div>\n<\/div><div class=\"bde-column-190-117 bde-column\">\n  \n\t\n\n\n\n<div class=\"bde-icon-box-190-120 bde-icon-box\">\n\n    \n            <div class=\"ee-iconbox-icon breakdance-icon-atom\" >\n    \n                    <svg xmlns=\"http:\/\/www.w3.org\/2000\/svg\" viewBox=\"0 0 640 512\"><!-- Font Awesome Free 5.15.1 by @fontawesome - https:\/\/fontawesome.com License - https:\/\/fontawesome.com\/license\/free (Icons: CC BY 4.0, Fonts: SIL OFL 1.1, Code: MIT License) --><path d=\"M610.5 373.3c2.6-14.1 2.6-28.5 0-42.6l25.8-14.9c3-1.7 4.3-5.2 3.3-8.5-6.7-21.6-18.2-41.2-33.2-57.4-2.3-2.5-6-3.1-9-1.4l-25.8 14.9c-10.9-9.3-23.4-16.5-36.9-21.3v-29.8c0-3.4-2.4-6.4-5.7-7.1-22.3-5-45-4.8-66.2 0-3.3.7-5.7 3.7-5.7 7.1v29.8c-13.5 4.8-26 12-36.9 21.3l-25.8-14.9c-2.9-1.7-6.7-1.1-9 1.4-15 16.2-26.5 35.8-33.2 57.4-1 3.3.4 6.8 3.3 8.5l25.8 14.9c-2.6 14.1-2.6 28.5 0 42.6l-25.8 14.9c-3 1.7-4.3 5.2-3.3 8.5 6.7 21.6 18.2 41.1 33.2 57.4 2.3 2.5 6 3.1 9 1.4l25.8-14.9c10.9 9.3 23.4 16.5 36.9 21.3v29.8c0 3.4 2.4 6.4 5.7 7.1 22.3 5 45 4.8 66.2 0 3.3-.7 5.7-3.7 5.7-7.1v-29.8c13.5-4.8 26-12 36.9-21.3l25.8 14.9c2.9 1.7 6.7 1.1 9-1.4 15-16.2 26.5-35.8 33.2-57.4 1-3.3-.4-6.8-3.3-8.5l-25.8-14.9zM496 400.5c-26.8 0-48.5-21.8-48.5-48.5s21.8-48.5 48.5-48.5 48.5 21.8 48.5 48.5-21.7 48.5-48.5 48.5zM224 256c70.7 0 128-57.3 128-128S294.7 0 224 0 96 57.3 96 128s57.3 128 128 128zm201.2 226.5c-2.3-1.2-4.6-2.6-6.8-3.9l-7.9 4.6c-6 3.4-12.8 5.3-19.6 5.3-10.9 0-21.4-4.6-28.9-12.6-18.3-19.8-32.3-43.9-40.2-69.6-5.5-17.7 1.9-36.4 17.9-45.7l7.9-4.6c-.1-2.6-.1-5.2 0-7.8l-7.9-4.6c-16-9.2-23.4-28-17.9-45.7.9-2.9 2.2-5.8 3.2-8.7-3.8-.3-7.5-1.2-11.4-1.2h-16.7c-22.2 10.2-46.9 16-72.9 16s-50.6-5.8-72.9-16h-16.7C60.2 288 0 348.2 0 422.4V464c0 26.5 21.5 48 48 48h352c10.1 0 19.5-3.2 27.2-8.5-1.2-3.8-2-7.7-2-11.8v-9.2z\"\/><\/svg>\n        \n        \n        \n            <\/div>\n    \n\n<div class=\"ee-iconbox-content\">\n      <h4 class=\"ee-iconbox-title bde-h3\" >Asistencia Personal<\/h4>\n        <div class=\"ee-iconbox-text\" >Te ayudamos con gestiones diarias, recordatorios y tareas administrativas para que puedas enfocarte en lo importante.<\/div>\n            \n                                    \n    \n    \n    \n    \n            \n                    \n            \n            \n\n    \n    \n    \n    \n    \n    <a class=\"breakdance-link button-atom button-atom--custom ee-iconbox-button\" href=\"https:\/\/nobacom.net\/pwe0046-asistente-virtual-layoutpack\/detalle-servicio\/\" target=\"_self\" data-type=\"url\"  >\n\n    \n        <span class=\"button-atom__text\">Leer m\u00e1s<\/span>\n\n        \n        \n                <\/a>\n\n    \n\n  <\/div>\n\n<\/div>\n<\/div><\/div>\n<\/div><div class=\"bde-div-190-121 bde-div\" data-entrance=\"slideUp\">\n  \n\t\n\n\n\n<div class=\"bde-columns-190-122 bde-columns\"><div class=\"bde-column-190-123 bde-column\">\n  \n\t\n\n\n\n<div class=\"bde-icon-box-190-124 bde-icon-box\">\n\n    \n            <div class=\"ee-iconbox-icon breakdance-icon-atom\" >\n    \n                    <svg xmlns=\"http:\/\/www.w3.org\/2000\/svg\" viewBox=\"0 0 384 512\"><!-- Font Awesome Free 5.15.1 by @fontawesome - https:\/\/fontawesome.com License - https:\/\/fontawesome.com\/license\/free (Icons: CC BY 4.0, Fonts: SIL OFL 1.1, Code: MIT License) --><path d=\"M224 136V0H24C10.7 0 0 10.7 0 24v464c0 13.3 10.7 24 24 24h336c13.3 0 24-10.7 24-24V160H248c-13.2 0-24-10.8-24-24zM64 72c0-4.42 3.58-8 8-8h80c4.42 0 8 3.58 8 8v16c0 4.42-3.58 8-8 8H72c-4.42 0-8-3.58-8-8V72zm0 64c0-4.42 3.58-8 8-8h80c4.42 0 8 3.58 8 8v16c0 4.42-3.58 8-8 8H72c-4.42 0-8-3.58-8-8v-16zm192.81 248H304c8.84 0 16 7.16 16 16s-7.16 16-16 16h-47.19c-16.45 0-31.27-9.14-38.64-23.86-2.95-5.92-8.09-6.52-10.17-6.52s-7.22.59-10.02 6.19l-7.67 15.34a15.986 15.986 0 0 1-14.31 8.84c-.38 0-.75-.02-1.14-.05-6.45-.45-12-4.75-14.03-10.89L144 354.59l-10.61 31.88c-5.89 17.66-22.38 29.53-41 29.53H80c-8.84 0-16-7.16-16-16s7.16-16 16-16h12.39c4.83 0 9.11-3.08 10.64-7.66l18.19-54.64c3.3-9.81 12.44-16.41 22.78-16.41s19.48 6.59 22.77 16.41l13.88 41.64c19.77-16.19 54.05-9.7 66 14.16 2.02 4.06 5.96 6.5 10.16 6.5zM377 105L279.1 7c-4.5-4.5-10.6-7-17-7H256v128h128v-6.1c0-6.3-2.5-12.4-7-16.9z\"\/><\/svg>\n        \n        \n        \n            <\/div>\n    \n\n<div class=\"ee-iconbox-content\">\n      <h4 class=\"ee-iconbox-title bde-h3\" >Redacci\u00f3n de Contenidos<\/h4>\n        <div class=\"ee-iconbox-text\" >Escribimos textos claros, atractivos y persuasivos para tu sitio, blog o campa\u00f1as, adaptados a tu estilo y audiencia.<\/div>\n            \n                                    \n    \n    \n    \n    \n            \n                    \n            \n            \n\n    \n    \n    \n    \n    \n    <a class=\"breakdance-link button-atom button-atom--custom ee-iconbox-button\" href=\"https:\/\/nobacom.net\/pwe0046-asistente-virtual-layoutpack\/detalle-servicio\/\" target=\"_self\" data-type=\"url\"  >\n\n    \n        <span class=\"button-atom__text\">Leer m\u00e1s<\/span>\n\n        \n        \n                <\/a>\n\n    \n\n  <\/div>\n\n<\/div>\n<\/div><div class=\"bde-column-190-125 bde-column\">\n  \n\t\n\n\n\n<div class=\"bde-icon-box-190-126 bde-icon-box\">\n\n    \n            <div class=\"ee-iconbox-icon breakdance-icon-atom\" >\n    \n                    <svg xmlns=\"http:\/\/www.w3.org\/2000\/svg\" id=\"icon-share2\" viewBox=\"0 0 32 32\">\n<path d=\"M27 22c-1.411 0-2.685 0.586-3.594 1.526l-13.469-6.734c0.041-0.258 0.063-0.522 0.063-0.791s-0.022-0.534-0.063-0.791l13.469-6.734c0.909 0.94 2.183 1.526 3.594 1.526 2.761 0 5-2.239 5-5s-2.239-5-5-5-5 2.239-5 5c0 0.269 0.022 0.534 0.063 0.791l-13.469 6.734c-0.909-0.94-2.183-1.526-3.594-1.526-2.761 0-5 2.239-5 5s2.239 5 5 5c1.411 0 2.685-0.586 3.594-1.526l13.469 6.734c-0.041 0.258-0.063 0.522-0.063 0.791 0 2.761 2.239 5 5 5s5-2.239 5-5c0-2.761-2.239-5-5-5z\"\/>\n<\/svg>\n        \n        \n        \n            <\/div>\n    \n\n<div class=\"ee-iconbox-content\">\n      <h4 class=\"ee-iconbox-title bde-h3\" >Marketing en Redes Sociales<\/h4>\n        <div class=\"ee-iconbox-text\" >Creamos estrategias y contenidos para mejorar tu presencia online y conectar con tu comunidad de forma efectiva.<\/div>\n            \n                                    \n    \n    \n    \n    \n            \n                    \n            \n            \n\n    \n    \n    \n    \n    \n    <a class=\"breakdance-link button-atom button-atom--custom ee-iconbox-button\" href=\"https:\/\/nobacom.net\/pwe0046-asistente-virtual-layoutpack\/detalle-servicio\/\" target=\"_self\" data-type=\"url\"  >\n\n    \n        <span class=\"button-atom__text\">Leer m\u00e1s<\/span>\n\n        \n        \n                <\/a>\n\n    \n\n  <\/div>\n\n<\/div>\n<\/div><div class=\"bde-column-190-127 bde-column\">\n  \n\t\n\n\n\n<div class=\"bde-icon-box-190-128 bde-icon-box\">\n\n    \n            <div class=\"ee-iconbox-icon breakdance-icon-atom\" >\n    \n                    <svg xmlns=\"http:\/\/www.w3.org\/2000\/svg\" viewBox=\"0 0 576 512\"><!-- Font Awesome Free 5.15.1 by @fontawesome - https:\/\/fontawesome.com License - https:\/\/fontawesome.com\/license\/free (Icons: CC BY 4.0, Fonts: SIL OFL 1.1, Code: MIT License) --><path d=\"M542.22 32.05c-54.8 3.11-163.72 14.43-230.96 55.59-4.64 2.84-7.27 7.89-7.27 13.17v363.87c0 11.55 12.63 18.85 23.28 13.49 69.18-34.82 169.23-44.32 218.7-46.92 16.89-.89 30.02-14.43 30.02-30.66V62.75c.01-17.71-15.35-31.74-33.77-30.7zM264.73 87.64C197.5 46.48 88.58 35.17 33.78 32.05 15.36 31.01 0 45.04 0 62.75V400.6c0 16.24 13.13 29.78 30.02 30.66 49.49 2.6 149.59 12.11 218.77 46.95 10.62 5.35 23.21-1.94 23.21-13.46V100.63c0-5.29-2.62-10.14-7.27-12.99z\"\/><\/svg>\n        \n        \n        \n            <\/div>\n    \n\n<div class=\"ee-iconbox-content\">\n      <h4 class=\"ee-iconbox-title bde-h3\" >Contabilidad<\/h4>\n        <div class=\"ee-iconbox-text\" >Llevamos el registro de tus finanzas para que tengas el control total de ingresos, gastos, impuestos y proyecciones futuras.<\/div>\n            \n                                    \n    \n    \n    \n    \n            \n                    \n            \n            \n\n    \n    \n    \n    \n    \n    <a class=\"breakdance-link button-atom button-atom--custom ee-iconbox-button\" href=\"https:\/\/nobacom.net\/pwe0046-asistente-virtual-layoutpack\/detalle-servicio\/\" target=\"_self\" data-type=\"url\"  >\n\n    \n        <span class=\"button-atom__text\">Leer m\u00e1s<\/span>\n\n        \n        \n                <\/a>\n\n    \n\n  <\/div>\n\n<\/div>\n<\/div><\/div>\n<\/div><\/div>\n<\/section>","protected":false},"excerpt":{"rendered":"<p>Servicios Inicio Servicios Ingreso de Datos Organizamos y digitalizamos tu informaci\u00f3n con precisi\u00f3n para que siempre tengas tus archivos ordenados y accesibles. Leer m\u00e1s Gesti\u00f3n de Proyectos Coordinamos tareas, tiempos y recursos para que cada proyecto avance de forma eficiente y cumpla sus objetivos. Leer m\u00e1s Asistencia Personal Te ayudamos con gestiones diarias, recordatorios y [&hellip;]<\/p>\n","protected":false},"author":1,"featured_media":0,"parent":0,"menu_order":0,"comment_status":"closed","ping_status":"closed","template":"","meta":{"_breakdance_hide_in_design_set":false,"_breakdance_tags":"","_joinchat":[],"footnotes":""},"class_list":["post-190","page","type-page","status-publish","hentry"],"yoast_head":"<!-- This site is optimized with the Yoast SEO plugin v24.7 - https:\/\/yoast.com\/wordpress\/plugins\/seo\/ -->\n<title>Servicios - pwe0046-asistente-virtual-layoutpack<\/title>\n<meta name=\"robots\" content=\"noindex, follow, max-snippet:-1, max-image-preview:large, max-video-preview:-1\" \/>\n<meta property=\"og:locale\" content=\"es_ES\" \/>\n<meta property=\"og:type\" content=\"article\" \/>\n<meta property=\"og:title\" content=\"Servicios - pwe0046-asistente-virtual-layoutpack\" \/>\n<meta property=\"og:description\" content=\"Servicios Inicio Servicios Ingreso de Datos Organizamos y digitalizamos tu informaci\u00f3n con precisi\u00f3n para que siempre tengas tus archivos ordenados y accesibles. Leer m\u00e1s Gesti\u00f3n de Proyectos Coordinamos tareas, tiempos y recursos para que cada proyecto avance de forma eficiente y cumpla sus objetivos. Leer m\u00e1s Asistencia Personal Te ayudamos con gestiones diarias, recordatorios y [&hellip;]\" \/>\n<meta property=\"og:url\" content=\"https:\/\/nobacom.net\/pwe0046-asistente-virtual-layoutpack\/servicios\/\" \/>\n<meta property=\"og:site_name\" content=\"pwe0046-asistente-virtual-layoutpack\" \/>\n<meta property=\"article:publisher\" content=\"https:\/\/www.facebook.com\/nobacomdigital\" \/>\n<meta property=\"article:modified_time\" content=\"2025-05-05T14:03:49+00:00\" \/>\n<meta name=\"twitter:card\" content=\"summary_large_image\" \/>\n<script type=\"application\/ld+json\" class=\"yoast-schema-graph\">{\"@context\":\"https:\/\/schema.org\",\"@graph\":[{\"@type\":\"WebPage\",\"@id\":\"https:\/\/nobacom.net\/pwe0046-asistente-virtual-layoutpack\/servicios\/\",\"url\":\"https:\/\/nobacom.net\/pwe0046-asistente-virtual-layoutpack\/servicios\/\",\"name\":\"Servicios - pwe0046-asistente-virtual-layoutpack\",\"isPartOf\":{\"@id\":\"https:\/\/nobacom.net\/pwe0046-asistente-virtual-layoutpack\/#website\"},\"datePublished\":\"2024-02-26T07:14:30+00:00\",\"dateModified\":\"2025-05-05T14:03:49+00:00\",\"breadcrumb\":{\"@id\":\"https:\/\/nobacom.net\/pwe0046-asistente-virtual-layoutpack\/servicios\/#breadcrumb\"},\"inLanguage\":\"es\",\"potentialAction\":[{\"@type\":\"ReadAction\",\"target\":[\"https:\/\/nobacom.net\/pwe0046-asistente-virtual-layoutpack\/servicios\/\"]}]},{\"@type\":\"BreadcrumbList\",\"@id\":\"https:\/\/nobacom.net\/pwe0046-asistente-virtual-layoutpack\/servicios\/#breadcrumb\",\"itemListElement\":[{\"@type\":\"ListItem\",\"position\":1,\"name\":\"Portada\",\"item\":\"https:\/\/nobacom.net\/pwe0046-asistente-virtual-layoutpack\/\"},{\"@type\":\"ListItem\",\"position\":2,\"name\":\"Servicios\"}]},{\"@type\":\"WebSite\",\"@id\":\"https:\/\/nobacom.net\/pwe0046-asistente-virtual-layoutpack\/#website\",\"url\":\"https:\/\/nobacom.net\/pwe0046-asistente-virtual-layoutpack\/\",\"name\":\"Wordpress Nobacom Base\",\"description\":\"\",\"publisher\":{\"@id\":\"https:\/\/nobacom.net\/pwe0046-asistente-virtual-layoutpack\/#organization\"},\"potentialAction\":[{\"@type\":\"SearchAction\",\"target\":{\"@type\":\"EntryPoint\",\"urlTemplate\":\"https:\/\/nobacom.net\/pwe0046-asistente-virtual-layoutpack\/?s={search_term_string}\"},\"query-input\":{\"@type\":\"PropertyValueSpecification\",\"valueRequired\":true,\"valueName\":\"search_term_string\"}}],\"inLanguage\":\"es\"},{\"@type\":\"Organization\",\"@id\":\"https:\/\/nobacom.net\/pwe0046-asistente-virtual-layoutpack\/#organization\",\"name\":\"Wordpress Nobacom Base\",\"url\":\"https:\/\/nobacom.net\/pwe0046-asistente-virtual-layoutpack\/\",\"logo\":{\"@type\":\"ImageObject\",\"inLanguage\":\"es\",\"@id\":\"https:\/\/nobacom.net\/pwe0046-asistente-virtual-layoutpack\/#\/schema\/logo\/image\/\",\"url\":\"https:\/\/nobacom.net\/pwe0046-asistente-virtual-layoutpack\/wp-content\/uploads\/2024\/12\/Logo-Nobacom-fondo-blanco-negro.png\",\"contentUrl\":\"https:\/\/nobacom.net\/pwe0046-asistente-virtual-layoutpack\/wp-content\/uploads\/2024\/12\/Logo-Nobacom-fondo-blanco-negro.png\",\"width\":1103,\"height\":835,\"caption\":\"Wordpress Nobacom Base\"},\"image\":{\"@id\":\"https:\/\/nobacom.net\/pwe0046-asistente-virtual-layoutpack\/#\/schema\/logo\/image\/\"},\"sameAs\":[\"https:\/\/www.facebook.com\/nobacomdigital\"]}]}<\/script>\n<!-- \/ Yoast SEO plugin. -->","yoast_head_json":{"title":"Servicios - pwe0046-asistente-virtual-layoutpack","robots":{"index":"noindex","follow":"follow","max-snippet":"max-snippet:-1","max-image-preview":"max-image-preview:large","max-video-preview":"max-video-preview:-1"},"og_locale":"es_ES","og_type":"article","og_title":"Servicios - pwe0046-asistente-virtual-layoutpack","og_description":"Servicios Inicio Servicios Ingreso de Datos Organizamos y digitalizamos tu informaci\u00f3n con precisi\u00f3n para que siempre tengas tus archivos ordenados y accesibles. Leer m\u00e1s Gesti\u00f3n de Proyectos Coordinamos tareas, tiempos y recursos para que cada proyecto avance de forma eficiente y cumpla sus objetivos. Leer m\u00e1s Asistencia Personal Te ayudamos con gestiones diarias, recordatorios y [&hellip;]","og_url":"https:\/\/nobacom.net\/pwe0046-asistente-virtual-layoutpack\/servicios\/","og_site_name":"pwe0046-asistente-virtual-layoutpack","article_publisher":"https:\/\/www.facebook.com\/nobacomdigital","article_modified_time":"2025-05-05T14:03:49+00:00","twitter_card":"summary_large_image","schema":{"@context":"https:\/\/schema.org","@graph":[{"@type":"WebPage","@id":"https:\/\/nobacom.net\/pwe0046-asistente-virtual-layoutpack\/servicios\/","url":"https:\/\/nobacom.net\/pwe0046-asistente-virtual-layoutpack\/servicios\/","name":"Servicios - pwe0046-asistente-virtual-layoutpack","isPartOf":{"@id":"https:\/\/nobacom.net\/pwe0046-asistente-virtual-layoutpack\/#website"},"datePublished":"2024-02-26T07:14:30+00:00","dateModified":"2025-05-05T14:03:49+00:00","breadcrumb":{"@id":"https:\/\/nobacom.net\/pwe0046-asistente-virtual-layoutpack\/servicios\/#breadcrumb"},"inLanguage":"es","potentialAction":[{"@type":"ReadAction","target":["https:\/\/nobacom.net\/pwe0046-asistente-virtual-layoutpack\/servicios\/"]}]},{"@type":"BreadcrumbList","@id":"https:\/\/nobacom.net\/pwe0046-asistente-virtual-layoutpack\/servicios\/#breadcrumb","itemListElement":[{"@type":"ListItem","position":1,"name":"Portada","item":"https:\/\/nobacom.net\/pwe0046-asistente-virtual-layoutpack\/"},{"@type":"ListItem","position":2,"name":"Servicios"}]},{"@type":"WebSite","@id":"https:\/\/nobacom.net\/pwe0046-asistente-virtual-layoutpack\/#website","url":"https:\/\/nobacom.net\/pwe0046-asistente-virtual-layoutpack\/","name":"Wordpress Nobacom Base","description":"","publisher":{"@id":"https:\/\/nobacom.net\/pwe0046-asistente-virtual-layoutpack\/#organization"},"potentialAction":[{"@type":"SearchAction","target":{"@type":"EntryPoint","urlTemplate":"https:\/\/nobacom.net\/pwe0046-asistente-virtual-layoutpack\/?s={search_term_string}"},"query-input":{"@type":"PropertyValueSpecification","valueRequired":true,"valueName":"search_term_string"}}],"inLanguage":"es"},{"@type":"Organization","@id":"https:\/\/nobacom.net\/pwe0046-asistente-virtual-layoutpack\/#organization","name":"Wordpress Nobacom Base","url":"https:\/\/nobacom.net\/pwe0046-asistente-virtual-layoutpack\/","logo":{"@type":"ImageObject","inLanguage":"es","@id":"https:\/\/nobacom.net\/pwe0046-asistente-virtual-layoutpack\/#\/schema\/logo\/image\/","url":"https:\/\/nobacom.net\/pwe0046-asistente-virtual-layoutpack\/wp-content\/uploads\/2024\/12\/Logo-Nobacom-fondo-blanco-negro.png","contentUrl":"https:\/\/nobacom.net\/pwe0046-asistente-virtual-layoutpack\/wp-content\/uploads\/2024\/12\/Logo-Nobacom-fondo-blanco-negro.png","width":1103,"height":835,"caption":"Wordpress Nobacom Base"},"image":{"@id":"https:\/\/nobacom.net\/pwe0046-asistente-virtual-layoutpack\/#\/schema\/logo\/image\/"},"sameAs":["https:\/\/www.facebook.com\/nobacomdigital"]}]}},"_links":{"self":[{"href":"https:\/\/nobacom.net\/pwe0046-asistente-virtual-layoutpack\/wp-json\/wp\/v2\/pages\/190","targetHints":{"allow":["GET"]}}],"collection":[{"href":"https:\/\/nobacom.net\/pwe0046-asistente-virtual-layoutpack\/wp-json\/wp\/v2\/pages"}],"about":[{"href":"https:\/\/nobacom.net\/pwe0046-asistente-virtual-layoutpack\/wp-json\/wp\/v2\/types\/page"}],"author":[{"embeddable":true,"href":"https:\/\/nobacom.net\/pwe0046-asistente-virtual-layoutpack\/wp-json\/wp\/v2\/users\/1"}],"replies":[{"embeddable":true,"href":"https:\/\/nobacom.net\/pwe0046-asistente-virtual-layoutpack\/wp-json\/wp\/v2\/comments?post=190"}],"version-history":[{"count":4,"href":"https:\/\/nobacom.net\/pwe0046-asistente-virtual-layoutpack\/wp-json\/wp\/v2\/pages\/190\/revisions"}],"predecessor-version":[{"id":493,"href":"https:\/\/nobacom.net\/pwe0046-asistente-virtual-layoutpack\/wp-json\/wp\/v2\/pages\/190\/revisions\/493"}],"wp:attachment":[{"href":"https:\/\/nobacom.net\/pwe0046-asistente-virtual-layoutpack\/wp-json\/wp\/v2\/media?parent=190"}],"curies":[{"name":"wp","href":"https:\/\/api.w.org\/{rel}","templated":true}]}}