{"id":256,"date":"2024-02-03T05:54:31","date_gmt":"2024-02-03T05:54:31","guid":{"rendered":"https:\/\/bdlayoutspack.com\/breakdance-political-candidate-layouts\/?page_id=256"},"modified":"2025-05-07T11:16:25","modified_gmt":"2025-05-07T16:16:25","slug":"detalles-evento","status":"publish","type":"page","link":"https:\/\/nobacom.net\/pwe0049-candidato-politico-layoutpack\/detalles-evento\/","title":{"rendered":"Detalles del Evento"},"content":{"rendered":"<section class=\"bde-section-256-100 bde-section\">\n              \n  \n\t\n\n  <div class=\"section-background-overlay\"><\/div>\n\n\n<div class=\"section-container\"><div class=\"bde-div-256-101 bde-div\" data-entrance=\"slideUp\">\n  \n\t\n\n\n\n<div class=\"bde-columns-256-102 bde-columns\"><div class=\"bde-column-256-103 bde-column\">\n  \n\t\n\n\n\n<h1 class=\"bde-heading-256-104 bde-heading\">\nDetalles del Evento\n<\/h1><div class=\"bde-fancy-divider-256-105 bde-fancy-divider\">\n\n\n<div class=\"bde-fancy-divider__wrapper\">\n  <div class=\"bde-fancy-divider__separator   \">\n  \t  <\/div>\n<\/div>\n\n<\/div><div class=\"bde-div-256-106 bde-div\">\n  \n\t\n\n\n\n<div class=\"bde-button-256-107 bde-button\">\n    \n                                    \n    \n    \n    \n    \n            \n                    \n            \n            \n\n    \n    \n    \n    \n    \n    <a class=\"breakdance-link button-atom button-atom--custom bde-button__button\" href=\"https:\/\/nobacom.net\/pwe0049-candidato-politico-layoutpack\" target=\"_self\" data-type=\"url\"  >\n\n    \n        <span class=\"button-atom__text\">Inicio<\/span>\n\n                            \n        \n                <\/a>\n\n    \n\n\n<\/div><div class=\"bde-button-256-108 bde-button\">\n    \n                                    \n    \n    \n    \n    \n            \n            <button type=\"button\" class=\"button-atom button-atom--custom bde-button__button\"  >\n    \n        <span class=\"button-atom__text\">Detalles del Evento<\/span>\n\n                            \n        \n            <\/button>\n    \n\n\n<\/div>\n<\/div>\n<\/div><\/div>\n<\/div><\/div>\n<\/section><section class=\"bde-section-256-114 bde-section\">\n  \n\t\n\n\n\n<div class=\"section-container\"><div class=\"bde-div-256-115 bde-div\" data-entrance=\"slideUp\">\n  \n\t\n\n\n\n<div class=\"bde-columns-256-116 bde-columns\"><div class=\"bde-column-256-134 bde-column\">\n  \n\t\n\n\n\n<div class=\"bde-image-256-135 bde-image\">\n<figure class=\"breakdance-image breakdance-image--30\">\n\t<div class=\"breakdance-image-container\">\n\t\t<div class=\"breakdance-image-clip\"><img loading=\"lazy\" decoding=\"async\" class=\"breakdance-image-object\" src=\"https:\/\/bdlayoutspack.com\/breakdance-political-candidate-layouts-pack\/wp-content\/uploads\/sites\/15\/2024\/02\/Breakdance_Political_Candidate_9.jpg\" width=\"1280\" height=\"720\" srcset=\"https:\/\/bdlayoutspack.com\/breakdance-political-candidate-layouts-pack\/wp-content\/uploads\/sites\/15\/2024\/02\/Breakdance_Political_Candidate_9.jpg 1280w, https:\/\/bdlayoutspack.com\/breakdance-political-candidate-layouts-pack\/wp-content\/uploads\/sites\/15\/2024\/02\/Breakdance_Political_Candidate_9-300x169.jpg 300w, https:\/\/bdlayoutspack.com\/breakdance-political-candidate-layouts-pack\/wp-content\/uploads\/sites\/15\/2024\/02\/Breakdance_Political_Candidate_9-1024x576.jpg 1024w, https:\/\/bdlayoutspack.com\/breakdance-political-candidate-layouts-pack\/wp-content\/uploads\/sites\/15\/2024\/02\/Breakdance_Political_Candidate_9-768x432.jpg 768w\" sizes=\"auto, (max-width: 1280px) 100vw, 1280px\"><\/div>\n\t<\/div><\/figure>\n\n<\/div><div class=\"bde-text-256-138 bde-text\">\nNuestros eventos son el punto de encuentro para compartir ideas, fortalecer la comunidad y promover el cambio positivo. Cada evento est\u00e1 dise\u00f1ado para ofrecer experiencias \u00fanicas que permiten a los participantes aprender, interactuar y colaborar en temas clave. Desde conferencias hasta talleres, cada actividad est\u00e1 orientada a fomentar el crecimiento personal y profesional, asegurando que todos los asistentes se lleven conocimientos valiosos.\n<\/div><div class=\"bde-text-256-153 bde-text\">\nLa importancia de estos eventos radica en su capacidad para inspirar, educar y conectar a personas con intereses comunes. Adem\u00e1s, brindan la oportunidad de formar parte de una red de contactos que puede ser de gran utilidad en diversos \u00e1mbitos. Si est\u00e1s buscando una forma de involucrarte y ser parte activa del cambio, nuestros eventos son el espacio ideal para hacerlo. No pierdas la oportunidad de ser parte de esta experiencia \u00fanica. Los eventos que organizamos son m\u00e1s que simples reuniones: son plataformas de cambio y aprendizaje. Cada uno de ellos est\u00e1 dise\u00f1ado con el prop\u00f3sito de proporcionar un entorno que promueva el intercambio de ideas, el desarrollo de habilidades y la creaci\u00f3n de lazos que perduren en el tiempo.\n<\/div><div class=\"bde-text-256-154 bde-text\">\nEn cada uno de nuestros eventos, buscamos crear un espacio inclusivo donde todas las voces puedan ser escuchadas. Ya sea que est\u00e9s interesado en temas de liderazgo, innovaci\u00f3n o derechos humanos, nuestros eventos abordan una variedad de temas relevantes que afectan a nuestra comunidad y el mundo en general. El objetivo es generar un impacto positivo y tangible, proporcionando plataformas para el debate y el intercambio de ideas.\n<\/div><div class=\"bde-text-256-155 bde-text\">\nAdem\u00e1s, cada evento est\u00e1 cuidadosamente dise\u00f1ado para proporcionar a los participantes una experiencia inmersiva que no solo sea educativa, sino tambi\u00e9n motivadora. Los asistentes pueden esperar aprender de los mejores en cada campo, participar en discusiones significativas y llevarse consigo nuevas perspectivas que transformen su forma de pensar y actuar. Al registrarte, te unes a una comunidad de individuos comprometidos con el progreso y el cambio.\n<\/div>\n<\/div><div class=\"bde-column-256-117 bde-column\">\n  \n\t\n\n\n\n<div class=\"bde-div-256-131 bde-div\">\n  \n\t\n\n\n\n<div class=\"bde-button-256-164 bde-button\">\n    \n                                    \n    \n    \n    \n    \n            \n                    \n            \n            \n\n    \n    \n    \n    \n    \n    <a class=\"breakdance-link button-atom button-atom--primary bde-button__button\" href=\"https:\/\/nobacom.net\/pwe0049-candidato-politico-layoutpack\/contactenos\/\" target=\"_self\" data-type=\"url\"  >\n\n    \n        <span class=\"button-atom__text\">Reg\u00edstrese para Eventos<\/span>\n\n        \n        \n                <\/a>\n\n    \n\n\n<\/div><div class=\"bde-div-256-157 bde-div\">\n  \n\t\n\n\n\n<div class=\"bde-text-256-118 bde-text\">\n\/\/ Fecha y Hora\n<\/div><div class=\"bde-text-256-156 bde-text\">\n2025-07-29 @ 12:00 PM\n<\/div>\n<\/div><div class=\"bde-div-256-158 bde-div\">\n  \n\t\n\n\n\n<div class=\"bde-text-256-159 bde-text\">\n\/\/ Ubicaci\u00f3n\n<\/div><div class=\"bde-text-256-160 bde-text\">\nCalle 103 # 34 - 21\n<\/div>\n<\/div><div class=\"bde-div-256-161 bde-div\">\n  \n\t\n\n\n\n<div class=\"bde-text-256-162 bde-text\">\n\/\/ Lugar del Evento\n<\/div><div class=\"bde-text-256-163 bde-text\">\nAseg\u00farese de registrarse y no perderse este evento \u00fanico.\n<\/div>\n<\/div><div class=\"bde-social-icons-256-165 bde-social-icons\">\n                  \n            \n            \n\n    \n    \n    \n    \n    \n    <a class=\"breakdance-link bde-social-icons__icon-wrapper bde-social-icons__icon-facebook\" href=\"https:\/\/www.facebook.com\/nobacomdigital\" target=\"_self\" data-type=\"url\" aria-label=\"facebook\" >\n\n             <svg xmlns=\"http:\/\/www.w3.org\/2000\/svg\" width=\"100%\" viewBox=\"0 0 24 24\">\n            <path d=\"M9 8h-3v4h3v12h5v-12h3.642l.358-4h-4v-1.667c0-.955.192-1.333 1.115-1.333h2.885v-5h-3.808c-3.596 0-5.192 1.583-5.192 4.615v3.385z\"\/>\n       <\/svg>\n              <\/a>\n\n                    \n            \n            \n\n    \n    \n    \n    \n    \n    <a class=\"breakdance-link bde-social-icons__icon-wrapper bde-social-icons__icon-instagram\" href=\"https:\/\/www.facebook.com\/nobacomdigital\" target=\"_self\" data-type=\"url\" aria-label=\"instagram\" >\n\n             <svg xmlns=\"http:\/\/www.w3.org\/2000\/svg\" width=\"100%\" viewBox=\"0 0 24 24\">\n            <path d=\"M12 2.163c3.204 0 3.584.012 4.85.07 3.252.148 4.771 1.691 4.919 4.919.058 1.265.069 1.645.069 4.849 0 3.205-.012 3.584-.069 4.849-.149 3.225-1.664 4.771-4.919 4.919-1.266.058-1.644.07-4.85.07-3.204 0-3.584-.012-4.849-.07-3.26-.149-4.771-1.699-4.919-4.92-.058-1.265-.07-1.644-.07-4.849 0-3.204.013-3.583.07-4.849.149-3.227 1.664-4.771 4.919-4.919 1.266-.057 1.645-.069 4.849-.069zm0-2.163c-3.259 0-3.667.014-4.947.072-4.358.2-6.78 2.618-6.98 6.98-.059 1.281-.073 1.689-.073 4.948 0 3.259.014 3.668.072 4.948.2 4.358 2.618 6.78 6.98 6.98 1.281.058 1.689.072 4.948.072 3.259 0 3.668-.014 4.948-.072 4.354-.2 6.782-2.618 6.979-6.98.059-1.28.073-1.689.073-4.948 0-3.259-.014-3.667-.072-4.947-.196-4.354-2.617-6.78-6.979-6.98-1.281-.059-1.69-.073-4.949-.073zm0 5.838c-3.403 0-6.162 2.759-6.162 6.162s2.759 6.163 6.162 6.163 6.162-2.759 6.162-6.163c0-3.403-2.759-6.162-6.162-6.162zm0 10.162c-2.209 0-4-1.79-4-4 0-2.209 1.791-4 4-4s4 1.791 4 4c0 2.21-1.791 4-4 4zm6.406-11.845c-.796 0-1.441.645-1.441 1.44s.645 1.44 1.441 1.44c.795 0 1.439-.645 1.439-1.44s-.644-1.44-1.439-1.44z\"\/>\n       <\/svg>\n              <\/a>\n\n                    \n            \n            \n\n    \n    \n    \n    \n    \n    <a class=\"breakdance-link bde-social-icons__icon-wrapper bde-social-icons__icon-twitter\" href=\"https:\/\/www.facebook.com\/nobacomdigital\" target=\"_self\" data-type=\"url\" aria-label=\"twitter\" >\n\n              <svg xmlns=\"http:\/\/www.w3.org\/2000\/svg\" width=\"100%\" viewBox=\"0 0 512 512\">\n          <path d=\"M389.2 48h70.6L305.6 224.2 487 464H345L233.7 318.6 106.5 464H35.8L200.7 275.5 26.8 48H172.4L272.9 180.9 389.2 48zM364.4 421.8h39.1L151.1 88h-42L364.4 421.8z\" \/>\n        <\/svg>\n              <\/a>\n\n                    \n            \n            \n\n    \n    \n    \n    \n    \n    <a class=\"breakdance-link bde-social-icons__icon-wrapper bde-social-icons__icon-youtube\" href=\"https:\/\/www.facebook.com\/nobacomdigital\" target=\"_self\" data-type=\"url\" aria-label=\"youtube\" >\n\n             <svg xmlns=\"http:\/\/www.w3.org\/2000\/svg\" width=\"100%\" viewBox=\"0 0 24 24\">\n            <path d=\"M19.615 3.184c-3.604-.246-11.631-.245-15.23 0-3.897.266-4.356 2.62-4.385 8.816.029 6.185.484 8.549 4.385 8.816 3.6.245 11.626.246 15.23 0 3.897-.266 4.356-2.62 4.385-8.816-.029-6.185-.484-8.549-4.385-8.816zm-10.615 12.816v-8l8 3.993-8 4.007z\"\/>\n       <\/svg>\n              <\/a>\n\n    \n<\/div>\n<\/div>\n<\/div><\/div>\n<\/div><div class=\"bde-div-256-147 bde-div\" data-entrance=\"slideUp\">\n  \n\t\n\n\n\n<div class=\"bde-columns-256-148 bde-columns\"><div class=\"bde-column-256-149 bde-column\">\n  \n\t\n\n\n\n<div class=\"bde-text-256-166 bde-text\">\n\/\/ Formulario\n<\/div><h3 class=\"bde-heading-256-167 bde-heading\">\nConferencia de Liderazgo\n<\/h3><div class=\"bde-form-builder-256-168 bde-form-builder\">\n\n\n<form id=\"contact-form168\" class=\"breakdance-form breakdance-form--vertical \" data-options=\"{&quot;slug&quot;:&quot;custom&quot;,&quot;name&quot;:&quot;Contact Form&quot;,&quot;ajaxUrl&quot;:&quot;https:\\\/\\\/nobacom.net\\\/pwe0049-candidato-politico-layoutpack\\\/wp-admin\\\/admin-ajax.php&quot;,&quot;clearOnSuccess&quot;:true,&quot;hideOnSuccess&quot;:false,&quot;successMessage&quot;:&quot;\\u00a1Tu mensaje ha sido recibido!&quot;,&quot;errorMessage&quot;:&quot;Algo sali\\u00f3 mal&quot;,&quot;redirect&quot;:false,&quot;redirectUrl&quot;:&quot;&quot;,&quot;customJavaScript&quot;:&quot;&quot;,&quot;recaptcha&quot;:{&quot;key&quot;:&quot;&quot;,&quot;enabled&quot;:false},&quot;honeypot_enabled&quot;:false,&quot;popupsOnSuccess&quot;:[],&quot;popupsOnError&quot;:[]}\" data-steps=\"0\" >\n  \n  \n  \n<div class=\"breakdance-form-field breakdance-form-field--text\" >\n    \n    \n    \n    <input\n    class=\"breakdance-form-field__input\"\n    id=\"urbwkz\"\n    aria-describedby=\"urbwkz\"\n    type=\"text\"\n    name=\"fields[urbwkz]\"\n    placeholder=\"Nombre\"\n    value=\"\"\n                \n        \n        \n    \n    \n    \n>\n\n\n    \n    \n<\/div>\n\n\n<div class=\"breakdance-form-field breakdance-form-field--text\" >\n    \n    \n    \n    <input\n    class=\"breakdance-form-field__input\"\n    id=\"iagcul\"\n    aria-describedby=\"iagcul\"\n    type=\"text\"\n    name=\"fields[iagcul]\"\n    placeholder=\"Apellido\"\n    value=\"\"\n                \n        \n        \n    \n    \n    \n>\n\n\n    \n    \n<\/div>\n\n\n<div class=\"breakdance-form-field breakdance-form-field--email\" >\n    \n    \n    \n    <input\n    class=\"breakdance-form-field__input\"\n    id=\"email\"\n    aria-describedby=\"email\"\n    type=\"email\"\n    name=\"fields[email]\"\n    placeholder=\"Email\"\n    value=\"\"\n                \n        \n        \n    required\n    \n    \n>\n\n\n    \n    \n<\/div>\n\n\n<div class=\"breakdance-form-field breakdance-form-field--textarea\" >\n    \n    \n    \n    <textarea\n    class=\"breakdance-form-field__input\"\n    id=\"echqxj\"\n    aria-describedby=\"echqxj\"\n    type=\"textarea\"\n    name=\"fields[echqxj]\"\n        placeholder=\"Mensaje\"\n    \n    >\n<\/textarea>\n\n\n    \n    \n<\/div>\n\n\n  \n\n<div class=\"breakdance-form-field breakdance-form-footer\">\n    \n    \n                                    \n    \n    \n    \n    \n            \n            <button type=\"submit\" class=\"button-atom button-atom--primary breakdance-form-button breakdance-form-button__submit\"  >\n    \n        <span class=\"button-atom__text\">Enviar<\/span>\n\n        \n        \n            <\/button>\n    \n    <input type=\"hidden\" name=\"form_id\" value=\"168\">\n    <input type=\"hidden\" name=\"post_id\" value=\"256\">\n<\/div>\n\n  \n<\/form>\n\n\n\n<\/div>\n<\/div><\/div>\n<\/div><\/div>\n<\/section>","protected":false},"excerpt":{"rendered":"<p>Detalles del Evento Inicio Detalles del Evento Nuestros eventos son el punto de encuentro para compartir ideas, fortalecer la comunidad y promover el cambio positivo. Cada evento est\u00e1 dise\u00f1ado para ofrecer experiencias \u00fanicas que permiten a los participantes aprender, interactuar y colaborar en temas clave. Desde conferencias hasta talleres, cada actividad est\u00e1 orientada a fomentar [&hellip;]<\/p>\n","protected":false},"author":1,"featured_media":0,"parent":0,"menu_order":0,"comment_status":"closed","ping_status":"closed","template":"","meta":{"_breakdance_hide_in_design_set":false,"_breakdance_tags":"","_joinchat":[],"footnotes":""},"class_list":["post-256","page","type-page","status-publish","hentry"],"yoast_head":"<!-- This site is optimized with the Yoast SEO plugin v24.7 - https:\/\/yoast.com\/wordpress\/plugins\/seo\/ -->\n<title>Detalles del Evento - pwe0049-candidato-politico-layoutpack<\/title>\n<meta name=\"robots\" content=\"noindex, follow, max-snippet:-1, max-image-preview:large, max-video-preview:-1\" \/>\n<meta property=\"og:locale\" content=\"es_ES\" \/>\n<meta property=\"og:type\" content=\"article\" \/>\n<meta property=\"og:title\" content=\"Detalles del Evento - pwe0049-candidato-politico-layoutpack\" \/>\n<meta property=\"og:description\" content=\"Detalles del Evento Inicio Detalles del Evento Nuestros eventos son el punto de encuentro para compartir ideas, fortalecer la comunidad y promover el cambio positivo. Cada evento est\u00e1 dise\u00f1ado para ofrecer experiencias \u00fanicas que permiten a los participantes aprender, interactuar y colaborar en temas clave. Desde conferencias hasta talleres, cada actividad est\u00e1 orientada a fomentar [&hellip;]\" \/>\n<meta property=\"og:url\" content=\"https:\/\/nobacom.net\/pwe0049-candidato-politico-layoutpack\/detalles-evento\/\" \/>\n<meta property=\"og:site_name\" content=\"pwe0049-candidato-politico-layoutpack\" \/>\n<meta property=\"article:publisher\" content=\"https:\/\/www.facebook.com\/nobacomdigital\" \/>\n<meta property=\"article:modified_time\" content=\"2025-05-07T16:16:25+00:00\" \/>\n<meta name=\"twitter:card\" content=\"summary_large_image\" \/>\n<script type=\"application\/ld+json\" class=\"yoast-schema-graph\">{\"@context\":\"https:\/\/schema.org\",\"@graph\":[{\"@type\":\"WebPage\",\"@id\":\"https:\/\/nobacom.net\/pwe0049-candidato-politico-layoutpack\/detalles-evento\/\",\"url\":\"https:\/\/nobacom.net\/pwe0049-candidato-politico-layoutpack\/detalles-evento\/\",\"name\":\"Detalles del Evento - pwe0049-candidato-politico-layoutpack\",\"isPartOf\":{\"@id\":\"https:\/\/nobacom.net\/pwe0049-candidato-politico-layoutpack\/#website\"},\"datePublished\":\"2024-02-03T05:54:31+00:00\",\"dateModified\":\"2025-05-07T16:16:25+00:00\",\"breadcrumb\":{\"@id\":\"https:\/\/nobacom.net\/pwe0049-candidato-politico-layoutpack\/detalles-evento\/#breadcrumb\"},\"inLanguage\":\"es\",\"potentialAction\":[{\"@type\":\"ReadAction\",\"target\":[\"https:\/\/nobacom.net\/pwe0049-candidato-politico-layoutpack\/detalles-evento\/\"]}]},{\"@type\":\"BreadcrumbList\",\"@id\":\"https:\/\/nobacom.net\/pwe0049-candidato-politico-layoutpack\/detalles-evento\/#breadcrumb\",\"itemListElement\":[{\"@type\":\"ListItem\",\"position\":1,\"name\":\"Portada\",\"item\":\"https:\/\/nobacom.net\/pwe0049-candidato-politico-layoutpack\/\"},{\"@type\":\"ListItem\",\"position\":2,\"name\":\"Detalles del Evento\"}]},{\"@type\":\"WebSite\",\"@id\":\"https:\/\/nobacom.net\/pwe0049-candidato-politico-layoutpack\/#website\",\"url\":\"https:\/\/nobacom.net\/pwe0049-candidato-politico-layoutpack\/\",\"name\":\"Wordpress Nobacom Base\",\"description\":\"\",\"publisher\":{\"@id\":\"https:\/\/nobacom.net\/pwe0049-candidato-politico-layoutpack\/#organization\"},\"potentialAction\":[{\"@type\":\"SearchAction\",\"target\":{\"@type\":\"EntryPoint\",\"urlTemplate\":\"https:\/\/nobacom.net\/pwe0049-candidato-politico-layoutpack\/?s={search_term_string}\"},\"query-input\":{\"@type\":\"PropertyValueSpecification\",\"valueRequired\":true,\"valueName\":\"search_term_string\"}}],\"inLanguage\":\"es\"},{\"@type\":\"Organization\",\"@id\":\"https:\/\/nobacom.net\/pwe0049-candidato-politico-layoutpack\/#organization\",\"name\":\"Wordpress Nobacom Base\",\"url\":\"https:\/\/nobacom.net\/pwe0049-candidato-politico-layoutpack\/\",\"logo\":{\"@type\":\"ImageObject\",\"inLanguage\":\"es\",\"@id\":\"https:\/\/nobacom.net\/pwe0049-candidato-politico-layoutpack\/#\/schema\/logo\/image\/\",\"url\":\"https:\/\/nobacom.net\/pwe0049-candidato-politico-layoutpack\/wp-content\/uploads\/2024\/12\/Logo-Nobacom-fondo-blanco-negro.png\",\"contentUrl\":\"https:\/\/nobacom.net\/pwe0049-candidato-politico-layoutpack\/wp-content\/uploads\/2024\/12\/Logo-Nobacom-fondo-blanco-negro.png\",\"width\":1103,\"height\":835,\"caption\":\"Wordpress Nobacom Base\"},\"image\":{\"@id\":\"https:\/\/nobacom.net\/pwe0049-candidato-politico-layoutpack\/#\/schema\/logo\/image\/\"},\"sameAs\":[\"https:\/\/www.facebook.com\/nobacomdigital\"]}]}<\/script>\n<!-- \/ Yoast SEO plugin. -->","yoast_head_json":{"title":"Detalles del Evento - pwe0049-candidato-politico-layoutpack","robots":{"index":"noindex","follow":"follow","max-snippet":"max-snippet:-1","max-image-preview":"max-image-preview:large","max-video-preview":"max-video-preview:-1"},"og_locale":"es_ES","og_type":"article","og_title":"Detalles del Evento - pwe0049-candidato-politico-layoutpack","og_description":"Detalles del Evento Inicio Detalles del Evento Nuestros eventos son el punto de encuentro para compartir ideas, fortalecer la comunidad y promover el cambio positivo. Cada evento est\u00e1 dise\u00f1ado para ofrecer experiencias \u00fanicas que permiten a los participantes aprender, interactuar y colaborar en temas clave. Desde conferencias hasta talleres, cada actividad est\u00e1 orientada a fomentar [&hellip;]","og_url":"https:\/\/nobacom.net\/pwe0049-candidato-politico-layoutpack\/detalles-evento\/","og_site_name":"pwe0049-candidato-politico-layoutpack","article_publisher":"https:\/\/www.facebook.com\/nobacomdigital","article_modified_time":"2025-05-07T16:16:25+00:00","twitter_card":"summary_large_image","schema":{"@context":"https:\/\/schema.org","@graph":[{"@type":"WebPage","@id":"https:\/\/nobacom.net\/pwe0049-candidato-politico-layoutpack\/detalles-evento\/","url":"https:\/\/nobacom.net\/pwe0049-candidato-politico-layoutpack\/detalles-evento\/","name":"Detalles del Evento - pwe0049-candidato-politico-layoutpack","isPartOf":{"@id":"https:\/\/nobacom.net\/pwe0049-candidato-politico-layoutpack\/#website"},"datePublished":"2024-02-03T05:54:31+00:00","dateModified":"2025-05-07T16:16:25+00:00","breadcrumb":{"@id":"https:\/\/nobacom.net\/pwe0049-candidato-politico-layoutpack\/detalles-evento\/#breadcrumb"},"inLanguage":"es","potentialAction":[{"@type":"ReadAction","target":["https:\/\/nobacom.net\/pwe0049-candidato-politico-layoutpack\/detalles-evento\/"]}]},{"@type":"BreadcrumbList","@id":"https:\/\/nobacom.net\/pwe0049-candidato-politico-layoutpack\/detalles-evento\/#breadcrumb","itemListElement":[{"@type":"ListItem","position":1,"name":"Portada","item":"https:\/\/nobacom.net\/pwe0049-candidato-politico-layoutpack\/"},{"@type":"ListItem","position":2,"name":"Detalles del Evento"}]},{"@type":"WebSite","@id":"https:\/\/nobacom.net\/pwe0049-candidato-politico-layoutpack\/#website","url":"https:\/\/nobacom.net\/pwe0049-candidato-politico-layoutpack\/","name":"Wordpress Nobacom Base","description":"","publisher":{"@id":"https:\/\/nobacom.net\/pwe0049-candidato-politico-layoutpack\/#organization"},"potentialAction":[{"@type":"SearchAction","target":{"@type":"EntryPoint","urlTemplate":"https:\/\/nobacom.net\/pwe0049-candidato-politico-layoutpack\/?s={search_term_string}"},"query-input":{"@type":"PropertyValueSpecification","valueRequired":true,"valueName":"search_term_string"}}],"inLanguage":"es"},{"@type":"Organization","@id":"https:\/\/nobacom.net\/pwe0049-candidato-politico-layoutpack\/#organization","name":"Wordpress Nobacom Base","url":"https:\/\/nobacom.net\/pwe0049-candidato-politico-layoutpack\/","logo":{"@type":"ImageObject","inLanguage":"es","@id":"https:\/\/nobacom.net\/pwe0049-candidato-politico-layoutpack\/#\/schema\/logo\/image\/","url":"https:\/\/nobacom.net\/pwe0049-candidato-politico-layoutpack\/wp-content\/uploads\/2024\/12\/Logo-Nobacom-fondo-blanco-negro.png","contentUrl":"https:\/\/nobacom.net\/pwe0049-candidato-politico-layoutpack\/wp-content\/uploads\/2024\/12\/Logo-Nobacom-fondo-blanco-negro.png","width":1103,"height":835,"caption":"Wordpress Nobacom Base"},"image":{"@id":"https:\/\/nobacom.net\/pwe0049-candidato-politico-layoutpack\/#\/schema\/logo\/image\/"},"sameAs":["https:\/\/www.facebook.com\/nobacomdigital"]}]}},"_links":{"self":[{"href":"https:\/\/nobacom.net\/pwe0049-candidato-politico-layoutpack\/wp-json\/wp\/v2\/pages\/256","targetHints":{"allow":["GET"]}}],"collection":[{"href":"https:\/\/nobacom.net\/pwe0049-candidato-politico-layoutpack\/wp-json\/wp\/v2\/pages"}],"about":[{"href":"https:\/\/nobacom.net\/pwe0049-candidato-politico-layoutpack\/wp-json\/wp\/v2\/types\/page"}],"author":[{"embeddable":true,"href":"https:\/\/nobacom.net\/pwe0049-candidato-politico-layoutpack\/wp-json\/wp\/v2\/users\/1"}],"replies":[{"embeddable":true,"href":"https:\/\/nobacom.net\/pwe0049-candidato-politico-layoutpack\/wp-json\/wp\/v2\/comments?post=256"}],"version-history":[{"count":6,"href":"https:\/\/nobacom.net\/pwe0049-candidato-politico-layoutpack\/wp-json\/wp\/v2\/pages\/256\/revisions"}],"predecessor-version":[{"id":661,"href":"https:\/\/nobacom.net\/pwe0049-candidato-politico-layoutpack\/wp-json\/wp\/v2\/pages\/256\/revisions\/661"}],"wp:attachment":[{"href":"https:\/\/nobacom.net\/pwe0049-candidato-politico-layoutpack\/wp-json\/wp\/v2\/media?parent=256"}],"curies":[{"name":"wp","href":"https:\/\/api.w.org\/{rel}","templated":true}]}}