{"id":223,"date":"2024-07-25T06:28:51","date_gmt":"2024-07-25T06:28:51","guid":{"rendered":"https:\/\/bdlayoutspack.com\/breakdance-call-center-layouts-pack\/?page_id=223"},"modified":"2025-05-14T09:11:07","modified_gmt":"2025-05-14T14:11:07","slug":"nuestra-historia","status":"publish","type":"page","link":"https:\/\/nobacom.net\/pwe0052-centro-de-llamadas-layoutpack\/nuestra-historia\/","title":{"rendered":"Nuestra historia"},"content":{"rendered":"<section class=\"bde-section-223-100 bde-section\">\n              \n  \n\t\n\n  <div class=\"section-background-overlay\"><\/div>\n\n\n<div class=\"section-container\"><div class=\"bde-div-223-101 bde-div\" data-entrance=\"slideUp\">\n  \n\t\n\n\n\n<div class=\"bde-columns-223-102 bde-columns\"><div class=\"bde-column-223-103 bde-column\">\n  \n\t\n\n\n\n<h5 class=\"bde-heading-223-104 bde-heading\">\nNuestra historia\n<\/h5><div class=\"bde-div-223-105 bde-div\">\n  \n\t\n\n\n\n<div class=\"bde-button-223-106 bde-button\">\n    \n                                    \n    \n    \n    \n    \n            \n                    \n            \n            \n\n    \n    \n    \n    \n    \n    <a class=\"breakdance-link button-atom button-atom--custom bde-button__button\" href=\"https:\/\/nobacom.net\/pwe0052-centro-de-llamadas-layoutpack\" target=\"_self\" data-type=\"url\"  >\n\n    \n        <span class=\"button-atom__text\">Inicio<\/span>\n\n        \n        \n                <\/a>\n\n    \n\n\n<\/div><div class=\"bde-button-223-107 bde-button\">\n    \n                                    \n    \n    \n    \n    \n            \n            <button type=\"button\" class=\"button-atom button-atom--custom bde-button__button\"  >\n    \n        <span class=\"button-atom__text\">Nuestra historia<\/span>\n\n                            \n        \n            <\/button>\n    \n\n\n<\/div>\n<\/div>\n<\/div><\/div>\n<\/div><\/div>\n<\/section><section class=\"bde-section-223-108 bde-section\">\n  \n\t\n\n\n\n<div class=\"section-container\"><div class=\"bde-div-223-114 bde-div\">\n  \n\t\n\n\n\n<div class=\"bde-columns-223-140 bde-columns\"><div class=\"bde-column-223-141 bde-column\">\n  \n\t\n\n\n\n<div class=\"bde-image-223-143 bde-image\">\n<figure class=\"breakdance-image breakdance-image--97\">\n\t<div class=\"breakdance-image-container\">\n\t\t<div class=\"breakdance-image-clip\"><img loading=\"lazy\" decoding=\"async\" class=\"breakdance-image-object\" src=\"https:\/\/bdlayoutspack.com\/breakdance-call-center-layouts-pack\/wp-content\/uploads\/sites\/49\/2024\/02\/Breakdance_Call_Center_Img_4.jpg\" width=\"1280\" height=\"720\" srcset=\"https:\/\/bdlayoutspack.com\/breakdance-call-center-layouts-pack\/wp-content\/uploads\/sites\/49\/2024\/02\/Breakdance_Call_Center_Img_4.jpg 1280w, https:\/\/bdlayoutspack.com\/breakdance-call-center-layouts-pack\/wp-content\/uploads\/sites\/49\/2024\/02\/Breakdance_Call_Center_Img_4-300x169.jpg 300w, https:\/\/bdlayoutspack.com\/breakdance-call-center-layouts-pack\/wp-content\/uploads\/sites\/49\/2024\/02\/Breakdance_Call_Center_Img_4-1024x576.jpg 1024w, https:\/\/bdlayoutspack.com\/breakdance-call-center-layouts-pack\/wp-content\/uploads\/sites\/49\/2024\/02\/Breakdance_Call_Center_Img_4-768x432.jpg 768w\" sizes=\"auto, (max-width: 1280px) 100vw, 1280px\"><\/div>\n\t<\/div><\/figure>\n\n<\/div>\n<\/div><div class=\"bde-column-223-142 bde-column\">\n  \n\t\n\n\n\n<h5 class=\"bde-heading-223-144 bde-heading\">\n2010\n<\/h5><h4 class=\"bde-heading-223-145 bde-heading\">\nFundaci\u00f3n de la empresa\n<\/h4><div class=\"bde-text-223-146 bde-text\">\nEn 2010, naci\u00f3 nuestra empresa con el objetivo de ofrecer soluciones de atenci\u00f3n al cliente excepcionales. Desde el principio, nos enfocamos en combinar tecnolog\u00eda avanzada con un equipo altamente capacitado para brindar el mejor servicio.\n<\/div>\n<\/div><\/div><div class=\"bde-columns-223-147 bde-columns\"><div class=\"bde-column-223-150 bde-column\">\n  \n\t\n\n\n\n<h5 class=\"bde-heading-223-151 bde-heading\">\n2015\n<\/h5><h4 class=\"bde-heading-223-152 bde-heading\">\nExpansi\u00f3n internacional\n<\/h4><div class=\"bde-text-223-153 bde-text\">\nEn 2015, ampliamos nuestras operaciones a m\u00e1s de 10 pa\u00edses, alcanzando una audiencia global. Con oficinas en Am\u00e9rica Latina y Europa, nos consolidamos como una opci\u00f3n confiable para empresas de todo el mundo que buscaban soluciones de atenci\u00f3n al cliente personalizadas y de alta calidad.\n<\/div>\n<\/div><div class=\"bde-column-223-148 bde-column\">\n  \n\t\n\n\n\n<div class=\"bde-image-223-149 bde-image\">\n<figure class=\"breakdance-image breakdance-image--96\">\n\t<div class=\"breakdance-image-container\">\n\t\t<div class=\"breakdance-image-clip\"><img loading=\"lazy\" decoding=\"async\" class=\"breakdance-image-object\" src=\"https:\/\/bdlayoutspack.com\/breakdance-call-center-layouts-pack\/wp-content\/uploads\/sites\/49\/2024\/02\/Breakdance_Call_Center_Img_3.jpg\" width=\"1280\" height=\"720\" srcset=\"https:\/\/bdlayoutspack.com\/breakdance-call-center-layouts-pack\/wp-content\/uploads\/sites\/49\/2024\/02\/Breakdance_Call_Center_Img_3.jpg 1280w, https:\/\/bdlayoutspack.com\/breakdance-call-center-layouts-pack\/wp-content\/uploads\/sites\/49\/2024\/02\/Breakdance_Call_Center_Img_3-300x169.jpg 300w, https:\/\/bdlayoutspack.com\/breakdance-call-center-layouts-pack\/wp-content\/uploads\/sites\/49\/2024\/02\/Breakdance_Call_Center_Img_3-1024x576.jpg 1024w, https:\/\/bdlayoutspack.com\/breakdance-call-center-layouts-pack\/wp-content\/uploads\/sites\/49\/2024\/02\/Breakdance_Call_Center_Img_3-768x432.jpg 768w\" sizes=\"auto, (max-width: 1280px) 100vw, 1280px\"><\/div>\n\t<\/div><\/figure>\n\n<\/div>\n<\/div><\/div><div class=\"bde-columns-223-154 bde-columns\"><div class=\"bde-column-223-155 bde-column\">\n  \n\t\n\n\n\n<div class=\"bde-image-223-156 bde-image\">\n<figure class=\"breakdance-image breakdance-image--95\">\n\t<div class=\"breakdance-image-container\">\n\t\t<div class=\"breakdance-image-clip\"><img loading=\"lazy\" decoding=\"async\" class=\"breakdance-image-object\" src=\"https:\/\/bdlayoutspack.com\/breakdance-call-center-layouts-pack\/wp-content\/uploads\/sites\/49\/2024\/02\/Breakdance_Call_Center_Img_2.jpg\" width=\"1280\" height=\"720\" srcset=\"https:\/\/bdlayoutspack.com\/breakdance-call-center-layouts-pack\/wp-content\/uploads\/sites\/49\/2024\/02\/Breakdance_Call_Center_Img_2.jpg 1280w, https:\/\/bdlayoutspack.com\/breakdance-call-center-layouts-pack\/wp-content\/uploads\/sites\/49\/2024\/02\/Breakdance_Call_Center_Img_2-300x169.jpg 300w, https:\/\/bdlayoutspack.com\/breakdance-call-center-layouts-pack\/wp-content\/uploads\/sites\/49\/2024\/02\/Breakdance_Call_Center_Img_2-1024x576.jpg 1024w, https:\/\/bdlayoutspack.com\/breakdance-call-center-layouts-pack\/wp-content\/uploads\/sites\/49\/2024\/02\/Breakdance_Call_Center_Img_2-768x432.jpg 768w\" sizes=\"auto, (max-width: 1280px) 100vw, 1280px\"><\/div>\n\t<\/div><\/figure>\n\n<\/div>\n<\/div><div class=\"bde-column-223-157 bde-column\">\n  \n\t\n\n\n\n<h5 class=\"bde-heading-223-158 bde-heading\">\n2018\n<\/h5><h4 class=\"bde-heading-223-159 bde-heading\">\nInnovaci\u00f3n en tecnolog\u00eda de atenci\u00f3n al cliente\n<\/h4><div class=\"bde-text-223-160 bde-text\">\nEn 2018, implementamos soluciones tecnol\u00f3gicas avanzadas, como inteligencia artificial y automatizaci\u00f3n, para mejorar la eficiencia de nuestras operaciones. Esto permiti\u00f3 a nuestros clientes recibir respuestas m\u00e1s r\u00e1pidas y precisas, mejorando la experiencia del usuario y posicion\u00e1ndonos como l\u00edderes en innovaci\u00f3n.\n<\/div>\n<\/div><\/div><div class=\"bde-columns-223-161 bde-columns\"><div class=\"bde-column-223-164 bde-column\">\n  \n\t\n\n\n\n<h5 class=\"bde-heading-223-165 bde-heading\">\n2023\n<\/h5><h4 class=\"bde-heading-223-166 bde-heading\">\nReconocimiento de la industria\n<\/h4><div class=\"bde-text-223-167 bde-text\">\nEn 2023, fuimos galardonados con el premio a la \"Mejor Empresa de Contact Center\" por la industria. Este reconocimiento refleja el esfuerzo y dedicaci\u00f3n de todo nuestro equipo para ofrecer servicios de calidad que superen las expectativas de nuestros clientes.\n<\/div>\n<\/div><div class=\"bde-column-223-162 bde-column\">\n  \n\t\n\n\n\n<div class=\"bde-image-223-163 bde-image\">\n<figure class=\"breakdance-image breakdance-image--94\">\n\t<div class=\"breakdance-image-container\">\n\t\t<div class=\"breakdance-image-clip\"><img loading=\"lazy\" decoding=\"async\" class=\"breakdance-image-object\" src=\"https:\/\/bdlayoutspack.com\/breakdance-call-center-layouts-pack\/wp-content\/uploads\/sites\/49\/2024\/02\/Breakdance_Call_Center_Img_1.jpg\" width=\"1280\" height=\"720\" srcset=\"https:\/\/bdlayoutspack.com\/breakdance-call-center-layouts-pack\/wp-content\/uploads\/sites\/49\/2024\/02\/Breakdance_Call_Center_Img_1.jpg 1280w, https:\/\/bdlayoutspack.com\/breakdance-call-center-layouts-pack\/wp-content\/uploads\/sites\/49\/2024\/02\/Breakdance_Call_Center_Img_1-300x169.jpg 300w, https:\/\/bdlayoutspack.com\/breakdance-call-center-layouts-pack\/wp-content\/uploads\/sites\/49\/2024\/02\/Breakdance_Call_Center_Img_1-1024x576.jpg 1024w, https:\/\/bdlayoutspack.com\/breakdance-call-center-layouts-pack\/wp-content\/uploads\/sites\/49\/2024\/02\/Breakdance_Call_Center_Img_1-768x432.jpg 768w\" sizes=\"auto, (max-width: 1280px) 100vw, 1280px\"><\/div>\n\t<\/div><\/figure>\n\n<\/div>\n<\/div><\/div>\n<\/div><\/div>\n<\/section>","protected":false},"excerpt":{"rendered":"<p>Nuestra historia Inicio Nuestra historia 2010 Fundaci\u00f3n de la empresa En 2010, naci\u00f3 nuestra empresa con el objetivo de ofrecer soluciones de atenci\u00f3n al cliente excepcionales. Desde el principio, nos enfocamos en combinar tecnolog\u00eda avanzada con un equipo altamente capacitado para brindar el mejor servicio. 2015 Expansi\u00f3n internacional En 2015, ampliamos nuestras operaciones a m\u00e1s [&hellip;]<\/p>\n","protected":false},"author":1,"featured_media":0,"parent":0,"menu_order":0,"comment_status":"closed","ping_status":"closed","template":"","meta":{"_breakdance_hide_in_design_set":false,"_breakdance_tags":"","_joinchat":[],"footnotes":""},"class_list":["post-223","page","type-page","status-publish","hentry"],"yoast_head":"<!-- This site is optimized with the Yoast SEO plugin v24.7 - https:\/\/yoast.com\/wordpress\/plugins\/seo\/ -->\n<title>Nuestra historia - pwe0052-centro-de-llamadas-layoutpack<\/title>\n<meta name=\"robots\" content=\"noindex, follow, max-snippet:-1, max-image-preview:large, max-video-preview:-1\" \/>\n<meta property=\"og:locale\" content=\"es_ES\" \/>\n<meta property=\"og:type\" content=\"article\" \/>\n<meta property=\"og:title\" content=\"Nuestra historia - pwe0052-centro-de-llamadas-layoutpack\" \/>\n<meta property=\"og:description\" content=\"Nuestra historia Inicio Nuestra historia 2010 Fundaci\u00f3n de la empresa En 2010, naci\u00f3 nuestra empresa con el objetivo de ofrecer soluciones de atenci\u00f3n al cliente excepcionales. Desde el principio, nos enfocamos en combinar tecnolog\u00eda avanzada con un equipo altamente capacitado para brindar el mejor servicio. 2015 Expansi\u00f3n internacional En 2015, ampliamos nuestras operaciones a m\u00e1s [&hellip;]\" \/>\n<meta property=\"og:url\" content=\"https:\/\/nobacom.net\/pwe0052-centro-de-llamadas-layoutpack\/nuestra-historia\/\" \/>\n<meta property=\"og:site_name\" content=\"pwe0052-centro-de-llamadas-layoutpack\" \/>\n<meta property=\"article:publisher\" content=\"https:\/\/www.facebook.com\/nobacomdigital\" \/>\n<meta property=\"article:modified_time\" content=\"2025-05-14T14:11:07+00:00\" \/>\n<meta name=\"twitter:card\" content=\"summary_large_image\" \/>\n<script type=\"application\/ld+json\" class=\"yoast-schema-graph\">{\"@context\":\"https:\/\/schema.org\",\"@graph\":[{\"@type\":\"WebPage\",\"@id\":\"https:\/\/nobacom.net\/pwe0052-centro-de-llamadas-layoutpack\/nuestra-historia\/\",\"url\":\"https:\/\/nobacom.net\/pwe0052-centro-de-llamadas-layoutpack\/nuestra-historia\/\",\"name\":\"Nuestra historia - pwe0052-centro-de-llamadas-layoutpack\",\"isPartOf\":{\"@id\":\"https:\/\/nobacom.net\/pwe0052-centro-de-llamadas-layoutpack\/#website\"},\"datePublished\":\"2024-07-25T06:28:51+00:00\",\"dateModified\":\"2025-05-14T14:11:07+00:00\",\"breadcrumb\":{\"@id\":\"https:\/\/nobacom.net\/pwe0052-centro-de-llamadas-layoutpack\/nuestra-historia\/#breadcrumb\"},\"inLanguage\":\"es\",\"potentialAction\":[{\"@type\":\"ReadAction\",\"target\":[\"https:\/\/nobacom.net\/pwe0052-centro-de-llamadas-layoutpack\/nuestra-historia\/\"]}]},{\"@type\":\"BreadcrumbList\",\"@id\":\"https:\/\/nobacom.net\/pwe0052-centro-de-llamadas-layoutpack\/nuestra-historia\/#breadcrumb\",\"itemListElement\":[{\"@type\":\"ListItem\",\"position\":1,\"name\":\"Portada\",\"item\":\"https:\/\/nobacom.net\/pwe0052-centro-de-llamadas-layoutpack\/\"},{\"@type\":\"ListItem\",\"position\":2,\"name\":\"Nuestra historia\"}]},{\"@type\":\"WebSite\",\"@id\":\"https:\/\/nobacom.net\/pwe0052-centro-de-llamadas-layoutpack\/#website\",\"url\":\"https:\/\/nobacom.net\/pwe0052-centro-de-llamadas-layoutpack\/\",\"name\":\"Wordpress Nobacom Base\",\"description\":\"\",\"publisher\":{\"@id\":\"https:\/\/nobacom.net\/pwe0052-centro-de-llamadas-layoutpack\/#organization\"},\"potentialAction\":[{\"@type\":\"SearchAction\",\"target\":{\"@type\":\"EntryPoint\",\"urlTemplate\":\"https:\/\/nobacom.net\/pwe0052-centro-de-llamadas-layoutpack\/?s={search_term_string}\"},\"query-input\":{\"@type\":\"PropertyValueSpecification\",\"valueRequired\":true,\"valueName\":\"search_term_string\"}}],\"inLanguage\":\"es\"},{\"@type\":\"Organization\",\"@id\":\"https:\/\/nobacom.net\/pwe0052-centro-de-llamadas-layoutpack\/#organization\",\"name\":\"Wordpress Nobacom Base\",\"url\":\"https:\/\/nobacom.net\/pwe0052-centro-de-llamadas-layoutpack\/\",\"logo\":{\"@type\":\"ImageObject\",\"inLanguage\":\"es\",\"@id\":\"https:\/\/nobacom.net\/pwe0052-centro-de-llamadas-layoutpack\/#\/schema\/logo\/image\/\",\"url\":\"https:\/\/nobacom.net\/pwe0052-centro-de-llamadas-layoutpack\/wp-content\/uploads\/2024\/12\/Logo-Nobacom-fondo-blanco-negro.png\",\"contentUrl\":\"https:\/\/nobacom.net\/pwe0052-centro-de-llamadas-layoutpack\/wp-content\/uploads\/2024\/12\/Logo-Nobacom-fondo-blanco-negro.png\",\"width\":1103,\"height\":835,\"caption\":\"Wordpress Nobacom Base\"},\"image\":{\"@id\":\"https:\/\/nobacom.net\/pwe0052-centro-de-llamadas-layoutpack\/#\/schema\/logo\/image\/\"},\"sameAs\":[\"https:\/\/www.facebook.com\/nobacomdigital\"]}]}<\/script>\n<!-- \/ Yoast SEO plugin. -->","yoast_head_json":{"title":"Nuestra historia - pwe0052-centro-de-llamadas-layoutpack","robots":{"index":"noindex","follow":"follow","max-snippet":"max-snippet:-1","max-image-preview":"max-image-preview:large","max-video-preview":"max-video-preview:-1"},"og_locale":"es_ES","og_type":"article","og_title":"Nuestra historia - pwe0052-centro-de-llamadas-layoutpack","og_description":"Nuestra historia Inicio Nuestra historia 2010 Fundaci\u00f3n de la empresa En 2010, naci\u00f3 nuestra empresa con el objetivo de ofrecer soluciones de atenci\u00f3n al cliente excepcionales. Desde el principio, nos enfocamos en combinar tecnolog\u00eda avanzada con un equipo altamente capacitado para brindar el mejor servicio. 2015 Expansi\u00f3n internacional En 2015, ampliamos nuestras operaciones a m\u00e1s [&hellip;]","og_url":"https:\/\/nobacom.net\/pwe0052-centro-de-llamadas-layoutpack\/nuestra-historia\/","og_site_name":"pwe0052-centro-de-llamadas-layoutpack","article_publisher":"https:\/\/www.facebook.com\/nobacomdigital","article_modified_time":"2025-05-14T14:11:07+00:00","twitter_card":"summary_large_image","schema":{"@context":"https:\/\/schema.org","@graph":[{"@type":"WebPage","@id":"https:\/\/nobacom.net\/pwe0052-centro-de-llamadas-layoutpack\/nuestra-historia\/","url":"https:\/\/nobacom.net\/pwe0052-centro-de-llamadas-layoutpack\/nuestra-historia\/","name":"Nuestra historia - pwe0052-centro-de-llamadas-layoutpack","isPartOf":{"@id":"https:\/\/nobacom.net\/pwe0052-centro-de-llamadas-layoutpack\/#website"},"datePublished":"2024-07-25T06:28:51+00:00","dateModified":"2025-05-14T14:11:07+00:00","breadcrumb":{"@id":"https:\/\/nobacom.net\/pwe0052-centro-de-llamadas-layoutpack\/nuestra-historia\/#breadcrumb"},"inLanguage":"es","potentialAction":[{"@type":"ReadAction","target":["https:\/\/nobacom.net\/pwe0052-centro-de-llamadas-layoutpack\/nuestra-historia\/"]}]},{"@type":"BreadcrumbList","@id":"https:\/\/nobacom.net\/pwe0052-centro-de-llamadas-layoutpack\/nuestra-historia\/#breadcrumb","itemListElement":[{"@type":"ListItem","position":1,"name":"Portada","item":"https:\/\/nobacom.net\/pwe0052-centro-de-llamadas-layoutpack\/"},{"@type":"ListItem","position":2,"name":"Nuestra historia"}]},{"@type":"WebSite","@id":"https:\/\/nobacom.net\/pwe0052-centro-de-llamadas-layoutpack\/#website","url":"https:\/\/nobacom.net\/pwe0052-centro-de-llamadas-layoutpack\/","name":"Wordpress Nobacom Base","description":"","publisher":{"@id":"https:\/\/nobacom.net\/pwe0052-centro-de-llamadas-layoutpack\/#organization"},"potentialAction":[{"@type":"SearchAction","target":{"@type":"EntryPoint","urlTemplate":"https:\/\/nobacom.net\/pwe0052-centro-de-llamadas-layoutpack\/?s={search_term_string}"},"query-input":{"@type":"PropertyValueSpecification","valueRequired":true,"valueName":"search_term_string"}}],"inLanguage":"es"},{"@type":"Organization","@id":"https:\/\/nobacom.net\/pwe0052-centro-de-llamadas-layoutpack\/#organization","name":"Wordpress Nobacom Base","url":"https:\/\/nobacom.net\/pwe0052-centro-de-llamadas-layoutpack\/","logo":{"@type":"ImageObject","inLanguage":"es","@id":"https:\/\/nobacom.net\/pwe0052-centro-de-llamadas-layoutpack\/#\/schema\/logo\/image\/","url":"https:\/\/nobacom.net\/pwe0052-centro-de-llamadas-layoutpack\/wp-content\/uploads\/2024\/12\/Logo-Nobacom-fondo-blanco-negro.png","contentUrl":"https:\/\/nobacom.net\/pwe0052-centro-de-llamadas-layoutpack\/wp-content\/uploads\/2024\/12\/Logo-Nobacom-fondo-blanco-negro.png","width":1103,"height":835,"caption":"Wordpress Nobacom Base"},"image":{"@id":"https:\/\/nobacom.net\/pwe0052-centro-de-llamadas-layoutpack\/#\/schema\/logo\/image\/"},"sameAs":["https:\/\/www.facebook.com\/nobacomdigital"]}]}},"_links":{"self":[{"href":"https:\/\/nobacom.net\/pwe0052-centro-de-llamadas-layoutpack\/wp-json\/wp\/v2\/pages\/223","targetHints":{"allow":["GET"]}}],"collection":[{"href":"https:\/\/nobacom.net\/pwe0052-centro-de-llamadas-layoutpack\/wp-json\/wp\/v2\/pages"}],"about":[{"href":"https:\/\/nobacom.net\/pwe0052-centro-de-llamadas-layoutpack\/wp-json\/wp\/v2\/types\/page"}],"author":[{"embeddable":true,"href":"https:\/\/nobacom.net\/pwe0052-centro-de-llamadas-layoutpack\/wp-json\/wp\/v2\/users\/1"}],"replies":[{"embeddable":true,"href":"https:\/\/nobacom.net\/pwe0052-centro-de-llamadas-layoutpack\/wp-json\/wp\/v2\/comments?post=223"}],"version-history":[{"count":2,"href":"https:\/\/nobacom.net\/pwe0052-centro-de-llamadas-layoutpack\/wp-json\/wp\/v2\/pages\/223\/revisions"}],"predecessor-version":[{"id":575,"href":"https:\/\/nobacom.net\/pwe0052-centro-de-llamadas-layoutpack\/wp-json\/wp\/v2\/pages\/223\/revisions\/575"}],"wp:attachment":[{"href":"https:\/\/nobacom.net\/pwe0052-centro-de-llamadas-layoutpack\/wp-json\/wp\/v2\/media?parent=223"}],"curies":[{"name":"wp","href":"https:\/\/api.w.org\/{rel}","templated":true}]}}