{"id":241,"date":"2024-07-25T06:32:32","date_gmt":"2024-07-25T06:32:32","guid":{"rendered":"https:\/\/bdlayoutspack.com\/breakdance-call-center-layouts-pack\/?page_id=241"},"modified":"2025-05-14T08:28:46","modified_gmt":"2025-05-14T13:28:46","slug":"contactanos","status":"publish","type":"page","link":"https:\/\/nobacom.net\/pwe0052-centro-de-llamadas-layoutpack\/contactanos\/","title":{"rendered":"Cont\u00e1ctanos"},"content":{"rendered":"<section class=\"bde-section-241-100 bde-section\">\n              \n  \n\t\n\n  <div class=\"section-background-overlay\"><\/div>\n\n\n<div class=\"section-container\"><div class=\"bde-div-241-101 bde-div\" data-entrance=\"slideUp\">\n  \n\t\n\n\n\n<div class=\"bde-columns-241-102 bde-columns\"><div class=\"bde-column-241-103 bde-column\">\n  \n\t\n\n\n\n<h5 class=\"bde-heading-241-104 bde-heading\">\nCont\u00e1ctanos\n<\/h5><div class=\"bde-div-241-105 bde-div\">\n  \n\t\n\n\n\n<div class=\"bde-button-241-106 bde-button\">\n    \n                                    \n    \n    \n    \n    \n            \n                    \n            \n            \n\n    \n    \n    \n    \n    \n    <a class=\"breakdance-link button-atom button-atom--custom bde-button__button\" href=\"https:\/\/nobacom.net\/pwe0052-centro-de-llamadas-layoutpack\" target=\"_self\" data-type=\"url\"  >\n\n    \n        <span class=\"button-atom__text\">Inicio<\/span>\n\n        \n        \n                <\/a>\n\n    \n\n\n<\/div><div class=\"bde-button-241-107 bde-button\">\n    \n                                    \n    \n    \n    \n    \n            \n            <button type=\"button\" class=\"button-atom button-atom--custom bde-button__button\"  >\n    \n        <span class=\"button-atom__text\">Cont\u00e1ctanos<\/span>\n\n                            \n        \n            <\/button>\n    \n\n\n<\/div>\n<\/div>\n<\/div><\/div>\n<\/div><\/div>\n<\/section><section class=\"bde-section-241-108 bde-section\">\n  \n\t\n\n\n\n<div class=\"section-container\"><div class=\"bde-div-241-109 bde-div\">\n  \n\t\n\n\n\n<div class=\"bde-columns-241-110 bde-columns\"><div class=\"bde-column-241-111 bde-column\">\n  \n\t\n\n\n\n<h3 class=\"bde-heading-241-113 bde-heading\">\nCont\u00e1ctanos\n<\/h3><div class=\"bde-text-241-114 bde-text\">\nNuestro equipo est\u00e1 disponible para ayudarte. Cont\u00e1ctanos para resolver cualquier duda o recibir asistencia personalizada.\n<\/div><div class=\"bde-icon-box-241-122 bde-icon-box\">\n\n    \n            <div class=\"ee-iconbox-icon breakdance-icon-atom\" >\n    \n                    <svg xmlns=\"http:\/\/www.w3.org\/2000\/svg\" id=\"icon-phone\" viewBox=\"0 0 32 32\">\n<path d=\"M22 20c-2 2-2 4-4 4s-4-2-6-4-4-4-4-6 2-2 4-4-4-8-6-8-6 6-6 6c0 4 4.109 12.109 8 16s12 8 16 8c0 0 6-4 6-6s-6-8-8-6z\"\/>\n<\/svg>\n        \n        \n        \n            <\/div>\n    \n\n<div class=\"ee-iconbox-content\">\n      <p class=\"ee-iconbox-title bde-h3\" >Tel\u00e9fono<\/p>\n        <div class=\"ee-iconbox-text\" >314 314 1496<\/div>\n    <\/div>\n\n<\/div><div class=\"bde-icon-box-241-123 bde-icon-box\">\n\n    \n            <div class=\"ee-iconbox-icon breakdance-icon-atom\" >\n    \n                    <svg xmlns=\"http:\/\/www.w3.org\/2000\/svg\" viewBox=\"0 0 512 512\"><!--! Font Awesome Free 6.5.1 by @fontawesome - https:\/\/fontawesome.com License - https:\/\/fontawesome.com\/license\/free (Icons: CC BY 4.0, Fonts: SIL OFL 1.1, Code: MIT License) Copyright 2023 Fonticons, Inc. --><path d=\"M48 64C21.5 64 0 85.5 0 112c0 15.1 7.1 29.3 19.2 38.4L236.8 313.6c11.4 8.5 27 8.5 38.4 0L492.8 150.4c12.1-9.1 19.2-23.3 19.2-38.4c0-26.5-21.5-48-48-48H48zM0 176V384c0 35.3 28.7 64 64 64H448c35.3 0 64-28.7 64-64V176L294.4 339.2c-22.8 17.1-54 17.1-76.8 0L0 176z\"\/><\/svg>\n        \n        \n        \n            <\/div>\n    \n\n<div class=\"ee-iconbox-content\">\n      <p class=\"ee-iconbox-title bde-h3\" >Correo<\/p>\n        <div class=\"ee-iconbox-text\" >info@nobacom.com<\/div>\n    <\/div>\n\n<\/div><div class=\"bde-icon-box-241-124 bde-icon-box\">\n\n    \n            <div class=\"ee-iconbox-icon breakdance-icon-atom\" >\n    \n                    <svg xmlns=\"http:\/\/www.w3.org\/2000\/svg\" id=\"icon-location\" viewBox=\"0 0 32 32\">\n<path d=\"M16 0c-5.523 0-10 4.477-10 10 0 10 10 22 10 22s10-12 10-22c0-5.523-4.477-10-10-10zM16 16c-3.314 0-6-2.686-6-6s2.686-6 6-6 6 2.686 6 6-2.686 6-6 6z\"\/>\n<\/svg>\n        \n        \n        \n            <\/div>\n    \n\n<div class=\"ee-iconbox-content\">\n      <p class=\"ee-iconbox-title bde-h3\" >Direcci\u00f3n<\/p>\n        <div class=\"ee-iconbox-text\" >Calle 103 # 34 - 21<\/div>\n    <\/div>\n\n<\/div>\n<\/div><\/div>\n<\/div><\/div>\n<\/section><section class=\"bde-section-241-125 bde-section\">\n  \n\t\n\n\n\n<div class=\"section-container\"><div class=\"bde-shortcode-241-143 bde-shortcode\">\n<iframe src=\"https:\/\/www.google.com\/maps\/embed?pb=!1m18!1m12!1m3!1d3976.474158898761!2d-74.04861772411823!3d4.687354841771256!2m3!1f0!2f0!3f0!3m2!1i1024!2i768!4f13.1!3m3!1m2!1s0x8e3f9abdbfa5b18d%3A0x4e607c0e1c097d1a!2zQ2wuIDEwMyAjIDE0LTM0LCBVc2FxdcOpbiwgQm9nb3TDoSwgRC5DLiwgQm9nb3TDoSwgQm9nb3TDoSwgRC5DLg!5e0!3m2!1ses!2sco!4v1743006105779!5m2!1ses!2sco\" width=\"100%\" height=\"450\" style=\"border:0;\" allowfullscreen=\"\" loading=\"lazy\" referrerpolicy=\"no-referrer-when-downgrade\"><\/iframe>\n<\/div><\/div>\n<\/section><section class=\"bde-section-241-137 bde-section\">\n  \n\t\n\n\n\n<div class=\"section-container\"><div class=\"bde-div-241-138 bde-div\">\n  \n\t\n\n\n\n<div class=\"bde-columns-241-139 bde-columns\"><div class=\"bde-column-241-140 bde-column\">\n  \n\t\n\n\n\n<div class=\"bde-text-241-141 bde-text\">\nObt\u00e9n Asesor\u00eda Personalizada\n<\/div><div class=\"bde-form-builder-241-142 bde-form-builder\">\n\n\n<form id=\"contact-form142\" class=\"breakdance-form breakdance-form--vertical \" data-options=\"{&quot;slug&quot;:&quot;custom&quot;,&quot;name&quot;:&quot;Contact Form&quot;,&quot;ajaxUrl&quot;:&quot;https:\\\/\\\/nobacom.net\\\/pwe0052-centro-de-llamadas-layoutpack\\\/wp-admin\\\/admin-ajax.php&quot;,&quot;clearOnSuccess&quot;:true,&quot;hideOnSuccess&quot;:false,&quot;successMessage&quot;:&quot;\\u00a1Tu mensaje ha sido recibido!&quot;,&quot;errorMessage&quot;:&quot;Algo sali\\u00f3 mal&quot;,&quot;redirect&quot;:false,&quot;redirectUrl&quot;:&quot;&quot;,&quot;customJavaScript&quot;:&quot;&quot;,&quot;recaptcha&quot;:{&quot;key&quot;:&quot;&quot;,&quot;enabled&quot;:false},&quot;honeypot_enabled&quot;:false,&quot;popupsOnSuccess&quot;:[],&quot;popupsOnError&quot;:[]}\" data-steps=\"0\" >\n  \n  \n  \n<div class=\"breakdance-form-field breakdance-form-field--text\" >\n    \n    \n    \n    <input\n    class=\"breakdance-form-field__input\"\n    id=\"name\"\n    aria-describedby=\"name\"\n    type=\"text\"\n    name=\"fields[name]\"\n    placeholder=\"Nombre\"\n    value=\"\"\n                \n        \n        \n    required\n    \n    \n>\n\n\n    \n    \n<\/div>\n\n\n<div class=\"breakdance-form-field breakdance-form-field--email\" >\n    \n    \n    \n    <input\n    class=\"breakdance-form-field__input\"\n    id=\"email\"\n    aria-describedby=\"email\"\n    type=\"email\"\n    name=\"fields[email]\"\n    placeholder=\"Email\"\n    value=\"\"\n                \n        \n        \n    required\n    \n    \n>\n\n\n    \n    \n<\/div>\n\n\n<div class=\"breakdance-form-field breakdance-form-field--text\" >\n    \n    \n    \n    <input\n    class=\"breakdance-form-field__input\"\n    id=\"afewiy\"\n    aria-describedby=\"afewiy\"\n    type=\"text\"\n    name=\"fields[afewiy]\"\n    placeholder=\"\u00bfSobre qu\u00e9 te gustar\u00eda conversar?\"\n    value=\"\"\n                \n        \n        \n    \n    \n    \n>\n\n\n    \n    \n<\/div>\n\n\n<div class=\"breakdance-form-field breakdance-form-field--textarea\" >\n    \n    \n    \n    <textarea\n    class=\"breakdance-form-field__input\"\n    id=\"message\"\n    aria-describedby=\"message\"\n    type=\"textarea\"\n    name=\"fields[message]\"\n        placeholder=\"Mensaje\"\n    required\n    >\n<\/textarea>\n\n\n    \n    \n<\/div>\n\n\n  \n\n<div class=\"breakdance-form-field breakdance-form-footer\">\n    \n    \n                                    \n    \n    \n    \n    \n            \n            <button type=\"submit\" class=\"button-atom button-atom--primary breakdance-form-button breakdance-form-button__submit\"  >\n    \n        <span class=\"button-atom__text\">Enviar<\/span>\n\n        \n        \n            <\/button>\n    \n    <input type=\"hidden\" name=\"form_id\" value=\"142\">\n    <input type=\"hidden\" name=\"post_id\" value=\"241\">\n<\/div>\n\n  \n<\/form>\n\n\n\n<\/div>\n<\/div><\/div>\n<\/div><\/div>\n<\/section>","protected":false},"excerpt":{"rendered":"<p>Cont\u00e1ctanos Inicio Cont\u00e1ctanos Cont\u00e1ctanos Nuestro equipo est\u00e1 disponible para ayudarte. Cont\u00e1ctanos para resolver cualquier duda o recibir asistencia personalizada. Tel\u00e9fono 314 314 1496 Correo info@nobacom.com Direcci\u00f3n Calle 103 # 34 &#8211; 21 Obt\u00e9n Asesor\u00eda Personalizada Enviar<\/p>\n","protected":false},"author":1,"featured_media":0,"parent":0,"menu_order":0,"comment_status":"closed","ping_status":"closed","template":"","meta":{"_breakdance_hide_in_design_set":false,"_breakdance_tags":"","_joinchat":[],"footnotes":""},"class_list":["post-241","page","type-page","status-publish","hentry"],"yoast_head":"<!-- This site is optimized with the Yoast SEO plugin v24.7 - https:\/\/yoast.com\/wordpress\/plugins\/seo\/ -->\n<title>Cont\u00e1ctanos - pwe0052-centro-de-llamadas-layoutpack<\/title>\n<meta name=\"robots\" content=\"noindex, follow, max-snippet:-1, max-image-preview:large, max-video-preview:-1\" \/>\n<meta property=\"og:locale\" content=\"es_ES\" \/>\n<meta property=\"og:type\" content=\"article\" \/>\n<meta property=\"og:title\" content=\"Cont\u00e1ctanos - pwe0052-centro-de-llamadas-layoutpack\" \/>\n<meta property=\"og:description\" content=\"Cont\u00e1ctanos Inicio Cont\u00e1ctanos Cont\u00e1ctanos Nuestro equipo est\u00e1 disponible para ayudarte. Cont\u00e1ctanos para resolver cualquier duda o recibir asistencia personalizada. Tel\u00e9fono 314 314 1496 Correo info@nobacom.com Direcci\u00f3n Calle 103 # 34 - 21 Obt\u00e9n Asesor\u00eda Personalizada Enviar\" \/>\n<meta property=\"og:url\" content=\"https:\/\/nobacom.net\/pwe0052-centro-de-llamadas-layoutpack\/contactanos\/\" \/>\n<meta property=\"og:site_name\" content=\"pwe0052-centro-de-llamadas-layoutpack\" \/>\n<meta property=\"article:publisher\" content=\"https:\/\/www.facebook.com\/nobacomdigital\" \/>\n<meta property=\"article:modified_time\" content=\"2025-05-14T13:28:46+00:00\" \/>\n<meta name=\"twitter:card\" content=\"summary_large_image\" \/>\n<script type=\"application\/ld+json\" class=\"yoast-schema-graph\">{\"@context\":\"https:\/\/schema.org\",\"@graph\":[{\"@type\":\"WebPage\",\"@id\":\"https:\/\/nobacom.net\/pwe0052-centro-de-llamadas-layoutpack\/contactanos\/\",\"url\":\"https:\/\/nobacom.net\/pwe0052-centro-de-llamadas-layoutpack\/contactanos\/\",\"name\":\"Cont\u00e1ctanos - pwe0052-centro-de-llamadas-layoutpack\",\"isPartOf\":{\"@id\":\"https:\/\/nobacom.net\/pwe0052-centro-de-llamadas-layoutpack\/#website\"},\"datePublished\":\"2024-07-25T06:32:32+00:00\",\"dateModified\":\"2025-05-14T13:28:46+00:00\",\"breadcrumb\":{\"@id\":\"https:\/\/nobacom.net\/pwe0052-centro-de-llamadas-layoutpack\/contactanos\/#breadcrumb\"},\"inLanguage\":\"es\",\"potentialAction\":[{\"@type\":\"ReadAction\",\"target\":[\"https:\/\/nobacom.net\/pwe0052-centro-de-llamadas-layoutpack\/contactanos\/\"]}]},{\"@type\":\"BreadcrumbList\",\"@id\":\"https:\/\/nobacom.net\/pwe0052-centro-de-llamadas-layoutpack\/contactanos\/#breadcrumb\",\"itemListElement\":[{\"@type\":\"ListItem\",\"position\":1,\"name\":\"Portada\",\"item\":\"https:\/\/nobacom.net\/pwe0052-centro-de-llamadas-layoutpack\/\"},{\"@type\":\"ListItem\",\"position\":2,\"name\":\"Cont\u00e1ctanos\"}]},{\"@type\":\"WebSite\",\"@id\":\"https:\/\/nobacom.net\/pwe0052-centro-de-llamadas-layoutpack\/#website\",\"url\":\"https:\/\/nobacom.net\/pwe0052-centro-de-llamadas-layoutpack\/\",\"name\":\"Wordpress Nobacom Base\",\"description\":\"\",\"publisher\":{\"@id\":\"https:\/\/nobacom.net\/pwe0052-centro-de-llamadas-layoutpack\/#organization\"},\"potentialAction\":[{\"@type\":\"SearchAction\",\"target\":{\"@type\":\"EntryPoint\",\"urlTemplate\":\"https:\/\/nobacom.net\/pwe0052-centro-de-llamadas-layoutpack\/?s={search_term_string}\"},\"query-input\":{\"@type\":\"PropertyValueSpecification\",\"valueRequired\":true,\"valueName\":\"search_term_string\"}}],\"inLanguage\":\"es\"},{\"@type\":\"Organization\",\"@id\":\"https:\/\/nobacom.net\/pwe0052-centro-de-llamadas-layoutpack\/#organization\",\"name\":\"Wordpress Nobacom Base\",\"url\":\"https:\/\/nobacom.net\/pwe0052-centro-de-llamadas-layoutpack\/\",\"logo\":{\"@type\":\"ImageObject\",\"inLanguage\":\"es\",\"@id\":\"https:\/\/nobacom.net\/pwe0052-centro-de-llamadas-layoutpack\/#\/schema\/logo\/image\/\",\"url\":\"https:\/\/nobacom.net\/pwe0052-centro-de-llamadas-layoutpack\/wp-content\/uploads\/2024\/12\/Logo-Nobacom-fondo-blanco-negro.png\",\"contentUrl\":\"https:\/\/nobacom.net\/pwe0052-centro-de-llamadas-layoutpack\/wp-content\/uploads\/2024\/12\/Logo-Nobacom-fondo-blanco-negro.png\",\"width\":1103,\"height\":835,\"caption\":\"Wordpress Nobacom Base\"},\"image\":{\"@id\":\"https:\/\/nobacom.net\/pwe0052-centro-de-llamadas-layoutpack\/#\/schema\/logo\/image\/\"},\"sameAs\":[\"https:\/\/www.facebook.com\/nobacomdigital\"]}]}<\/script>\n<!-- \/ Yoast SEO plugin. -->","yoast_head_json":{"title":"Cont\u00e1ctanos - pwe0052-centro-de-llamadas-layoutpack","robots":{"index":"noindex","follow":"follow","max-snippet":"max-snippet:-1","max-image-preview":"max-image-preview:large","max-video-preview":"max-video-preview:-1"},"og_locale":"es_ES","og_type":"article","og_title":"Cont\u00e1ctanos - pwe0052-centro-de-llamadas-layoutpack","og_description":"Cont\u00e1ctanos Inicio Cont\u00e1ctanos Cont\u00e1ctanos Nuestro equipo est\u00e1 disponible para ayudarte. Cont\u00e1ctanos para resolver cualquier duda o recibir asistencia personalizada. Tel\u00e9fono 314 314 1496 Correo info@nobacom.com Direcci\u00f3n Calle 103 # 34 - 21 Obt\u00e9n Asesor\u00eda Personalizada Enviar","og_url":"https:\/\/nobacom.net\/pwe0052-centro-de-llamadas-layoutpack\/contactanos\/","og_site_name":"pwe0052-centro-de-llamadas-layoutpack","article_publisher":"https:\/\/www.facebook.com\/nobacomdigital","article_modified_time":"2025-05-14T13:28:46+00:00","twitter_card":"summary_large_image","schema":{"@context":"https:\/\/schema.org","@graph":[{"@type":"WebPage","@id":"https:\/\/nobacom.net\/pwe0052-centro-de-llamadas-layoutpack\/contactanos\/","url":"https:\/\/nobacom.net\/pwe0052-centro-de-llamadas-layoutpack\/contactanos\/","name":"Cont\u00e1ctanos - pwe0052-centro-de-llamadas-layoutpack","isPartOf":{"@id":"https:\/\/nobacom.net\/pwe0052-centro-de-llamadas-layoutpack\/#website"},"datePublished":"2024-07-25T06:32:32+00:00","dateModified":"2025-05-14T13:28:46+00:00","breadcrumb":{"@id":"https:\/\/nobacom.net\/pwe0052-centro-de-llamadas-layoutpack\/contactanos\/#breadcrumb"},"inLanguage":"es","potentialAction":[{"@type":"ReadAction","target":["https:\/\/nobacom.net\/pwe0052-centro-de-llamadas-layoutpack\/contactanos\/"]}]},{"@type":"BreadcrumbList","@id":"https:\/\/nobacom.net\/pwe0052-centro-de-llamadas-layoutpack\/contactanos\/#breadcrumb","itemListElement":[{"@type":"ListItem","position":1,"name":"Portada","item":"https:\/\/nobacom.net\/pwe0052-centro-de-llamadas-layoutpack\/"},{"@type":"ListItem","position":2,"name":"Cont\u00e1ctanos"}]},{"@type":"WebSite","@id":"https:\/\/nobacom.net\/pwe0052-centro-de-llamadas-layoutpack\/#website","url":"https:\/\/nobacom.net\/pwe0052-centro-de-llamadas-layoutpack\/","name":"Wordpress Nobacom Base","description":"","publisher":{"@id":"https:\/\/nobacom.net\/pwe0052-centro-de-llamadas-layoutpack\/#organization"},"potentialAction":[{"@type":"SearchAction","target":{"@type":"EntryPoint","urlTemplate":"https:\/\/nobacom.net\/pwe0052-centro-de-llamadas-layoutpack\/?s={search_term_string}"},"query-input":{"@type":"PropertyValueSpecification","valueRequired":true,"valueName":"search_term_string"}}],"inLanguage":"es"},{"@type":"Organization","@id":"https:\/\/nobacom.net\/pwe0052-centro-de-llamadas-layoutpack\/#organization","name":"Wordpress Nobacom Base","url":"https:\/\/nobacom.net\/pwe0052-centro-de-llamadas-layoutpack\/","logo":{"@type":"ImageObject","inLanguage":"es","@id":"https:\/\/nobacom.net\/pwe0052-centro-de-llamadas-layoutpack\/#\/schema\/logo\/image\/","url":"https:\/\/nobacom.net\/pwe0052-centro-de-llamadas-layoutpack\/wp-content\/uploads\/2024\/12\/Logo-Nobacom-fondo-blanco-negro.png","contentUrl":"https:\/\/nobacom.net\/pwe0052-centro-de-llamadas-layoutpack\/wp-content\/uploads\/2024\/12\/Logo-Nobacom-fondo-blanco-negro.png","width":1103,"height":835,"caption":"Wordpress Nobacom Base"},"image":{"@id":"https:\/\/nobacom.net\/pwe0052-centro-de-llamadas-layoutpack\/#\/schema\/logo\/image\/"},"sameAs":["https:\/\/www.facebook.com\/nobacomdigital"]}]}},"_links":{"self":[{"href":"https:\/\/nobacom.net\/pwe0052-centro-de-llamadas-layoutpack\/wp-json\/wp\/v2\/pages\/241","targetHints":{"allow":["GET"]}}],"collection":[{"href":"https:\/\/nobacom.net\/pwe0052-centro-de-llamadas-layoutpack\/wp-json\/wp\/v2\/pages"}],"about":[{"href":"https:\/\/nobacom.net\/pwe0052-centro-de-llamadas-layoutpack\/wp-json\/wp\/v2\/types\/page"}],"author":[{"embeddable":true,"href":"https:\/\/nobacom.net\/pwe0052-centro-de-llamadas-layoutpack\/wp-json\/wp\/v2\/users\/1"}],"replies":[{"embeddable":true,"href":"https:\/\/nobacom.net\/pwe0052-centro-de-llamadas-layoutpack\/wp-json\/wp\/v2\/comments?post=241"}],"version-history":[{"count":8,"href":"https:\/\/nobacom.net\/pwe0052-centro-de-llamadas-layoutpack\/wp-json\/wp\/v2\/pages\/241\/revisions"}],"predecessor-version":[{"id":565,"href":"https:\/\/nobacom.net\/pwe0052-centro-de-llamadas-layoutpack\/wp-json\/wp\/v2\/pages\/241\/revisions\/565"}],"wp:attachment":[{"href":"https:\/\/nobacom.net\/pwe0052-centro-de-llamadas-layoutpack\/wp-json\/wp\/v2\/media?parent=241"}],"curies":[{"name":"wp","href":"https:\/\/api.w.org\/{rel}","templated":true}]}}