{"id":117,"date":"2024-06-21T11:43:33","date_gmt":"2024-06-21T11:43:33","guid":{"rendered":"https:\/\/bdlayoutsplus.com\/breakdance-music-concert-layouts-pack\/?page_id=117"},"modified":"2025-05-27T09:21:47","modified_gmt":"2025-05-27T14:21:47","slug":"nuestros-servicios","status":"publish","type":"page","link":"https:\/\/nobacom.net\/pwe0057-concierto-de-musica-layoutpack\/nuestros-servicios\/","title":{"rendered":"Nuestros Servicios"},"content":{"rendered":"<section class=\"bde-section-117-100 bde-section\">\n              \n  \n\t\n\n  <div class=\"section-background-overlay\"><\/div>\n\n\n<div class=\"section-container\"><div class=\"bde-div-117-101 bde-div\" data-entrance=\"slideUp\">\n  \n\t\n\n\n\n<div class=\"bde-columns-117-102 bde-columns\"><div class=\"bde-column-117-103 bde-column\">\n  \n\t\n\n\n\n<h1 class=\"bde-heading-117-104 bde-heading\">\nNuestros Servicios\n<\/h1>\n<\/div><div class=\"bde-column-117-105 bde-column\">\n  \n\t\n\n\n\n<div class=\"bde-div-117-106 bde-div\">\n  \n\t\n\n\n\n<div class=\"bde-button-117-107 bde-button\">\n    \n                                    \n    \n    \n    \n    \n            \n                    \n            \n            \n\n    \n    \n    \n    \n    \n    <a class=\"breakdance-link button-atom button-atom--custom bde-button__button\" href=\"https:\/\/nobacom.net\/pwe0057-concierto-de-musica-layoutpack\" target=\"_self\" data-type=\"url\"  >\n\n    \n        <span class=\"button-atom__text\">Inicio<\/span>\n\n        \n        \n                <\/a>\n\n    \n\n\n<\/div><div class=\"bde-div-117-108 bde-div\">\n              \n  \n\t\n\n\n\n\n<\/div><div class=\"bde-button-117-109 bde-button\">\n    \n                                    \n    \n    \n    \n    \n            \n            <button type=\"button\" class=\"button-atom button-atom--custom bde-button__button\"  >\n    \n        <span class=\"button-atom__text\">Nuestros Servicios<\/span>\n\n        \n        \n            <\/button>\n    \n\n\n<\/div>\n<\/div>\n<\/div><\/div>\n<\/div><\/div>\n<\/section><section class=\"bde-section-117-110 bde-section\">\n  \n\t\n\n\n\n<div class=\"section-container\"><div class=\"bde-div-117-111 bde-div\" data-entrance=\"slideUp\">\n  \n\t\n\n\n\n<div class=\"bde-columns-117-112 bde-columns\"><div class=\"bde-column-117-113 bde-column\">\n  \n\t\n\n\n\n<div class=\"bde-text-117-119 bde-text\">\n01\n<\/div><h4 class=\"bde-heading-117-120 bde-heading\">\nEventos corporativos\n<\/h4><div class=\"bde-text-117-121 bde-text\">\nTransformamos reuniones en experiencias memorables. M\u00fasica en vivo, buen ambiente y producci\u00f3n de primera.\n<\/div><div class=\"bde-button-117-126 bde-button\">\n    \n                                    \n    \n    \n    \n    \n            \n                    \n            \n            \n\n    \n    \n    \n    \n    \n    <a class=\"breakdance-link button-atom button-atom--primary bde-button__button\" href=\"https:\/\/nobacom.net\/pwe0057-concierto-de-musica-layoutpack\/detalle-eventos\/\" target=\"_self\" data-type=\"url\"  >\n\n    \n        <span class=\"button-atom__text\">Saber m\u00e1s<\/span>\n\n        \n        \n                <\/a>\n\n    \n\n\n<\/div>\n<\/div><div class=\"bde-column-117-132 bde-column\">\n  \n\t\n\n\n\n<div class=\"bde-text-117-133 bde-text\">\n02\n<\/div><h4 class=\"bde-heading-117-134 bde-heading\">\nFiesta sin parar\n<\/h4><div class=\"bde-text-117-135 bde-text\">\nNada de pausas: solo baile, luces, beats potentes y buena vibra durante toda la noche. \u00a1A romperla!\n<\/div><div class=\"bde-button-117-171 bde-button\">\n    \n                                    \n    \n    \n    \n    \n            \n                    \n            \n            \n\n    \n    \n    \n    \n    \n    <a class=\"breakdance-link button-atom button-atom--primary bde-button__button\" href=\"https:\/\/nobacom.net\/pwe0057-concierto-de-musica-layoutpack\/detalle-eventos\/\" target=\"_self\" data-type=\"url\"  >\n\n    \n        <span class=\"button-atom__text\">Saber m\u00e1s<\/span>\n\n        \n        \n                <\/a>\n\n    \n\n\n<\/div>\n<\/div><div class=\"bde-column-117-127 bde-column\">\n  \n\t\n\n\n\n<div class=\"bde-text-117-128 bde-text\">\n03\n<\/div><h4 class=\"bde-heading-117-129 bde-heading\">\nLounge Bar\n<\/h4><div class=\"bde-text-117-130 bde-text\">\nUn espacio con estilo para relajarte, tomar algo y disfrutar de buena m\u00fasica en un ambiente \u00fanico.\n<\/div><div class=\"bde-button-117-172 bde-button\">\n    \n                                    \n    \n    \n    \n    \n            \n                    \n            \n            \n\n    \n    \n    \n    \n    \n    <a class=\"breakdance-link button-atom button-atom--primary bde-button__button\" href=\"https:\/\/nobacom.net\/pwe0057-concierto-de-musica-layoutpack\/detalle-eventos\/\" target=\"_self\" data-type=\"url\"  >\n\n    \n        <span class=\"button-atom__text\">Saber m\u00e1s<\/span>\n\n        \n        \n                <\/a>\n\n    \n\n\n<\/div>\n<\/div><\/div>\n<\/div><div class=\"bde-div-117-137 bde-div\" data-entrance=\"slideUp\">\n  \n\t\n\n\n\n<div class=\"bde-columns-117-138 bde-columns\"><div class=\"bde-column-117-139 bde-column\">\n  \n\t\n\n\n\n<div class=\"bde-text-117-140 bde-text\">\n04\n<\/div><h4 class=\"bde-heading-117-141 bde-heading\">\nPr\u00f3ximos shows en vivo\n<\/h4><div class=\"bde-text-117-142 bde-text\">\nNo te pierdas los conciertos que se vienen. M\u00fasica, emociones y momentos inolvidables est\u00e1n por llegar.\n<\/div><div class=\"bde-button-117-173 bde-button\">\n    \n                                    \n    \n    \n    \n    \n            \n                    \n            \n            \n\n    \n    \n    \n    \n    \n    <a class=\"breakdance-link button-atom button-atom--primary bde-button__button\" href=\"https:\/\/nobacom.net\/pwe0057-concierto-de-musica-layoutpack\/detalle-eventos\/\" target=\"_self\" data-type=\"url\"  >\n\n    \n        <span class=\"button-atom__text\">Saber m\u00e1s<\/span>\n\n        \n        \n                <\/a>\n\n    \n\n\n<\/div>\n<\/div><div class=\"bde-column-117-144 bde-column\">\n  \n\t\n\n\n\n<div class=\"bde-text-117-145 bde-text\">\n05\n<\/div><h4 class=\"bde-heading-117-146 bde-heading\">\nConcierto de rock\n<\/h4><div class=\"bde-text-117-147 bde-text\">\nGuitarras el\u00e9ctricas, bater\u00edas intensas y voces que estremecen. El rock suena mejor en vivo. \u00a1Acomp\u00e1\u00f1anos!\n<\/div><div class=\"bde-button-117-174 bde-button\">\n    \n                                    \n    \n    \n    \n    \n            \n                    \n            \n            \n\n    \n    \n    \n    \n    \n    <a class=\"breakdance-link button-atom button-atom--primary bde-button__button\" href=\"https:\/\/nobacom.net\/pwe0057-concierto-de-musica-layoutpack\/detalle-eventos\/\" target=\"_self\" data-type=\"url\"  >\n\n    \n        <span class=\"button-atom__text\">Saber m\u00e1s<\/span>\n\n        \n        \n                <\/a>\n\n    \n\n\n<\/div>\n<\/div><div class=\"bde-column-117-149 bde-column\">\n  \n\t\n\n\n\n<div class=\"bde-text-117-150 bde-text\">\n06\n<\/div><h4 class=\"bde-heading-117-151 bde-heading\">\nClub de DJs\n<\/h4><div class=\"bde-text-117-152 bde-text\">\nLos mejores DJs en un mismo lugar. Beats envolventes, luces intensas y fiesta asegurada hasta el amanecer.\n<\/div><div class=\"bde-button-117-175 bde-button\">\n    \n                                    \n    \n    \n    \n    \n            \n                    \n            \n            \n\n    \n    \n    \n    \n    \n    <a class=\"breakdance-link button-atom button-atom--primary bde-button__button\" href=\"https:\/\/nobacom.net\/pwe0057-concierto-de-musica-layoutpack\/detalle-eventos\/\" target=\"_self\" data-type=\"url\"  >\n\n    \n        <span class=\"button-atom__text\">Saber m\u00e1s<\/span>\n\n        \n        \n                <\/a>\n\n    \n\n\n<\/div>\n<\/div><\/div>\n<\/div><div class=\"bde-div-117-154 bde-div\" data-entrance=\"slideUp\">\n  \n\t\n\n\n\n<div class=\"bde-columns-117-155 bde-columns\"><div class=\"bde-column-117-156 bde-column\">\n  \n\t\n\n\n\n<div class=\"bde-text-117-157 bde-text\">\n07\n<\/div><h4 class=\"bde-heading-117-158 bde-heading\">\nShow de rap\n<\/h4><div class=\"bde-text-117-159 bde-text\">\nVersos afilados, ritmos callejeros y un flow que no para. Vive el rap en su m\u00e1xima expresi\u00f3n.\n<\/div><div class=\"bde-button-117-176 bde-button\">\n    \n                                    \n    \n    \n    \n    \n            \n                    \n            \n            \n\n    \n    \n    \n    \n    \n    <a class=\"breakdance-link button-atom button-atom--primary bde-button__button\" href=\"https:\/\/nobacom.net\/pwe0057-concierto-de-musica-layoutpack\/detalle-eventos\/\" target=\"_self\" data-type=\"url\"  >\n\n    \n        <span class=\"button-atom__text\">Saber m\u00e1s<\/span>\n\n        \n        \n                <\/a>\n\n    \n\n\n<\/div>\n<\/div><div class=\"bde-column-117-161 bde-column\">\n  \n\t\n\n\n\n<div class=\"bde-text-117-162 bde-text\">\n08\n<\/div><h4 class=\"bde-heading-117-163 bde-heading\">\nComida y bebidas\n<\/h4><div class=\"bde-text-117-164 bde-text\">\nDelicias para todos los gustos. Comida callejera, snacks, cocteles y bebidas para disfrutar durante el evento.\n<\/div><div class=\"bde-button-117-177 bde-button\">\n    \n                                    \n    \n    \n    \n    \n            \n                    \n            \n            \n\n    \n    \n    \n    \n    \n    <a class=\"breakdance-link button-atom button-atom--primary bde-button__button\" href=\"https:\/\/nobacom.net\/pwe0057-concierto-de-musica-layoutpack\/detalle-eventos\/\" target=\"_self\" data-type=\"url\"  >\n\n    \n        <span class=\"button-atom__text\">Saber m\u00e1s<\/span>\n\n        \n        \n                <\/a>\n\n    \n\n\n<\/div>\n<\/div><div class=\"bde-column-117-166 bde-column\">\n  \n\t\n\n\n\n<div class=\"bde-text-117-167 bde-text\">\n09\n<\/div><h4 class=\"bde-heading-117-168 bde-heading\">\nHabitaciones y hoteles\n<\/h4><div class=\"bde-text-117-169 bde-text\">\nTe ayudamos a encontrar el lugar ideal para hospedarte cerca del evento. C\u00f3modo, seguro y accesible.\n<\/div><div class=\"bde-button-117-178 bde-button\">\n    \n                                    \n    \n    \n    \n    \n            \n                    \n            \n            \n\n    \n    \n    \n    \n    \n    <a class=\"breakdance-link button-atom button-atom--primary bde-button__button\" href=\"https:\/\/nobacom.net\/pwe0057-concierto-de-musica-layoutpack\/detalle-eventos\/\" target=\"_self\" data-type=\"url\"  >\n\n    \n        <span class=\"button-atom__text\">Saber m\u00e1s<\/span>\n\n        \n        \n                <\/a>\n\n    \n\n\n<\/div>\n<\/div><\/div>\n<\/div><\/div>\n<\/section>","protected":false},"excerpt":{"rendered":"<p>Nuestros Servicios Inicio Nuestros Servicios 01 Eventos corporativos Transformamos reuniones en experiencias memorables. M\u00fasica en vivo, buen ambiente y producci\u00f3n de primera. Saber m\u00e1s 02 Fiesta sin parar Nada de pausas: solo baile, luces, beats potentes y buena vibra durante toda la noche. \u00a1A romperla! Saber m\u00e1s 03 Lounge Bar Un espacio con estilo para [&hellip;]<\/p>\n","protected":false},"author":1,"featured_media":0,"parent":0,"menu_order":0,"comment_status":"closed","ping_status":"closed","template":"","meta":{"_breakdance_hide_in_design_set":false,"_breakdance_tags":"","_joinchat":[],"footnotes":""},"class_list":["post-117","page","type-page","status-publish","hentry"],"yoast_head":"<!-- This site is optimized with the Yoast SEO plugin v24.7 - https:\/\/yoast.com\/wordpress\/plugins\/seo\/ -->\n<title>Nuestros Servicios - pwe0057-concierto-de-musica-layoutpack<\/title>\n<meta name=\"robots\" content=\"noindex, follow, max-snippet:-1, max-image-preview:large, max-video-preview:-1\" \/>\n<meta property=\"og:locale\" content=\"es_ES\" \/>\n<meta property=\"og:type\" content=\"article\" \/>\n<meta property=\"og:title\" content=\"Nuestros Servicios - pwe0057-concierto-de-musica-layoutpack\" \/>\n<meta property=\"og:description\" content=\"Nuestros Servicios Inicio Nuestros Servicios 01 Eventos corporativos Transformamos reuniones en experiencias memorables. M\u00fasica en vivo, buen ambiente y producci\u00f3n de primera. Saber m\u00e1s 02 Fiesta sin parar Nada de pausas: solo baile, luces, beats potentes y buena vibra durante toda la noche. \u00a1A romperla! Saber m\u00e1s 03 Lounge Bar Un espacio con estilo para [&hellip;]\" \/>\n<meta property=\"og:url\" content=\"https:\/\/nobacom.net\/pwe0057-concierto-de-musica-layoutpack\/nuestros-servicios\/\" \/>\n<meta property=\"og:site_name\" content=\"pwe0057-concierto-de-musica-layoutpack\" \/>\n<meta property=\"article:publisher\" content=\"https:\/\/www.facebook.com\/nobacomdigital\" \/>\n<meta property=\"article:modified_time\" content=\"2025-05-27T14:21:47+00:00\" \/>\n<meta name=\"twitter:card\" content=\"summary_large_image\" \/>\n<script type=\"application\/ld+json\" class=\"yoast-schema-graph\">{\"@context\":\"https:\/\/schema.org\",\"@graph\":[{\"@type\":\"WebPage\",\"@id\":\"https:\/\/nobacom.net\/pwe0057-concierto-de-musica-layoutpack\/nuestros-servicios\/\",\"url\":\"https:\/\/nobacom.net\/pwe0057-concierto-de-musica-layoutpack\/nuestros-servicios\/\",\"name\":\"Nuestros Servicios - pwe0057-concierto-de-musica-layoutpack\",\"isPartOf\":{\"@id\":\"https:\/\/nobacom.net\/pwe0057-concierto-de-musica-layoutpack\/#website\"},\"datePublished\":\"2024-06-21T11:43:33+00:00\",\"dateModified\":\"2025-05-27T14:21:47+00:00\",\"breadcrumb\":{\"@id\":\"https:\/\/nobacom.net\/pwe0057-concierto-de-musica-layoutpack\/nuestros-servicios\/#breadcrumb\"},\"inLanguage\":\"es\",\"potentialAction\":[{\"@type\":\"ReadAction\",\"target\":[\"https:\/\/nobacom.net\/pwe0057-concierto-de-musica-layoutpack\/nuestros-servicios\/\"]}]},{\"@type\":\"BreadcrumbList\",\"@id\":\"https:\/\/nobacom.net\/pwe0057-concierto-de-musica-layoutpack\/nuestros-servicios\/#breadcrumb\",\"itemListElement\":[{\"@type\":\"ListItem\",\"position\":1,\"name\":\"Portada\",\"item\":\"https:\/\/nobacom.net\/pwe0057-concierto-de-musica-layoutpack\/\"},{\"@type\":\"ListItem\",\"position\":2,\"name\":\"Nuestros Servicios\"}]},{\"@type\":\"WebSite\",\"@id\":\"https:\/\/nobacom.net\/pwe0057-concierto-de-musica-layoutpack\/#website\",\"url\":\"https:\/\/nobacom.net\/pwe0057-concierto-de-musica-layoutpack\/\",\"name\":\"Wordpress Nobacom Base\",\"description\":\"\",\"publisher\":{\"@id\":\"https:\/\/nobacom.net\/pwe0057-concierto-de-musica-layoutpack\/#organization\"},\"potentialAction\":[{\"@type\":\"SearchAction\",\"target\":{\"@type\":\"EntryPoint\",\"urlTemplate\":\"https:\/\/nobacom.net\/pwe0057-concierto-de-musica-layoutpack\/?s={search_term_string}\"},\"query-input\":{\"@type\":\"PropertyValueSpecification\",\"valueRequired\":true,\"valueName\":\"search_term_string\"}}],\"inLanguage\":\"es\"},{\"@type\":\"Organization\",\"@id\":\"https:\/\/nobacom.net\/pwe0057-concierto-de-musica-layoutpack\/#organization\",\"name\":\"Wordpress Nobacom Base\",\"url\":\"https:\/\/nobacom.net\/pwe0057-concierto-de-musica-layoutpack\/\",\"logo\":{\"@type\":\"ImageObject\",\"inLanguage\":\"es\",\"@id\":\"https:\/\/nobacom.net\/pwe0057-concierto-de-musica-layoutpack\/#\/schema\/logo\/image\/\",\"url\":\"https:\/\/nobacom.net\/pwe0057-concierto-de-musica-layoutpack\/wp-content\/uploads\/2024\/12\/Logo-Nobacom-fondo-blanco-negro.png\",\"contentUrl\":\"https:\/\/nobacom.net\/pwe0057-concierto-de-musica-layoutpack\/wp-content\/uploads\/2024\/12\/Logo-Nobacom-fondo-blanco-negro.png\",\"width\":1103,\"height\":835,\"caption\":\"Wordpress Nobacom Base\"},\"image\":{\"@id\":\"https:\/\/nobacom.net\/pwe0057-concierto-de-musica-layoutpack\/#\/schema\/logo\/image\/\"},\"sameAs\":[\"https:\/\/www.facebook.com\/nobacomdigital\"]}]}<\/script>\n<!-- \/ Yoast SEO plugin. -->","yoast_head_json":{"title":"Nuestros Servicios - pwe0057-concierto-de-musica-layoutpack","robots":{"index":"noindex","follow":"follow","max-snippet":"max-snippet:-1","max-image-preview":"max-image-preview:large","max-video-preview":"max-video-preview:-1"},"og_locale":"es_ES","og_type":"article","og_title":"Nuestros Servicios - pwe0057-concierto-de-musica-layoutpack","og_description":"Nuestros Servicios Inicio Nuestros Servicios 01 Eventos corporativos Transformamos reuniones en experiencias memorables. M\u00fasica en vivo, buen ambiente y producci\u00f3n de primera. Saber m\u00e1s 02 Fiesta sin parar Nada de pausas: solo baile, luces, beats potentes y buena vibra durante toda la noche. \u00a1A romperla! Saber m\u00e1s 03 Lounge Bar Un espacio con estilo para [&hellip;]","og_url":"https:\/\/nobacom.net\/pwe0057-concierto-de-musica-layoutpack\/nuestros-servicios\/","og_site_name":"pwe0057-concierto-de-musica-layoutpack","article_publisher":"https:\/\/www.facebook.com\/nobacomdigital","article_modified_time":"2025-05-27T14:21:47+00:00","twitter_card":"summary_large_image","schema":{"@context":"https:\/\/schema.org","@graph":[{"@type":"WebPage","@id":"https:\/\/nobacom.net\/pwe0057-concierto-de-musica-layoutpack\/nuestros-servicios\/","url":"https:\/\/nobacom.net\/pwe0057-concierto-de-musica-layoutpack\/nuestros-servicios\/","name":"Nuestros Servicios - pwe0057-concierto-de-musica-layoutpack","isPartOf":{"@id":"https:\/\/nobacom.net\/pwe0057-concierto-de-musica-layoutpack\/#website"},"datePublished":"2024-06-21T11:43:33+00:00","dateModified":"2025-05-27T14:21:47+00:00","breadcrumb":{"@id":"https:\/\/nobacom.net\/pwe0057-concierto-de-musica-layoutpack\/nuestros-servicios\/#breadcrumb"},"inLanguage":"es","potentialAction":[{"@type":"ReadAction","target":["https:\/\/nobacom.net\/pwe0057-concierto-de-musica-layoutpack\/nuestros-servicios\/"]}]},{"@type":"BreadcrumbList","@id":"https:\/\/nobacom.net\/pwe0057-concierto-de-musica-layoutpack\/nuestros-servicios\/#breadcrumb","itemListElement":[{"@type":"ListItem","position":1,"name":"Portada","item":"https:\/\/nobacom.net\/pwe0057-concierto-de-musica-layoutpack\/"},{"@type":"ListItem","position":2,"name":"Nuestros Servicios"}]},{"@type":"WebSite","@id":"https:\/\/nobacom.net\/pwe0057-concierto-de-musica-layoutpack\/#website","url":"https:\/\/nobacom.net\/pwe0057-concierto-de-musica-layoutpack\/","name":"Wordpress Nobacom Base","description":"","publisher":{"@id":"https:\/\/nobacom.net\/pwe0057-concierto-de-musica-layoutpack\/#organization"},"potentialAction":[{"@type":"SearchAction","target":{"@type":"EntryPoint","urlTemplate":"https:\/\/nobacom.net\/pwe0057-concierto-de-musica-layoutpack\/?s={search_term_string}"},"query-input":{"@type":"PropertyValueSpecification","valueRequired":true,"valueName":"search_term_string"}}],"inLanguage":"es"},{"@type":"Organization","@id":"https:\/\/nobacom.net\/pwe0057-concierto-de-musica-layoutpack\/#organization","name":"Wordpress Nobacom Base","url":"https:\/\/nobacom.net\/pwe0057-concierto-de-musica-layoutpack\/","logo":{"@type":"ImageObject","inLanguage":"es","@id":"https:\/\/nobacom.net\/pwe0057-concierto-de-musica-layoutpack\/#\/schema\/logo\/image\/","url":"https:\/\/nobacom.net\/pwe0057-concierto-de-musica-layoutpack\/wp-content\/uploads\/2024\/12\/Logo-Nobacom-fondo-blanco-negro.png","contentUrl":"https:\/\/nobacom.net\/pwe0057-concierto-de-musica-layoutpack\/wp-content\/uploads\/2024\/12\/Logo-Nobacom-fondo-blanco-negro.png","width":1103,"height":835,"caption":"Wordpress Nobacom Base"},"image":{"@id":"https:\/\/nobacom.net\/pwe0057-concierto-de-musica-layoutpack\/#\/schema\/logo\/image\/"},"sameAs":["https:\/\/www.facebook.com\/nobacomdigital"]}]}},"_links":{"self":[{"href":"https:\/\/nobacom.net\/pwe0057-concierto-de-musica-layoutpack\/wp-json\/wp\/v2\/pages\/117","targetHints":{"allow":["GET"]}}],"collection":[{"href":"https:\/\/nobacom.net\/pwe0057-concierto-de-musica-layoutpack\/wp-json\/wp\/v2\/pages"}],"about":[{"href":"https:\/\/nobacom.net\/pwe0057-concierto-de-musica-layoutpack\/wp-json\/wp\/v2\/types\/page"}],"author":[{"embeddable":true,"href":"https:\/\/nobacom.net\/pwe0057-concierto-de-musica-layoutpack\/wp-json\/wp\/v2\/users\/1"}],"replies":[{"embeddable":true,"href":"https:\/\/nobacom.net\/pwe0057-concierto-de-musica-layoutpack\/wp-json\/wp\/v2\/comments?post=117"}],"version-history":[{"count":4,"href":"https:\/\/nobacom.net\/pwe0057-concierto-de-musica-layoutpack\/wp-json\/wp\/v2\/pages\/117\/revisions"}],"predecessor-version":[{"id":637,"href":"https:\/\/nobacom.net\/pwe0057-concierto-de-musica-layoutpack\/wp-json\/wp\/v2\/pages\/117\/revisions\/637"}],"wp:attachment":[{"href":"https:\/\/nobacom.net\/pwe0057-concierto-de-musica-layoutpack\/wp-json\/wp\/v2\/media?parent=117"}],"curies":[{"name":"wp","href":"https:\/\/api.w.org\/{rel}","templated":true}]}}