{"id":146,"date":"2024-06-21T11:48:28","date_gmt":"2024-06-21T11:48:28","guid":{"rendered":"https:\/\/bdlayoutsplus.com\/breakdance-music-concert-layouts-pack\/?page_id=146"},"modified":"2025-05-19T16:08:47","modified_gmt":"2025-05-19T21:08:47","slug":"contactanos","status":"publish","type":"page","link":"https:\/\/nobacom.net\/pwe0057-concierto-de-musica-layoutpack\/contactanos\/","title":{"rendered":"Cont\u00e1ctanos"},"content":{"rendered":"<section class=\"bde-section-146-100 bde-section\">\n              \n  \n\t\n\n  <div class=\"section-background-overlay\"><\/div>\n\n\n<div class=\"section-container\"><div class=\"bde-div-146-101 bde-div\" data-entrance=\"slideUp\">\n  \n\t\n\n\n\n<div class=\"bde-columns-146-102 bde-columns\"><div class=\"bde-column-146-103 bde-column\">\n  \n\t\n\n\n\n<h1 class=\"bde-heading-146-104 bde-heading\">\nCont\u00e1ctanos\n<\/h1>\n<\/div><div class=\"bde-column-146-105 bde-column\">\n  \n\t\n\n\n\n<div class=\"bde-div-146-106 bde-div\">\n  \n\t\n\n\n\n<div class=\"bde-button-146-107 bde-button\">\n    \n                                    \n    \n    \n    \n    \n            \n                    \n            \n            \n\n    \n    \n    \n    \n    \n    <a class=\"breakdance-link button-atom button-atom--custom bde-button__button\" href=\"https:\/\/nobacom.net\/pwe0057-concierto-de-musica-layoutpack\" target=\"_self\" data-type=\"url\"  >\n\n    \n        <span class=\"button-atom__text\">Inicio<\/span>\n\n        \n        \n                <\/a>\n\n    \n\n\n<\/div><div class=\"bde-div-146-108 bde-div\">\n              \n  \n\t\n\n\n\n\n<\/div><div class=\"bde-button-146-109 bde-button\">\n    \n                                    \n    \n    \n    \n    \n            \n            <button type=\"button\" class=\"button-atom button-atom--custom bde-button__button\"  >\n    \n        <span class=\"button-atom__text\">Cont\u00e1ctanos<\/span>\n\n        \n        \n            <\/button>\n    \n\n\n<\/div>\n<\/div>\n<\/div><\/div>\n<\/div><\/div>\n<\/section><section class=\"bde-section-146-119 bde-section\">\n  \n\t\n\n\n\n<div class=\"section-container\"><div class=\"bde-div-146-120 bde-div\" data-entrance=\"slideUp\">\n  \n\t\n\n\n\n<div class=\"bde-columns-146-121 bde-columns\"><div class=\"bde-column-146-122 bde-column\">\n  \n\t\n\n\n\n<div class=\"bde-div-146-123 bde-div\">\n  \n\t\n\n\n\n<div class=\"bde-div-146-124 bde-div\">\n              \n  \n\t\n\n\n\n\n<\/div><div class=\"bde-icon-146-125 bde-icon\">\n\n    \n            <div class=\"bde-icon-icon breakdance-icon-atom\" >\n    \n                    <svg xmlns=\"http:\/\/www.w3.org\/2000\/svg\" id=\"icon-soundcloud\" viewBox=\"0 0 32 32\">\n<path d=\"M27.874 16.069c-0.565 0-1.105 0.11-1.596 0.308-0.328-3.574-3.447-6.377-7.25-6.377-0.931 0-1.834 0.176-2.635 0.474-0.311 0.116-0.393 0.235-0.393 0.466v12.585c0 0.243 0.195 0.445 0.441 0.469 0.011 0.001 11.36 0.007 11.434 0.007 2.278 0 4.125-1.776 4.125-3.965s-1.848-3.966-4.126-3.966zM12.5 24h1l0.5-7.007-0.5-6.993h-1l-0.5 6.993zM9.5 24h-1l-0.5-5.086 0.5-4.914h1l0.5 5zM4.5 24h1l0.5-4-0.5-4h-1l-0.5 4zM0.5 22h1l0.5-2-0.5-2h-1l-0.5 2z\"\/>\n<\/svg>\n        \n        \n        \n            <\/div>\n    \n\n\n<\/div><div class=\"bde-div-146-126 bde-div\">\n              \n  \n\t\n\n\n\n\n<\/div>\n<\/div><div class=\"bde-text-146-127 bde-text\">\nPonte en contacto\n<\/div><h3 class=\"bde-heading-146-128 bde-heading\">\n Enviar mensaje\n<\/h3>\n<\/div><div class=\"bde-column-146-129 bde-column\">\n  \n\t\n\n\n\n\n<\/div><\/div>\n<\/div><div class=\"bde-div-146-130 bde-div\" data-entrance=\"slideUp\">\n  \n\t\n\n\n\n<div class=\"bde-columns-146-131 bde-columns\"><div class=\"bde-column-146-132 bde-column\">\n              \n  \n\t\n\n\n\n<div class=\"bde-div-146-133 bde-div\">\n  \n\t\n\n\n\n<div class=\"bde-form-builder-146-134 bde-form-builder\">\n\n\n<form id=\"contact-form134\" class=\"breakdance-form breakdance-form--vertical has-breakpoints\" data-options=\"{&quot;slug&quot;:&quot;custom&quot;,&quot;name&quot;:&quot;Contact Form&quot;,&quot;ajaxUrl&quot;:&quot;https:\\\/\\\/nobacom.net\\\/pwe0057-concierto-de-musica-layoutpack\\\/wp-admin\\\/admin-ajax.php&quot;,&quot;clearOnSuccess&quot;:true,&quot;hideOnSuccess&quot;:false,&quot;successMessage&quot;:&quot;\\u00a1Tu mensaje ha sido recibido!&quot;,&quot;errorMessage&quot;:&quot;Algo sali\\u00f3 mal&quot;,&quot;redirect&quot;:false,&quot;redirectUrl&quot;:&quot;&quot;,&quot;customJavaScript&quot;:&quot;&quot;,&quot;recaptcha&quot;:{&quot;key&quot;:&quot;&quot;,&quot;enabled&quot;:false},&quot;honeypot_enabled&quot;:false,&quot;popupsOnSuccess&quot;:[],&quot;popupsOnError&quot;:[]}\" data-steps=\"0\" >\n  \n  \n  \n<div class=\"breakdance-form-field breakdance-form-field--text\" >\n    \n    \n    \n    <input\n    class=\"breakdance-form-field__input\"\n    id=\"name\"\n    aria-describedby=\"name\"\n    type=\"text\"\n    name=\"fields[name]\"\n    placeholder=\"Nombre\"\n    value=\"\"\n                \n        \n        \n    required\n    \n    \n>\n\n\n    \n    \n<\/div>\n\n\n<div class=\"breakdance-form-field breakdance-form-field--email\" >\n    \n    \n    \n    <input\n    class=\"breakdance-form-field__input\"\n    id=\"email\"\n    aria-describedby=\"email\"\n    type=\"email\"\n    name=\"fields[email]\"\n    placeholder=\"Email\"\n    value=\"\"\n                \n        \n        \n    required\n    \n    \n>\n\n\n    \n    \n<\/div>\n\n\n<div class=\"breakdance-form-field breakdance-form-field--tel\" >\n    \n    \n    \n    <input\n    class=\"breakdance-form-field__input\"\n    id=\"xkwraq\"\n    aria-describedby=\"xkwraq\"\n    type=\"tel\"\n    name=\"fields[xkwraq]\"\n    placeholder=\"Tel\u00e9fono\"\n    value=\"\"\n                \n        \n        \n    \n    \n    \n>\n\n\n    \n    \n<\/div>\n\n\n<div class=\"breakdance-form-field breakdance-form-field--text\" >\n    \n    \n    \n    <input\n    class=\"breakdance-form-field__input\"\n    id=\"pqfqim\"\n    aria-describedby=\"pqfqim\"\n    type=\"text\"\n    name=\"fields[pqfqim]\"\n    placeholder=\"Asunto\"\n    value=\"\"\n                \n        \n        \n    \n    \n    \n>\n\n\n    \n    \n<\/div>\n\n\n<div class=\"breakdance-form-field breakdance-form-field--textarea\" >\n    \n    \n    \n    <textarea\n    class=\"breakdance-form-field__input\"\n    id=\"message\"\n    aria-describedby=\"message\"\n    type=\"textarea\"\n    name=\"fields[message]\"\n        placeholder=\"Mensaje\"\n    required\n    >\n<\/textarea>\n\n\n    \n    \n<\/div>\n\n\n  \n\n<div class=\"breakdance-form-field breakdance-form-footer\">\n    \n    \n                                    \n    \n    \n    \n    \n            \n            <button type=\"submit\" class=\"button-atom button-atom--primary breakdance-form-button breakdance-form-button__submit\"  >\n    \n        <span class=\"button-atom__text\">Enviar<\/span>\n\n        \n        \n            <\/button>\n    \n    <input type=\"hidden\" name=\"form_id\" value=\"134\">\n    <input type=\"hidden\" name=\"post_id\" value=\"146\">\n<\/div>\n\n  \n<\/form>\n\n\n\n<\/div>\n<\/div>\n<\/div><div class=\"bde-column-146-135 bde-column\">\n  \n\t\n\n\n\n<div class=\"bde-div-146-136 bde-div\">\n  \n\t\n\n\n\n<div class=\"bde-icon-146-137 bde-icon\">\n\n    \n            <div class=\"bde-icon-icon breakdance-icon-atom\" >\n    \n                    <svg xmlns=\"http:\/\/www.w3.org\/2000\/svg\" viewBox=\"0 0 512 512\"><!-- Font Awesome Free 5.15.1 by @fontawesome - https:\/\/fontawesome.com License - https:\/\/fontawesome.com\/license\/free (Icons: CC BY 4.0, Fonts: SIL OFL 1.1, Code: MIT License) --><path d=\"M502.3 190.8c3.9-3.1 9.7-.2 9.7 4.7V400c0 26.5-21.5 48-48 48H48c-26.5 0-48-21.5-48-48V195.6c0-5 5.7-7.8 9.7-4.7 22.4 17.4 52.1 39.5 154.1 113.6 21.1 15.4 56.7 47.8 92.2 47.6 35.7.3 72-32.8 92.3-47.6 102-74.1 131.6-96.3 154-113.7zM256 320c23.2.4 56.6-29.2 73.4-41.4 132.7-96.3 142.8-104.7 173.4-128.7 5.8-4.5 9.2-11.5 9.2-18.9v-19c0-26.5-21.5-48-48-48H48C21.5 64 0 85.5 0 112v19c0 7.4 3.4 14.3 9.2 18.9 30.6 23.9 40.7 32.4 173.4 128.7 16.8 12.2 50.2 41.8 73.4 41.4z\"\/><\/svg>\n        \n        \n        \n            <\/div>\n    \n\n\n<\/div><div class=\"bde-div-146-138 bde-div\">\n  \n\t\n\n\n\n<h4 class=\"bde-heading-146-139 bde-heading\">\nEmail\n<\/h4><div class=\"bde-text-146-140 bde-text\">\ninfo@nobacom.com\n<\/div>\n<\/div>\n<\/div><div class=\"bde-div-146-141 bde-div\">\n  \n\t\n\n\n\n<div class=\"bde-icon-146-142 bde-icon\">\n\n    \n            <div class=\"bde-icon-icon breakdance-icon-atom\" >\n    \n                    <svg xmlns=\"http:\/\/www.w3.org\/2000\/svg\" viewBox=\"0 0 512 512\"><!-- Font Awesome Free 5.15.1 by @fontawesome - https:\/\/fontawesome.com License - https:\/\/fontawesome.com\/license\/free (Icons: CC BY 4.0, Fonts: SIL OFL 1.1, Code: MIT License) --><path d=\"M497.39 361.8l-112-48a24 24 0 0 0-28 6.9l-49.6 60.6A370.66 370.66 0 0 1 130.6 204.11l60.6-49.6a23.94 23.94 0 0 0 6.9-28l-48-112A24.16 24.16 0 0 0 122.6.61l-104 24A24 24 0 0 0 0 48c0 256.5 207.9 464 464 464a24 24 0 0 0 23.4-18.6l24-104a24.29 24.29 0 0 0-14.01-27.6z\"\/><\/svg>\n        \n        \n        \n            <\/div>\n    \n\n\n<\/div><div class=\"bde-div-146-143 bde-div\">\n  \n\t\n\n\n\n<h4 class=\"bde-heading-146-144 bde-heading\">\nTel\u00e9fono\n<\/h4><div class=\"bde-text-146-145 bde-text\">\n314 314 1496\n<\/div>\n<\/div>\n<\/div><div class=\"bde-div-146-146 bde-div\">\n  \n\t\n\n\n\n<div class=\"bde-icon-146-147 bde-icon\">\n\n    \n            <div class=\"bde-icon-icon breakdance-icon-atom\" >\n    \n                    <svg xmlns=\"http:\/\/www.w3.org\/2000\/svg\" id=\"icon-location\" viewBox=\"0 0 32 32\">\n<path d=\"M16 0c-5.523 0-10 4.477-10 10 0 10 10 22 10 22s10-12 10-22c0-5.523-4.477-10-10-10zM16 16c-3.314 0-6-2.686-6-6s2.686-6 6-6 6 2.686 6 6-2.686 6-6 6z\"\/>\n<\/svg>\n        \n        \n        \n            <\/div>\n    \n\n\n<\/div><div class=\"bde-div-146-148 bde-div\">\n  \n\t\n\n\n\n<h4 class=\"bde-heading-146-149 bde-heading\">\nDirecci\u00f3n\n<\/h4><div class=\"bde-text-146-150 bde-text\">\nCalle 103 # 34 - 21\n<\/div>\n<\/div>\n<\/div>\n<\/div><\/div>\n<\/div><\/div>\n<\/section><section class=\"bde-section-146-110 bde-section\">\n  \n\t\n\n\n\n<div class=\"section-container\"><div class=\"bde-div-146-115 bde-div\" data-entrance=\"slideUp\">\n  \n\t\n\n\n\n<div class=\"bde-columns-146-151 bde-columns\"><div class=\"bde-column-146-153 bde-column\">\n  \n\t\n\n\n\n<div class=\"bde-shortcode-146-154 bde-shortcode\">\n<iframe src=\"https:\/\/www.google.com\/maps\/embed?pb=!1m18!1m12!1m3!1d3976.474158898761!2d-74.04861772411823!3d4.687354841771256!2m3!1f0!2f0!3f0!3m2!1i1024!2i768!4f13.1!3m3!1m2!1s0x8e3f9abdbfa5b18d%3A0x4e607c0e1c097d1a!2zQ2wuIDEwMyAjIDE0LTM0LCBVc2FxdcOpbiwgQm9nb3TDoSwgRC5DLiwgQm9nb3TDoSwgQm9nb3TDoSwgRC5DLg!5e0!3m2!1ses!2sco!4v1743006105779!5m2!1ses!2sco\" width=\"100%\" height=\"450\" style=\"border:0;\" allowfullscreen=\"\" loading=\"lazy\" referrerpolicy=\"no-referrer-when-downgrade\"><\/iframe>\n<\/div>\n<\/div><\/div>\n<\/div><\/div>\n<\/section>","protected":false},"excerpt":{"rendered":"<p>Cont\u00e1ctanos Inicio Cont\u00e1ctanos Ponte en contacto Enviar mensaje Enviar Email info@nobacom.com Tel\u00e9fono 314 314 1496 Direcci\u00f3n Calle 103 # 34 &#8211; 21<\/p>\n","protected":false},"author":1,"featured_media":0,"parent":0,"menu_order":0,"comment_status":"closed","ping_status":"closed","template":"","meta":{"_breakdance_hide_in_design_set":false,"_breakdance_tags":"","_joinchat":[],"footnotes":""},"class_list":["post-146","page","type-page","status-publish","hentry"],"yoast_head":"<!-- This site is optimized with the Yoast SEO plugin v24.7 - https:\/\/yoast.com\/wordpress\/plugins\/seo\/ -->\n<title>Cont\u00e1ctanos - pwe0057-concierto-de-musica-layoutpack<\/title>\n<meta name=\"robots\" content=\"noindex, follow, max-snippet:-1, max-image-preview:large, max-video-preview:-1\" \/>\n<meta property=\"og:locale\" content=\"es_ES\" \/>\n<meta property=\"og:type\" content=\"article\" \/>\n<meta property=\"og:title\" content=\"Cont\u00e1ctanos - pwe0057-concierto-de-musica-layoutpack\" \/>\n<meta property=\"og:description\" content=\"Cont\u00e1ctanos Inicio Cont\u00e1ctanos Ponte en contacto Enviar mensaje Enviar Email info@nobacom.com Tel\u00e9fono 314 314 1496 Direcci\u00f3n Calle 103 # 34 - 21\" \/>\n<meta property=\"og:url\" content=\"https:\/\/nobacom.net\/pwe0057-concierto-de-musica-layoutpack\/contactanos\/\" \/>\n<meta property=\"og:site_name\" content=\"pwe0057-concierto-de-musica-layoutpack\" \/>\n<meta property=\"article:publisher\" content=\"https:\/\/www.facebook.com\/nobacomdigital\" \/>\n<meta property=\"article:modified_time\" content=\"2025-05-19T21:08:47+00:00\" \/>\n<meta name=\"twitter:card\" content=\"summary_large_image\" \/>\n<script type=\"application\/ld+json\" class=\"yoast-schema-graph\">{\"@context\":\"https:\/\/schema.org\",\"@graph\":[{\"@type\":\"WebPage\",\"@id\":\"https:\/\/nobacom.net\/pwe0057-concierto-de-musica-layoutpack\/contactanos\/\",\"url\":\"https:\/\/nobacom.net\/pwe0057-concierto-de-musica-layoutpack\/contactanos\/\",\"name\":\"Cont\u00e1ctanos - pwe0057-concierto-de-musica-layoutpack\",\"isPartOf\":{\"@id\":\"https:\/\/nobacom.net\/pwe0057-concierto-de-musica-layoutpack\/#website\"},\"datePublished\":\"2024-06-21T11:48:28+00:00\",\"dateModified\":\"2025-05-19T21:08:47+00:00\",\"breadcrumb\":{\"@id\":\"https:\/\/nobacom.net\/pwe0057-concierto-de-musica-layoutpack\/contactanos\/#breadcrumb\"},\"inLanguage\":\"es\",\"potentialAction\":[{\"@type\":\"ReadAction\",\"target\":[\"https:\/\/nobacom.net\/pwe0057-concierto-de-musica-layoutpack\/contactanos\/\"]}]},{\"@type\":\"BreadcrumbList\",\"@id\":\"https:\/\/nobacom.net\/pwe0057-concierto-de-musica-layoutpack\/contactanos\/#breadcrumb\",\"itemListElement\":[{\"@type\":\"ListItem\",\"position\":1,\"name\":\"Portada\",\"item\":\"https:\/\/nobacom.net\/pwe0057-concierto-de-musica-layoutpack\/\"},{\"@type\":\"ListItem\",\"position\":2,\"name\":\"Cont\u00e1ctanos\"}]},{\"@type\":\"WebSite\",\"@id\":\"https:\/\/nobacom.net\/pwe0057-concierto-de-musica-layoutpack\/#website\",\"url\":\"https:\/\/nobacom.net\/pwe0057-concierto-de-musica-layoutpack\/\",\"name\":\"Wordpress Nobacom Base\",\"description\":\"\",\"publisher\":{\"@id\":\"https:\/\/nobacom.net\/pwe0057-concierto-de-musica-layoutpack\/#organization\"},\"potentialAction\":[{\"@type\":\"SearchAction\",\"target\":{\"@type\":\"EntryPoint\",\"urlTemplate\":\"https:\/\/nobacom.net\/pwe0057-concierto-de-musica-layoutpack\/?s={search_term_string}\"},\"query-input\":{\"@type\":\"PropertyValueSpecification\",\"valueRequired\":true,\"valueName\":\"search_term_string\"}}],\"inLanguage\":\"es\"},{\"@type\":\"Organization\",\"@id\":\"https:\/\/nobacom.net\/pwe0057-concierto-de-musica-layoutpack\/#organization\",\"name\":\"Wordpress Nobacom Base\",\"url\":\"https:\/\/nobacom.net\/pwe0057-concierto-de-musica-layoutpack\/\",\"logo\":{\"@type\":\"ImageObject\",\"inLanguage\":\"es\",\"@id\":\"https:\/\/nobacom.net\/pwe0057-concierto-de-musica-layoutpack\/#\/schema\/logo\/image\/\",\"url\":\"https:\/\/nobacom.net\/pwe0057-concierto-de-musica-layoutpack\/wp-content\/uploads\/2024\/12\/Logo-Nobacom-fondo-blanco-negro.png\",\"contentUrl\":\"https:\/\/nobacom.net\/pwe0057-concierto-de-musica-layoutpack\/wp-content\/uploads\/2024\/12\/Logo-Nobacom-fondo-blanco-negro.png\",\"width\":1103,\"height\":835,\"caption\":\"Wordpress Nobacom Base\"},\"image\":{\"@id\":\"https:\/\/nobacom.net\/pwe0057-concierto-de-musica-layoutpack\/#\/schema\/logo\/image\/\"},\"sameAs\":[\"https:\/\/www.facebook.com\/nobacomdigital\"]}]}<\/script>\n<!-- \/ Yoast SEO plugin. -->","yoast_head_json":{"title":"Cont\u00e1ctanos - pwe0057-concierto-de-musica-layoutpack","robots":{"index":"noindex","follow":"follow","max-snippet":"max-snippet:-1","max-image-preview":"max-image-preview:large","max-video-preview":"max-video-preview:-1"},"og_locale":"es_ES","og_type":"article","og_title":"Cont\u00e1ctanos - pwe0057-concierto-de-musica-layoutpack","og_description":"Cont\u00e1ctanos Inicio Cont\u00e1ctanos Ponte en contacto Enviar mensaje Enviar Email info@nobacom.com Tel\u00e9fono 314 314 1496 Direcci\u00f3n Calle 103 # 34 - 21","og_url":"https:\/\/nobacom.net\/pwe0057-concierto-de-musica-layoutpack\/contactanos\/","og_site_name":"pwe0057-concierto-de-musica-layoutpack","article_publisher":"https:\/\/www.facebook.com\/nobacomdigital","article_modified_time":"2025-05-19T21:08:47+00:00","twitter_card":"summary_large_image","schema":{"@context":"https:\/\/schema.org","@graph":[{"@type":"WebPage","@id":"https:\/\/nobacom.net\/pwe0057-concierto-de-musica-layoutpack\/contactanos\/","url":"https:\/\/nobacom.net\/pwe0057-concierto-de-musica-layoutpack\/contactanos\/","name":"Cont\u00e1ctanos - pwe0057-concierto-de-musica-layoutpack","isPartOf":{"@id":"https:\/\/nobacom.net\/pwe0057-concierto-de-musica-layoutpack\/#website"},"datePublished":"2024-06-21T11:48:28+00:00","dateModified":"2025-05-19T21:08:47+00:00","breadcrumb":{"@id":"https:\/\/nobacom.net\/pwe0057-concierto-de-musica-layoutpack\/contactanos\/#breadcrumb"},"inLanguage":"es","potentialAction":[{"@type":"ReadAction","target":["https:\/\/nobacom.net\/pwe0057-concierto-de-musica-layoutpack\/contactanos\/"]}]},{"@type":"BreadcrumbList","@id":"https:\/\/nobacom.net\/pwe0057-concierto-de-musica-layoutpack\/contactanos\/#breadcrumb","itemListElement":[{"@type":"ListItem","position":1,"name":"Portada","item":"https:\/\/nobacom.net\/pwe0057-concierto-de-musica-layoutpack\/"},{"@type":"ListItem","position":2,"name":"Cont\u00e1ctanos"}]},{"@type":"WebSite","@id":"https:\/\/nobacom.net\/pwe0057-concierto-de-musica-layoutpack\/#website","url":"https:\/\/nobacom.net\/pwe0057-concierto-de-musica-layoutpack\/","name":"Wordpress Nobacom Base","description":"","publisher":{"@id":"https:\/\/nobacom.net\/pwe0057-concierto-de-musica-layoutpack\/#organization"},"potentialAction":[{"@type":"SearchAction","target":{"@type":"EntryPoint","urlTemplate":"https:\/\/nobacom.net\/pwe0057-concierto-de-musica-layoutpack\/?s={search_term_string}"},"query-input":{"@type":"PropertyValueSpecification","valueRequired":true,"valueName":"search_term_string"}}],"inLanguage":"es"},{"@type":"Organization","@id":"https:\/\/nobacom.net\/pwe0057-concierto-de-musica-layoutpack\/#organization","name":"Wordpress Nobacom Base","url":"https:\/\/nobacom.net\/pwe0057-concierto-de-musica-layoutpack\/","logo":{"@type":"ImageObject","inLanguage":"es","@id":"https:\/\/nobacom.net\/pwe0057-concierto-de-musica-layoutpack\/#\/schema\/logo\/image\/","url":"https:\/\/nobacom.net\/pwe0057-concierto-de-musica-layoutpack\/wp-content\/uploads\/2024\/12\/Logo-Nobacom-fondo-blanco-negro.png","contentUrl":"https:\/\/nobacom.net\/pwe0057-concierto-de-musica-layoutpack\/wp-content\/uploads\/2024\/12\/Logo-Nobacom-fondo-blanco-negro.png","width":1103,"height":835,"caption":"Wordpress Nobacom Base"},"image":{"@id":"https:\/\/nobacom.net\/pwe0057-concierto-de-musica-layoutpack\/#\/schema\/logo\/image\/"},"sameAs":["https:\/\/www.facebook.com\/nobacomdigital"]}]}},"_links":{"self":[{"href":"https:\/\/nobacom.net\/pwe0057-concierto-de-musica-layoutpack\/wp-json\/wp\/v2\/pages\/146","targetHints":{"allow":["GET"]}}],"collection":[{"href":"https:\/\/nobacom.net\/pwe0057-concierto-de-musica-layoutpack\/wp-json\/wp\/v2\/pages"}],"about":[{"href":"https:\/\/nobacom.net\/pwe0057-concierto-de-musica-layoutpack\/wp-json\/wp\/v2\/types\/page"}],"author":[{"embeddable":true,"href":"https:\/\/nobacom.net\/pwe0057-concierto-de-musica-layoutpack\/wp-json\/wp\/v2\/users\/1"}],"replies":[{"embeddable":true,"href":"https:\/\/nobacom.net\/pwe0057-concierto-de-musica-layoutpack\/wp-json\/wp\/v2\/comments?post=146"}],"version-history":[{"count":5,"href":"https:\/\/nobacom.net\/pwe0057-concierto-de-musica-layoutpack\/wp-json\/wp\/v2\/pages\/146\/revisions"}],"predecessor-version":[{"id":603,"href":"https:\/\/nobacom.net\/pwe0057-concierto-de-musica-layoutpack\/wp-json\/wp\/v2\/pages\/146\/revisions\/603"}],"wp:attachment":[{"href":"https:\/\/nobacom.net\/pwe0057-concierto-de-musica-layoutpack\/wp-json\/wp\/v2\/media?parent=146"}],"curies":[{"name":"wp","href":"https:\/\/api.w.org\/{rel}","templated":true}]}}